{"id":1870,"date":"2014-04-22T08:13:03","date_gmt":"2014-04-22T06:13:03","guid":{"rendered":"https:\/\/eunis.org\/eunis2014\/?page_id=1870"},"modified":"2023-10-05T12:58:42","modified_gmt":"2023-10-05T10:58:42","slug":"travel","status":"publish","type":"page","link":"https:\/\/eunis.org\/eunis2014\/travel\/","title":{"rendered":"Travel"},"content":{"rendered":"\n<div class=\"wp-block-columns is-layout-flex wp-container-core-columns-is-layout-9d6595d7 wp-block-columns-is-layout-flex\">\n<div class=\"wp-block-column is-layout-flow wp-block-column-is-layout-flow\">\n<h3 class=\"wp-block-heading\">Accomodation<\/h3>\n\n\n\n<p>Accomodation&nbsp;is&nbsp;preferably obtained through the registration process.<\/p>\n\n\n\n<h5 class=\"wp-block-heading\">Hotell options<\/h5>\n\n\n\n<p><strong>Hotels&nbsp;Single room \/ night incl VAT&nbsp;Double room \/ person \/ night incl. VAT<\/strong><\/p>\n\n\n\n<ul class=\"wp-block-list\">\n<li>Clarion Collection Hotel Uman&nbsp;SEK1695&nbsp;SEK 950 (Approx. Dubbel \u20ac185\/Singel \u20ac104)<\/li>\n\n\n\n<li>Comfort Hotel Winn&nbsp;SEK 1595&nbsp;SEK 899 (Approx. \u20ac175\/\u20ac99)<\/li>\n\n\n\n<li>Hotell Dragonen&nbsp;SEK 1195&nbsp;SEK 699 (Approx. \u20ac130\/\u20ac77)<\/li>\n\n\n\n<li>Profil Hotel Aveny&nbsp;SEK 1595&nbsp;\u2013 not available (Approx. \u20ac175\/-)<\/li>\n\n\n\n<li>Scandic Hotel Plaza&nbsp;SEK 1395&nbsp;SEK 799 (Approx. \u20ac153\/\u20ac88)<\/li>\n\n\n\n<li>Stora Hotellet&nbsp;SEK 2000&nbsp;SEK 1018 (Approx. \u20ac220\/\u20ac111)<\/li>\n<\/ul>\n\n\n\n<p>All hotells but one are located in the city center. Hotel Bj\u00f6rken is located at the University Hospital, close to the campus. The campus is a 10-15 minute walk from the city center. Local busses are also available.<br>If you wish to book other accommodation we recommend www.visitumea.se<\/p>\n\n\n\n<blockquote class=\"wp-block-quote is-layout-flow wp-block-quote-is-layout-flow\">\n<p>If you have any questions regarding accommodation feel free to contact: Ume\u00e5 Congress AB Phone +46 90 13 00 34 Fax +46 90 13 00 36 E-mail&nbsp;<a href=\"mailto:lotta@umea-congress.se\">lotta@umea-congress.se<\/a><\/p>\n<\/blockquote>\n\n\n<div class=\"wp-block-image\">\n<figure class=\"aligncenter size-full is-resized\"><img decoding=\"async\" src=\"https:\/\/eunis.org\/eunis2014\/wp-content\/uploads\/sites\/2\/2014\/04\/airplane-crop.jpg\" alt=\"\" class=\"wp-image-873\" style=\"width:320px;height:127px\" width=\"320\" height=\"127\" srcset=\"https:\/\/eunis.org\/eunis2014\/wp-content\/uploads\/sites\/2\/2014\/04\/airplane-crop.jpg 480w, https:\/\/eunis.org\/eunis2014\/wp-content\/uploads\/sites\/2\/2014\/04\/airplane-crop-300x118.jpg 300w\" sizes=\"(max-width: 320px) 100vw, 320px\" \/><\/figure>\n<\/div><\/div>\n\n\n\n<div class=\"wp-block-column is-layout-flow wp-block-column-is-layout-flow\">\n<h3 class=\"wp-block-heading\">Traveling information<\/h3>\n\n\n\n<h4 class=\"wp-block-heading\">Getting to Ume\u00e5<\/h4>\n\n\n\n<h5 class=\"wp-block-heading\">By air<\/h5>\n\n\n\n<p>Ume\u00e5 Airport lies 4 km from the city centre. The flight time from Stockholm to Ume\u00e5 is approximately 60 minutes. For more information, visit Ume\u00e5 Airport\u2019s website.<\/p>\n\n\n\n<p>Stockholm has two main airports: Arlanda Airport is Stockholm international airport and lies outside of the city outskirts. Two airlines company offer flights to Ume\u00e5:<\/p>\n\n\n\n<h5 class=\"wp-block-heading\">Norwegian<\/h5>\n\n\n\n<p><a href=\"http:\/\/www.norwegian.se\/\" target=\"_blank\" rel=\"noreferrer noopener\">http:\/\/www.norwegian.se<\/a><\/p>\n\n\n\n<h5 class=\"wp-block-heading\">Scandinavian airlines (SAS)<\/h5>\n\n\n\n<p><a href=\"http:\/\/www.sas.se\/\" target=\"_blank\" rel=\"noreferrer noopener\">http:\/\/www.sas.se<\/a><\/p>\n\n\n\n<p>Bromma Airport is Stockholm\u2019s city airport and is closer to the city centre. Bromma Airport is used mainly for domestic flights, but also for international flights (Belgium and Denmark). One airline company offers flights to Ume\u00e5:<\/p>\n\n\n\n<h5 class=\"wp-block-heading\">Malm\u00f6 Aviation<\/h5>\n\n\n\n<p><a href=\"http:\/\/www.malmoaviation.se\/\" target=\"_blank\" rel=\"noreferrer noopener\">http:\/\/www.malmoaviation.se<\/a><br>Ume\u00e5 Airport is located four kilometres from Ume\u00e5 city. From the airport with the airport bus:<br>The airport coach departs and arrives outside the front of the airport terminal. Airport bus information<\/p>\n\n\n\n<h5 class=\"wp-block-heading\">Taxi<\/h5>\n\n\n\n<ul class=\"wp-block-list\">\n<li>Taxi: Ume\u00e5 Taxi: +46 90-77 00 00<\/li>\n\n\n\n<li>Eco Taxi: +46 90-911 911<\/li>\n\n\n\n<li>Taxi Direkt: +46 90-100 100<\/li>\n\n\n\n<li>Taxi Kurir: +46 90-18 18 18<\/li>\n<\/ul>\n\n\n\n<p>A taxi to the City is approx \u20ac16<\/p>\n\n\n\n<h5 class=\"wp-block-heading\">Visa support letters<\/h5>\n\n\n\n<p>Visa support letters can be made available upon request. Please provide the following details: first name, last name, date of birth, affiliation, nationality, passport number, passport expiry date, address, e-mail and phone number. Please mail us at\u00a0<a href=\"mailto:lotta@umea-congress.com\">lotta@umea-congress.se<\/a>\u00a0with the subject line- \u2018EUNIS2014 Invite request letter\u2019. Don\u2019t forget check your local consulate for visa application forms and about processing time as well as any other requirements to travel to Sweden.<\/p>\n<\/div>\n<\/div>\n","protected":false},"excerpt":{"rendered":"<p>Accomodation Accomodation&nbsp;is&nbsp;preferably obtained through the registration process. Hotell options Hotels&nbsp;Single room \/ night incl VAT&nbsp;Double room \/ person \/ night incl. VAT All hotells but one are located in the city center. Hotel Bj\u00f6rken is located at the University Hospital, close to the campus. The campus is a 10-15 minute walk from the city center. [&hellip;]<\/p>\n","protected":false},"author":233,"featured_media":0,"parent":0,"menu_order":0,"comment_status":"closed","ping_status":"closed","template":"","meta":{"footnotes":""},"class_list":["post-1870","page","type-page","status-publish","hentry"],"_links":{"self":[{"href":"https:\/\/eunis.org\/eunis2014\/wp-json\/wp\/v2\/pages\/1870","targetHints":{"allow":["GET"]}}],"collection":[{"href":"https:\/\/eunis.org\/eunis2014\/wp-json\/wp\/v2\/pages"}],"about":[{"href":"https:\/\/eunis.org\/eunis2014\/wp-json\/wp\/v2\/types\/page"}],"author":[{"embeddable":true,"href":"https:\/\/eunis.org\/eunis2014\/wp-json\/wp\/v2\/users\/233"}],"replies":[{"embeddable":true,"href":"https:\/\/eunis.org\/eunis2014\/wp-json\/wp\/v2\/comments?post=1870"}],"version-history":[{"count":4,"href":"https:\/\/eunis.org\/eunis2014\/wp-json\/wp\/v2\/pages\/1870\/revisions"}],"predecessor-version":[{"id":1875,"href":"https:\/\/eunis.org\/eunis2014\/wp-json\/wp\/v2\/pages\/1870\/revisions\/1875"}],"wp:attachment":[{"href":"https:\/\/eunis.org\/eunis2014\/wp-json\/wp\/v2\/media?parent=1870"}],"curies":[{"name":"wp","href":"https:\/\/api.w.org\/{rel}","templated":true}]}}