{"id":1905,"date":"2023-10-06T07:15:18","date_gmt":"2023-10-06T05:15:18","guid":{"rendered":"https:\/\/eunis.org\/eunis2014\/?page_id=1905"},"modified":"2023-10-09T09:28:19","modified_gmt":"2023-10-09T07:28:19","slug":"pre-conference-activities","status":"publish","type":"page","link":"https:\/\/eunis.org\/eunis2014\/pre-conference-activities\/","title":{"rendered":"Pre-conference activities"},"content":{"rendered":"\n<div class=\"wp-block-columns is-layout-flex wp-container-core-columns-is-layout-9d6595d7 wp-block-columns-is-layout-flex\">\n<div class=\"wp-block-column is-layout-flow wp-block-column-is-layout-flow\"><div class=\"wp-block-image\">\n<figure class=\"aligncenter size-large is-resized\"><img decoding=\"async\" src=\"https:\/\/eunis.org\/eunis2014\/wp-content\/uploads\/sites\/2\/2014\/06\/Cartell_UMEA2-724x1024.jpeg\" alt=\"\" class=\"wp-image-1281\" style=\"height:370px\" height=\"370\" srcset=\"https:\/\/eunis.org\/eunis2014\/wp-content\/uploads\/sites\/2\/2014\/06\/Cartell_UMEA2-724x1024.jpeg 724w, https:\/\/eunis.org\/eunis2014\/wp-content\/uploads\/sites\/2\/2014\/06\/Cartell_UMEA2-106x150.jpeg 106w, https:\/\/eunis.org\/eunis2014\/wp-content\/uploads\/sites\/2\/2014\/06\/Cartell_UMEA2-212x300.jpeg 212w\" sizes=\"(max-width: 724px) 100vw, 724px\" \/><\/figure>\n<\/div>\n\n\n<p>The EWP Workshop is by invitation only. No registration required.<\/p>\n<\/div>\n\n\n\n<div class=\"wp-block-column is-layout-flow wp-block-column-is-layout-flow\"><div class=\"wp-block-image\">\n<figure class=\"aligncenter size-large is-resized\"><img decoding=\"async\" src=\"https:\/\/eunis.org\/eunis2014\/wp-content\/uploads\/sites\/2\/2014\/06\/Cartell_UMEA2-724x1024.jpeg\" alt=\"\" class=\"wp-image-1281\" style=\"height:370px\" height=\"370\" srcset=\"https:\/\/eunis.org\/eunis2014\/wp-content\/uploads\/sites\/2\/2014\/06\/Cartell_UMEA2-724x1024.jpeg 724w, https:\/\/eunis.org\/eunis2014\/wp-content\/uploads\/sites\/2\/2014\/06\/Cartell_UMEA2-106x150.jpeg 106w, https:\/\/eunis.org\/eunis2014\/wp-content\/uploads\/sites\/2\/2014\/06\/Cartell_UMEA2-212x300.jpeg 212w\" sizes=\"(max-width: 724px) 100vw, 724px\" \/><\/figure>\n<\/div>\n\n\n<p>The open RS3G workshop will be held from 15.00 on tuesday. Keep looking for updates on rooms. If you want to join please submit the form below.<\/p>\n<\/div>\n\n\n\n<div class=\"wp-block-column is-layout-flow wp-block-column-is-layout-flow\"><div class=\"wp-block-image\">\n<figure class=\"aligncenter size-full is-resized\"><img fetchpriority=\"high\" decoding=\"async\" src=\"https:\/\/eunis.org\/eunis2014\/wp-content\/uploads\/sites\/2\/2014\/06\/Untitled.jpg\" alt=\"\" class=\"wp-image-1288\" style=\"width:241px;height:370px\" width=\"241\" height=\"370\" srcset=\"https:\/\/eunis.org\/eunis2014\/wp-content\/uploads\/sites\/2\/2014\/06\/Untitled.jpg 636w, https:\/\/eunis.org\/eunis2014\/wp-content\/uploads\/sites\/2\/2014\/06\/Untitled-97x150.jpg 97w, https:\/\/eunis.org\/eunis2014\/wp-content\/uploads\/sites\/2\/2014\/06\/Untitled-195x300.jpg 195w\" sizes=\"(max-width: 241px) 100vw, 241px\" \/><\/figure>\n<\/div>\n\n\n<p>Get the chance to see the city of Ume\u00e5 by foot. Join G\u00f6ran Kero of ITS, Ume\u00e5 University on a jog. Meet up 16.00 at Hotell Winn. If you want to join, submit the form below.<\/p>\n<\/div>\n<\/div>\n\n\n\n<div class=\"wp-block-columns is-layout-flex wp-container-core-columns-is-layout-9d6595d7 wp-block-columns-is-layout-flex\">\n<div class=\"wp-block-column is-layout-flow wp-block-column-is-layout-flow\">\n<figure class=\"wp-block-table\"><table class=\"has-fixed-layout\"><tbody><tr><td>Time<\/td><td>Speaker<\/td><td>Topic<\/td><\/tr><tr><td>9.00<\/td><td>Jose-Luis Poy<\/td><td>RS3G TF, members, goals, digital image,\u2026<\/td><\/tr><tr><td>9.30<\/td><td>Geir M Vangen<\/td><td>WP3 Data Structure<\/td><\/tr><tr><td>10.00<\/td><td>Janina Mincer<\/td><td>WP4 Platform Architecture and Interface<\/td><\/tr><tr><td>10.30<\/td><td>Mikael Berglund<\/td><td>WP5 Connectors Development<\/td><\/tr><tr><td>11.00<\/td><td><\/td><td>Coffee break<\/td><\/tr><tr><td>11.30<\/td><td>All<\/td><td>EWP Technical WPs debate<\/td><\/tr><tr><td>13.30<\/td><td><\/td><td>Lunch break<\/td><\/tr><\/tbody><\/table><\/figure>\n<\/div>\n\n\n\n<div class=\"wp-block-column is-layout-flow wp-block-column-is-layout-flow\">\n<figure class=\"wp-block-table\"><table class=\"has-fixed-layout\"><tbody><tr><td>Time<\/td><td>Speaker<\/td><td>Topic<\/td><\/tr><tr><td>15.00<\/td><td>Valere Meus<\/td><td>EWP Overview, things done so far<\/td><\/tr><tr><td>15:30<\/td><td>Herman de Leeuw<\/td><td>Groningen Declaration update<\/td><\/tr><tr><td>16:00<\/td><td>Rajesh Sinha<\/td><td>An approach to SOA &amp; ESB to integrate systems<\/td><\/tr><tr><td>16:30<\/td><td>All<\/td><td>Q &amp; A<\/td><\/tr><tr><td>17:00<\/td><td>Jose-Luis Poy<\/td><td>Closing remarks<\/td><\/tr><\/tbody><\/table><\/figure>\n<\/div>\n\n\n\n<div class=\"wp-block-column is-layout-flow wp-block-column-is-layout-flow\"><\/div>\n<\/div>\n","protected":false},"excerpt":{"rendered":"<p>The EWP Workshop is by invitation only. No registration required. The open RS3G workshop will be held from 15.00 on tuesday. Keep looking for updates on rooms. If you want to join please submit the form below. Get the chance to see the city of Ume\u00e5 by foot. Join G\u00f6ran Kero of ITS, Ume\u00e5 University [&hellip;]<\/p>\n","protected":false},"author":233,"featured_media":0,"parent":0,"menu_order":0,"comment_status":"closed","ping_status":"closed","template":"","meta":{"footnotes":""},"class_list":["post-1905","page","type-page","status-publish","hentry"],"_links":{"self":[{"href":"https:\/\/eunis.org\/eunis2014\/wp-json\/wp\/v2\/pages\/1905","targetHints":{"allow":["GET"]}}],"collection":[{"href":"https:\/\/eunis.org\/eunis2014\/wp-json\/wp\/v2\/pages"}],"about":[{"href":"https:\/\/eunis.org\/eunis2014\/wp-json\/wp\/v2\/types\/page"}],"author":[{"embeddable":true,"href":"https:\/\/eunis.org\/eunis2014\/wp-json\/wp\/v2\/users\/233"}],"replies":[{"embeddable":true,"href":"https:\/\/eunis.org\/eunis2014\/wp-json\/wp\/v2\/comments?post=1905"}],"version-history":[{"count":3,"href":"https:\/\/eunis.org\/eunis2014\/wp-json\/wp\/v2\/pages\/1905\/revisions"}],"predecessor-version":[{"id":2094,"href":"https:\/\/eunis.org\/eunis2014\/wp-json\/wp\/v2\/pages\/1905\/revisions\/2094"}],"wp:attachment":[{"href":"https:\/\/eunis.org\/eunis2014\/wp-json\/wp\/v2\/media?parent=1905"}],"curies":[{"name":"wp","href":"https:\/\/api.w.org\/{rel}","templated":true}]}}