{"id":1967,"date":"2023-10-06T08:36:11","date_gmt":"2023-10-06T06:36:11","guid":{"rendered":"https:\/\/eunis.org\/eunis2014\/?page_id=1967"},"modified":"2023-10-06T08:41:04","modified_gmt":"2023-10-06T06:41:04","slug":"program-pre-conference","status":"publish","type":"page","link":"https:\/\/eunis.org\/eunis2014\/program-overview\/program-pre-conference\/","title":{"rendered":"Programme \u2013 Pre-conference"},"content":{"rendered":"\n<div class=\"wp-block-columns is-layout-flex wp-container-core-columns-is-layout-9d6595d7 wp-block-columns-is-layout-flex\">\n<div class=\"wp-block-column is-layout-flow wp-block-column-is-layout-flow\">\n<p><strong>12.00<\/strong><\/p>\n<\/div>\n\n\n\n<div class=\"wp-block-column is-layout-flow wp-block-column-is-layout-flow\"><\/div>\n\n\n\n<div class=\"wp-block-column is-layout-flow wp-block-column-is-layout-flow\"><\/div>\n<\/div>\n\n\n\n<div class=\"wp-block-columns is-layout-flex wp-container-core-columns-is-layout-9d6595d7 wp-block-columns-is-layout-flex\">\n<div class=\"wp-block-column is-layout-flow wp-block-column-is-layout-flow\">\n<p><strong><strong>12.00 \u2013 17.00<\/strong><\/strong><\/p>\n<\/div>\n\n\n\n<div class=\"wp-block-column is-layout-flow wp-block-column-is-layout-flow\">\n<h2 class=\"wp-block-heading\">Workshops<\/h2>\n\n\n\n<h3 class=\"wp-block-heading\">Interoperability (RS3G)<\/h3>\n\n\n\n<p><em>Location:&nbsp;MC323<\/em><\/p>\n\n\n\n<p><a href=\"http:\/\/www.eunis.org\/eunis2014\/pre-conference-activities\/\">Read more and register to the event<\/a><\/p>\n<\/div>\n\n\n\n<div class=\"wp-block-column is-layout-flow wp-block-column-is-layout-flow\">\n<div style=\"height:25px\" aria-hidden=\"true\" class=\"wp-block-spacer\"><\/div>\n\n\n\n<h3 class=\"wp-block-heading\"><em>Cancelled<\/em>: Tutorial \u2013 BI<\/h3>\n<\/div>\n<\/div>\n\n\n\n<div class=\"wp-block-columns is-layout-flex wp-container-core-columns-is-layout-9d6595d7 wp-block-columns-is-layout-flex\">\n<div class=\"wp-block-column is-layout-flow wp-block-column-is-layout-flow\">\n<p><strong>12.00 \u2013 17.00<\/strong><\/p>\n<\/div>\n\n\n\n<div class=\"wp-block-column is-layout-flow wp-block-column-is-layout-flow\">\n<h2 class=\"wp-block-heading\">Boardmeeting<\/h2>\n\n\n\n<p><strong>This meeting is by invitation only<\/strong>\u00a0<em>Location: Swedish University of Agriculture, Ume\u00e5<\/em><\/p>\n<\/div>\n\n\n\n<div class=\"wp-block-column is-layout-flow wp-block-column-is-layout-flow\"><\/div>\n<\/div>\n\n\n\n<div class=\"wp-block-columns is-layout-flex wp-container-core-columns-is-layout-9d6595d7 wp-block-columns-is-layout-flex\">\n<div class=\"wp-block-column is-layout-flow wp-block-column-is-layout-flow\">\n<p><strong>16.00 \u2013 18.00<\/strong><\/p>\n<\/div>\n\n\n\n<div class=\"wp-block-column is-layout-flow wp-block-column-is-layout-flow\">\n<h2 class=\"wp-block-heading\">Ume\u00e5 City Run with\u00a0G\u00f6ran Kero<\/h2>\n\n\n\n<p>Get to know the city by running down the streets of Ume\u00e5 together with G\u00f6ran Kero from ITS @ Ume\u00e5 University.&nbsp;<em>Meet up at Hotell Winn, downtown Ume\u00e5<\/em><\/p>\n\n\n\n<p><a href=\"http:\/\/www.eunis.org\/eunis2014\/pre-conference-activities\/\">Read more and register to the event<\/a><\/p>\n<\/div>\n\n\n\n<div class=\"wp-block-column is-layout-flow wp-block-column-is-layout-flow\"><\/div>\n<\/div>\n\n\n\n<div class=\"wp-block-columns is-layout-flex wp-container-core-columns-is-layout-9d6595d7 wp-block-columns-is-layout-flex\">\n<div class=\"wp-block-column is-layout-flow wp-block-column-is-layout-flow\">\n<p><strong>19.00<\/strong><\/p>\n<\/div>\n\n\n\n<div class=\"wp-block-column is-layout-flow wp-block-column-is-layout-flow\">\n<h2 class=\"wp-block-heading\">Registration opens<\/h2>\n\n\n\n<p><em>Guitars<\/em><\/p>\n\n\n\n<h2 class=\"wp-block-heading\">Warming up to EUNIS2014 at Guitars the Museeum<\/h2>\n\n\n\n<figure class=\"wp-block-image size-large\"><img fetchpriority=\"high\" decoding=\"async\" width=\"1024\" height=\"590\" src=\"https:\/\/eunis.org\/eunis2014\/wp-content\/uploads\/sites\/2\/2014\/04\/guitars-1024x590.jpg\" alt=\"\" class=\"wp-image-1337\" srcset=\"https:\/\/eunis.org\/eunis2014\/wp-content\/uploads\/sites\/2\/2014\/04\/guitars-1024x590.jpg 1024w, https:\/\/eunis.org\/eunis2014\/wp-content\/uploads\/sites\/2\/2014\/04\/guitars-150x86.jpg 150w, https:\/\/eunis.org\/eunis2014\/wp-content\/uploads\/sites\/2\/2014\/04\/guitars-300x172.jpg 300w\" sizes=\"(max-width: 1024px) 100vw, 1024px\" \/><\/figure>\n\n\n\n<p><a rel=\"noreferrer noopener\" href=\"http:\/\/www.guitarsthemuseum.com\/static\/sv\/77\/\" target=\"_blank\">More information about the museeum<\/a><\/p>\n<\/div>\n\n\n\n<div class=\"wp-block-column is-layout-flow wp-block-column-is-layout-flow\"><\/div>\n<\/div>\n\n\n\n<iframe src=\"https:\/\/www.google.com\/maps\/embed?pb=!1m14!1m8!1m3!1d2132.070149418635!2d11.965871!3d57.69827800000001!3m2!1i1024!2i768!4f13.1!3m3!1m2!1s0x464ff36e88a86d87%3A0xba48e993bd45fa4d!2zVmFzYWdhdGFuIDE4LCA0MTEgMjQgR8O2dGVib3JnLCDOo86_z4XOt860zq_OsQ!5e0!3m2!1sel!2sus!4v1696574447768!5m2!1sel!2sus\" width=\"600\" height=\"450\" style=\"border:0;\" allowfullscreen=\"\" loading=\"lazy\" referrerpolicy=\"no-referrer-when-downgrade\"><\/iframe>\n","protected":false},"excerpt":{"rendered":"<p>12.00 12.00 \u2013 17.00 Workshops Interoperability (RS3G) Location:&nbsp;MC323 Read more and register to the event Cancelled: Tutorial \u2013 BI 12.00 \u2013 17.00 Boardmeeting This meeting is by invitation only\u00a0Location: Swedish University of Agriculture, Ume\u00e5 16.00 \u2013 18.00 Ume\u00e5 City Run with\u00a0G\u00f6ran Kero Get to know the city by running down the streets of Ume\u00e5 together [&hellip;]<\/p>\n","protected":false},"author":233,"featured_media":0,"parent":1910,"menu_order":0,"comment_status":"closed","ping_status":"closed","template":"","meta":{"footnotes":""},"class_list":["post-1967","page","type-page","status-publish","hentry"],"_links":{"self":[{"href":"https:\/\/eunis.org\/eunis2014\/wp-json\/wp\/v2\/pages\/1967","targetHints":{"allow":["GET"]}}],"collection":[{"href":"https:\/\/eunis.org\/eunis2014\/wp-json\/wp\/v2\/pages"}],"about":[{"href":"https:\/\/eunis.org\/eunis2014\/wp-json\/wp\/v2\/types\/page"}],"author":[{"embeddable":true,"href":"https:\/\/eunis.org\/eunis2014\/wp-json\/wp\/v2\/users\/233"}],"replies":[{"embeddable":true,"href":"https:\/\/eunis.org\/eunis2014\/wp-json\/wp\/v2\/comments?post=1967"}],"version-history":[{"count":3,"href":"https:\/\/eunis.org\/eunis2014\/wp-json\/wp\/v2\/pages\/1967\/revisions"}],"predecessor-version":[{"id":1972,"href":"https:\/\/eunis.org\/eunis2014\/wp-json\/wp\/v2\/pages\/1967\/revisions\/1972"}],"up":[{"embeddable":true,"href":"https:\/\/eunis.org\/eunis2014\/wp-json\/wp\/v2\/pages\/1910"}],"wp:attachment":[{"href":"https:\/\/eunis.org\/eunis2014\/wp-json\/wp\/v2\/media?parent=1967"}],"curies":[{"name":"wp","href":"https:\/\/api.w.org\/{rel}","templated":true}]}}