{"id":1746,"date":"2023-10-05T11:56:16","date_gmt":"2023-10-05T11:56:16","guid":{"rendered":"https:\/\/eunis.org\/eunis2017\/?page_id=1746"},"modified":"2023-10-05T11:59:48","modified_gmt":"2023-10-05T11:59:48","slug":"venue","status":"publish","type":"page","link":"https:\/\/eunis.org\/eunis2017\/venue\/","title":{"rendered":"Congress Venue"},"content":{"rendered":"\t\t<div data-elementor-type=\"wp-page\" data-elementor-id=\"1746\" class=\"elementor elementor-1746\">\n\t\t\t\t<div class=\"elementor-element elementor-element-4d403d7 e-flex e-con-boxed e-con e-parent\" data-id=\"4d403d7\" data-element_type=\"container\" data-e-type=\"container\">\n\t\t\t\t\t<div class=\"e-con-inner\">\n\t\t\t\t<div class=\"elementor-element elementor-element-6b5378e elementor-widget elementor-widget-text-editor\" data-id=\"6b5378e\" data-element_type=\"widget\" data-e-type=\"widget\" data-widget_type=\"text-editor.default\">\n\t\t\t\t<div class=\"elementor-widget-container\">\n\t\t\t\t\t\t\t\t\t<h3>Vom-Stein-Haus &amp; H\u00f6rsaalgeb\u00e4ude Schlossplatz<\/h3><p>EUNIS 2017 takes place in the &#8220;Vom-Stein-Haus&#8221; and the &#8220;H\u00f6rsaalgeb\u00e4ude Schlossplatz&#8221; (&#8220;H-Building&#8221;) &#8211; two buildings in immediate vicinity which are located in the historic city center, vis-a-vis the City Palace. The Vom-Stein-Haus serves as a home for the Department of German Philology and offers not only several seminar rooms perfect for smaller sessions, but also a large auditorium which lends itself for exhibitors and catering. With four major auditoria accomodating up to 1,238 people in total, the H\u00f6rsaalgeb\u00e4ude Schlossplatz is the WWU&#8217;s most important lecture building. Mainly used by the School of Business and Economics, it is also a popular venue for keynote speeches and concerts.<\/p>\t\t\t\t\t\t\t\t<\/div>\n\t\t\t\t<\/div>\n\t\t\t\t\t<\/div>\n\t\t\t\t<\/div>\n\t\t<div class=\"elementor-element elementor-element-8be5f16 e-flex e-con-boxed e-con e-parent\" data-id=\"8be5f16\" data-element_type=\"container\" data-e-type=\"container\">\n\t\t\t\t\t<div class=\"e-con-inner\">\n\t\t<div class=\"elementor-element elementor-element-1b4225f e-con-full e-flex e-con e-child\" data-id=\"1b4225f\" data-element_type=\"container\" data-e-type=\"container\">\n\t\t\t\t<div class=\"elementor-element elementor-element-e654ce9 elementor-widget elementor-widget-image\" data-id=\"e654ce9\" data-element_type=\"widget\" data-e-type=\"widget\" data-widget_type=\"image.default\">\n\t\t\t\t<div class=\"elementor-widget-container\">\n\t\t\t\t\t\t\t\t\t\t\t\t\t\t\t<img fetchpriority=\"high\" decoding=\"async\" width=\"640\" height=\"640\" src=\"https:\/\/eunis.org\/eunis2017\/wp-content\/uploads\/sites\/10\/2015\/05\/01-map_overview.png\" class=\"attachment-large size-large wp-image-1385\" alt=\"\" srcset=\"https:\/\/eunis.org\/eunis2017\/wp-content\/uploads\/sites\/10\/2015\/05\/01-map_overview.png 1001w, https:\/\/eunis.org\/eunis2017\/wp-content\/uploads\/sites\/10\/2015\/05\/01-map_overview-150x150.png 150w, https:\/\/eunis.org\/eunis2017\/wp-content\/uploads\/sites\/10\/2015\/05\/01-map_overview-300x300.png 300w, https:\/\/eunis.org\/eunis2017\/wp-content\/uploads\/sites\/10\/2015\/05\/01-map_overview-768x768.png 768w, https:\/\/eunis.org\/eunis2017\/wp-content\/uploads\/sites\/10\/2015\/05\/01-map_overview-212x212.png 212w, https:\/\/eunis.org\/eunis2017\/wp-content\/uploads\/sites\/10\/2015\/05\/01-map_overview-245x245.png 245w, https:\/\/eunis.org\/eunis2017\/wp-content\/uploads\/sites\/10\/2015\/05\/01-map_overview-236x236.png 236w, https:\/\/eunis.org\/eunis2017\/wp-content\/uploads\/sites\/10\/2015\/05\/01-map_overview-188x188.png 188w, https:\/\/eunis.org\/eunis2017\/wp-content\/uploads\/sites\/10\/2015\/05\/01-map_overview-428x428.png 428w, https:\/\/eunis.org\/eunis2017\/wp-content\/uploads\/sites\/10\/2015\/05\/01-map_overview-389x389.png 389w\" sizes=\"(max-width: 640px) 100vw, 640px\" \/>\t\t\t\t\t\t\t\t\t\t\t\t\t\t\t<\/div>\n\t\t\t\t<\/div>\n\t\t\t\t<div class=\"elementor-element elementor-element-4e7c653 elementor-widget elementor-widget-image\" data-id=\"4e7c653\" data-element_type=\"widget\" data-e-type=\"widget\" data-widget_type=\"image.default\">\n\t\t\t\t<div class=\"elementor-widget-container\">\n\t\t\t\t\t\t\t\t\t\t\t\t\t\t\t<img decoding=\"async\" width=\"640\" height=\"640\" src=\"https:\/\/eunis.org\/eunis2017\/wp-content\/uploads\/sites\/10\/2015\/05\/02-map_vsh0.png\" class=\"attachment-large size-large wp-image-1387\" alt=\"\" srcset=\"https:\/\/eunis.org\/eunis2017\/wp-content\/uploads\/sites\/10\/2015\/05\/02-map_vsh0.png 1001w, https:\/\/eunis.org\/eunis2017\/wp-content\/uploads\/sites\/10\/2015\/05\/02-map_vsh0-150x150.png 150w, https:\/\/eunis.org\/eunis2017\/wp-content\/uploads\/sites\/10\/2015\/05\/02-map_vsh0-300x300.png 300w, https:\/\/eunis.org\/eunis2017\/wp-content\/uploads\/sites\/10\/2015\/05\/02-map_vsh0-768x768.png 768w, https:\/\/eunis.org\/eunis2017\/wp-content\/uploads\/sites\/10\/2015\/05\/02-map_vsh0-212x212.png 212w, https:\/\/eunis.org\/eunis2017\/wp-content\/uploads\/sites\/10\/2015\/05\/02-map_vsh0-245x245.png 245w, https:\/\/eunis.org\/eunis2017\/wp-content\/uploads\/sites\/10\/2015\/05\/02-map_vsh0-236x236.png 236w, https:\/\/eunis.org\/eunis2017\/wp-content\/uploads\/sites\/10\/2015\/05\/02-map_vsh0-188x188.png 188w, https:\/\/eunis.org\/eunis2017\/wp-content\/uploads\/sites\/10\/2015\/05\/02-map_vsh0-428x428.png 428w, https:\/\/eunis.org\/eunis2017\/wp-content\/uploads\/sites\/10\/2015\/05\/02-map_vsh0-389x389.png 389w\" sizes=\"(max-width: 640px) 100vw, 640px\" \/>\t\t\t\t\t\t\t\t\t\t\t\t\t\t\t<\/div>\n\t\t\t\t<\/div>\n\t\t\t\t<div class=\"elementor-element elementor-element-b048d64 elementor-widget elementor-widget-image\" data-id=\"b048d64\" data-element_type=\"widget\" data-e-type=\"widget\" data-widget_type=\"image.default\">\n\t\t\t\t<div class=\"elementor-widget-container\">\n\t\t\t\t\t\t\t\t\t\t\t\t\t\t\t<img decoding=\"async\" width=\"640\" height=\"640\" src=\"https:\/\/eunis.org\/eunis2017\/wp-content\/uploads\/sites\/10\/2015\/05\/04-map_vsh2.png\" class=\"attachment-large size-large wp-image-1389\" alt=\"\" srcset=\"https:\/\/eunis.org\/eunis2017\/wp-content\/uploads\/sites\/10\/2015\/05\/04-map_vsh2.png 1001w, https:\/\/eunis.org\/eunis2017\/wp-content\/uploads\/sites\/10\/2015\/05\/04-map_vsh2-150x150.png 150w, https:\/\/eunis.org\/eunis2017\/wp-content\/uploads\/sites\/10\/2015\/05\/04-map_vsh2-300x300.png 300w, https:\/\/eunis.org\/eunis2017\/wp-content\/uploads\/sites\/10\/2015\/05\/04-map_vsh2-768x768.png 768w, https:\/\/eunis.org\/eunis2017\/wp-content\/uploads\/sites\/10\/2015\/05\/04-map_vsh2-212x212.png 212w, https:\/\/eunis.org\/eunis2017\/wp-content\/uploads\/sites\/10\/2015\/05\/04-map_vsh2-245x245.png 245w, https:\/\/eunis.org\/eunis2017\/wp-content\/uploads\/sites\/10\/2015\/05\/04-map_vsh2-236x236.png 236w, https:\/\/eunis.org\/eunis2017\/wp-content\/uploads\/sites\/10\/2015\/05\/04-map_vsh2-188x188.png 188w, https:\/\/eunis.org\/eunis2017\/wp-content\/uploads\/sites\/10\/2015\/05\/04-map_vsh2-428x428.png 428w, https:\/\/eunis.org\/eunis2017\/wp-content\/uploads\/sites\/10\/2015\/05\/04-map_vsh2-389x389.png 389w\" sizes=\"(max-width: 640px) 100vw, 640px\" \/>\t\t\t\t\t\t\t\t\t\t\t\t\t\t\t<\/div>\n\t\t\t\t<\/div>\n\t\t\t\t<\/div>\n\t\t<div class=\"elementor-element elementor-element-5f071f9 e-con-full e-flex e-con e-child\" data-id=\"5f071f9\" data-element_type=\"container\" data-e-type=\"container\">\n\t\t\t\t<div class=\"elementor-element elementor-element-cd6ad59 elementor-widget elementor-widget-image\" data-id=\"cd6ad59\" data-element_type=\"widget\" data-e-type=\"widget\" data-widget_type=\"image.default\">\n\t\t\t\t<div class=\"elementor-widget-container\">\n\t\t\t\t\t\t\t\t\t\t\t\t\t\t\t<img loading=\"lazy\" decoding=\"async\" width=\"640\" height=\"640\" src=\"https:\/\/eunis.org\/eunis2017\/wp-content\/uploads\/sites\/10\/2015\/05\/02-map_basement.png\" class=\"attachment-large size-large wp-image-1386\" alt=\"\" srcset=\"https:\/\/eunis.org\/eunis2017\/wp-content\/uploads\/sites\/10\/2015\/05\/02-map_basement.png 1001w, https:\/\/eunis.org\/eunis2017\/wp-content\/uploads\/sites\/10\/2015\/05\/02-map_basement-150x150.png 150w, https:\/\/eunis.org\/eunis2017\/wp-content\/uploads\/sites\/10\/2015\/05\/02-map_basement-300x300.png 300w, https:\/\/eunis.org\/eunis2017\/wp-content\/uploads\/sites\/10\/2015\/05\/02-map_basement-768x768.png 768w, https:\/\/eunis.org\/eunis2017\/wp-content\/uploads\/sites\/10\/2015\/05\/02-map_basement-212x212.png 212w, https:\/\/eunis.org\/eunis2017\/wp-content\/uploads\/sites\/10\/2015\/05\/02-map_basement-245x245.png 245w, https:\/\/eunis.org\/eunis2017\/wp-content\/uploads\/sites\/10\/2015\/05\/02-map_basement-236x236.png 236w, https:\/\/eunis.org\/eunis2017\/wp-content\/uploads\/sites\/10\/2015\/05\/02-map_basement-188x188.png 188w, https:\/\/eunis.org\/eunis2017\/wp-content\/uploads\/sites\/10\/2015\/05\/02-map_basement-428x428.png 428w, https:\/\/eunis.org\/eunis2017\/wp-content\/uploads\/sites\/10\/2015\/05\/02-map_basement-389x389.png 389w\" sizes=\"(max-width: 640px) 100vw, 640px\" \/>\t\t\t\t\t\t\t\t\t\t\t\t\t\t\t<\/div>\n\t\t\t\t<\/div>\n\t\t\t\t<div class=\"elementor-element elementor-element-faef475 elementor-widget elementor-widget-image\" data-id=\"faef475\" data-element_type=\"widget\" data-e-type=\"widget\" data-widget_type=\"image.default\">\n\t\t\t\t<div class=\"elementor-widget-container\">\n\t\t\t\t\t\t\t\t\t\t\t\t\t\t\t<img loading=\"lazy\" decoding=\"async\" width=\"640\" height=\"640\" src=\"https:\/\/eunis.org\/eunis2017\/wp-content\/uploads\/sites\/10\/2015\/05\/03-map_vsh1.png\" class=\"attachment-large size-large wp-image-1388\" alt=\"\" srcset=\"https:\/\/eunis.org\/eunis2017\/wp-content\/uploads\/sites\/10\/2015\/05\/03-map_vsh1.png 1001w, https:\/\/eunis.org\/eunis2017\/wp-content\/uploads\/sites\/10\/2015\/05\/03-map_vsh1-150x150.png 150w, https:\/\/eunis.org\/eunis2017\/wp-content\/uploads\/sites\/10\/2015\/05\/03-map_vsh1-300x300.png 300w, https:\/\/eunis.org\/eunis2017\/wp-content\/uploads\/sites\/10\/2015\/05\/03-map_vsh1-768x768.png 768w, https:\/\/eunis.org\/eunis2017\/wp-content\/uploads\/sites\/10\/2015\/05\/03-map_vsh1-212x212.png 212w, https:\/\/eunis.org\/eunis2017\/wp-content\/uploads\/sites\/10\/2015\/05\/03-map_vsh1-245x245.png 245w, https:\/\/eunis.org\/eunis2017\/wp-content\/uploads\/sites\/10\/2015\/05\/03-map_vsh1-236x236.png 236w, https:\/\/eunis.org\/eunis2017\/wp-content\/uploads\/sites\/10\/2015\/05\/03-map_vsh1-188x188.png 188w, https:\/\/eunis.org\/eunis2017\/wp-content\/uploads\/sites\/10\/2015\/05\/03-map_vsh1-428x428.png 428w, https:\/\/eunis.org\/eunis2017\/wp-content\/uploads\/sites\/10\/2015\/05\/03-map_vsh1-389x389.png 389w\" sizes=\"(max-width: 640px) 100vw, 640px\" \/>\t\t\t\t\t\t\t\t\t\t\t\t\t\t\t<\/div>\n\t\t\t\t<\/div>\n\t\t\t\t<div class=\"elementor-element elementor-element-b881db2 elementor-widget elementor-widget-image\" data-id=\"b881db2\" data-element_type=\"widget\" data-e-type=\"widget\" data-widget_type=\"image.default\">\n\t\t\t\t<div class=\"elementor-widget-container\">\n\t\t\t\t\t\t\t\t\t\t\t\t\t\t\t<img loading=\"lazy\" decoding=\"async\" width=\"640\" height=\"640\" src=\"https:\/\/eunis.org\/eunis2017\/wp-content\/uploads\/sites\/10\/2015\/05\/05-map_exhibition.png\" class=\"attachment-large size-large wp-image-1390\" alt=\"\" srcset=\"https:\/\/eunis.org\/eunis2017\/wp-content\/uploads\/sites\/10\/2015\/05\/05-map_exhibition.png 1001w, https:\/\/eunis.org\/eunis2017\/wp-content\/uploads\/sites\/10\/2015\/05\/05-map_exhibition-150x150.png 150w, https:\/\/eunis.org\/eunis2017\/wp-content\/uploads\/sites\/10\/2015\/05\/05-map_exhibition-300x300.png 300w, https:\/\/eunis.org\/eunis2017\/wp-content\/uploads\/sites\/10\/2015\/05\/05-map_exhibition-768x768.png 768w, https:\/\/eunis.org\/eunis2017\/wp-content\/uploads\/sites\/10\/2015\/05\/05-map_exhibition-212x212.png 212w, https:\/\/eunis.org\/eunis2017\/wp-content\/uploads\/sites\/10\/2015\/05\/05-map_exhibition-245x245.png 245w, https:\/\/eunis.org\/eunis2017\/wp-content\/uploads\/sites\/10\/2015\/05\/05-map_exhibition-236x236.png 236w, https:\/\/eunis.org\/eunis2017\/wp-content\/uploads\/sites\/10\/2015\/05\/05-map_exhibition-188x188.png 188w, https:\/\/eunis.org\/eunis2017\/wp-content\/uploads\/sites\/10\/2015\/05\/05-map_exhibition-428x428.png 428w, https:\/\/eunis.org\/eunis2017\/wp-content\/uploads\/sites\/10\/2015\/05\/05-map_exhibition-389x389.png 389w\" sizes=\"(max-width: 640px) 100vw, 640px\" \/>\t\t\t\t\t\t\t\t\t\t\t\t\t\t\t<\/div>\n\t\t\t\t<\/div>\n\t\t\t\t<\/div>\n\t\t\t\t\t<\/div>\n\t\t\t\t<\/div>\n\t\t\t\t<\/div>\n\t\t","protected":false},"excerpt":{"rendered":"<p>Vom-Stein-Haus &amp; H\u00f6rsaalgeb\u00e4ude Schlossplatz EUNIS 2017 takes place in the &#8220;Vom-Stein-Haus&#8221; and the &#8220;H\u00f6rsaalgeb\u00e4ude Schlossplatz&#8221; (&#8220;H-Building&#8221;) &#8211; two buildings in immediate vicinity which are located in the historic city center, vis-a-vis the City Palace. The Vom-Stein-Haus serves as a home for the Department of German Philology and offers not only several seminar rooms perfect for [&hellip;]<\/p>\n","protected":false},"author":233,"featured_media":0,"parent":0,"menu_order":0,"comment_status":"closed","ping_status":"closed","template":"","meta":{"footnotes":""},"class_list":["post-1746","page","type-page","status-publish","hentry"],"_links":{"self":[{"href":"https:\/\/eunis.org\/eunis2017\/wp-json\/wp\/v2\/pages\/1746","targetHints":{"allow":["GET"]}}],"collection":[{"href":"https:\/\/eunis.org\/eunis2017\/wp-json\/wp\/v2\/pages"}],"about":[{"href":"https:\/\/eunis.org\/eunis2017\/wp-json\/wp\/v2\/types\/page"}],"author":[{"embeddable":true,"href":"https:\/\/eunis.org\/eunis2017\/wp-json\/wp\/v2\/users\/233"}],"replies":[{"embeddable":true,"href":"https:\/\/eunis.org\/eunis2017\/wp-json\/wp\/v2\/comments?post=1746"}],"version-history":[{"count":4,"href":"https:\/\/eunis.org\/eunis2017\/wp-json\/wp\/v2\/pages\/1746\/revisions"}],"predecessor-version":[{"id":1750,"href":"https:\/\/eunis.org\/eunis2017\/wp-json\/wp\/v2\/pages\/1746\/revisions\/1750"}],"wp:attachment":[{"href":"https:\/\/eunis.org\/eunis2017\/wp-json\/wp\/v2\/media?parent=1746"}],"curies":[{"name":"wp","href":"https:\/\/api.w.org\/{rel}","templated":true}]}}