{"id":1785,"date":"2023-10-05T12:35:48","date_gmt":"2023-10-05T12:35:48","guid":{"rendered":"https:\/\/eunis.org\/eunis2017\/?page_id=1785"},"modified":"2023-10-05T12:41:46","modified_gmt":"2023-10-05T12:41:46","slug":"sightseeing","status":"publish","type":"page","link":"https:\/\/eunis.org\/eunis2017\/sightseeing\/","title":{"rendered":"Sightseeing"},"content":{"rendered":"\t\t<div data-elementor-type=\"wp-page\" data-elementor-id=\"1785\" class=\"elementor elementor-1785\">\n\t\t\t\t<div class=\"elementor-element elementor-element-b0c1965 e-flex e-con-boxed e-con e-parent\" data-id=\"b0c1965\" data-element_type=\"container\" data-e-type=\"container\">\n\t\t\t\t\t<div class=\"e-con-inner\">\n\t\t<div class=\"elementor-element elementor-element-900711e e-con-full e-flex e-con e-child\" data-id=\"900711e\" data-element_type=\"container\" data-e-type=\"container\">\n\t\t\t\t<div class=\"elementor-element elementor-element-d0d99ec elementor-widget elementor-widget-image\" data-id=\"d0d99ec\" data-element_type=\"widget\" data-e-type=\"widget\" data-widget_type=\"image.default\">\n\t\t\t\t<div class=\"elementor-widget-container\">\n\t\t\t\t\t\t\t\t\t\t\t\t<figure class=\"wp-caption\">\n\t\t\t\t\t\t\t\t\t\t<img fetchpriority=\"high\" decoding=\"async\" width=\"640\" height=\"427\" src=\"https:\/\/eunis.org\/eunis2017\/wp-content\/uploads\/sites\/10\/2016\/03\/prinzipalmarkt03-1-1024x683.jpg\" class=\"attachment-large size-large wp-image-411\" alt=\"\" srcset=\"https:\/\/eunis.org\/eunis2017\/wp-content\/uploads\/sites\/10\/2016\/03\/prinzipalmarkt03-1-1024x683.jpg 1024w, https:\/\/eunis.org\/eunis2017\/wp-content\/uploads\/sites\/10\/2016\/03\/prinzipalmarkt03-1-300x200.jpg 300w, https:\/\/eunis.org\/eunis2017\/wp-content\/uploads\/sites\/10\/2016\/03\/prinzipalmarkt03-1-212x141.jpg 212w, https:\/\/eunis.org\/eunis2017\/wp-content\/uploads\/sites\/10\/2016\/03\/prinzipalmarkt03-1-368x245.jpg 368w, https:\/\/eunis.org\/eunis2017\/wp-content\/uploads\/sites\/10\/2016\/03\/prinzipalmarkt03-1-355x236.jpg 355w, https:\/\/eunis.org\/eunis2017\/wp-content\/uploads\/sites\/10\/2016\/03\/prinzipalmarkt03-1-282x188.jpg 282w, https:\/\/eunis.org\/eunis2017\/wp-content\/uploads\/sites\/10\/2016\/03\/prinzipalmarkt03-1-642x428.jpg 642w, https:\/\/eunis.org\/eunis2017\/wp-content\/uploads\/sites\/10\/2016\/03\/prinzipalmarkt03-1-584x389.jpg 584w, https:\/\/eunis.org\/eunis2017\/wp-content\/uploads\/sites\/10\/2016\/03\/prinzipalmarkt03-1.jpg 1200w\" sizes=\"(max-width: 640px) 100vw, 640px\" \/>\t\t\t\t\t\t\t\t\t\t\t<figcaption class=\"widget-image-caption wp-caption-text\">\u00a9 Presseamt M\u00fcnster\/Tilman Ro\u00dfm\u00f6ller<\/figcaption>\n\t\t\t\t\t\t\t\t\t\t<\/figure>\n\t\t\t\t\t\t\t\t\t<\/div>\n\t\t\t\t<\/div>\n\t\t\t\t<div class=\"elementor-element elementor-element-9a2fafa elementor-widget elementor-widget-text-editor\" data-id=\"9a2fafa\" data-element_type=\"widget\" data-e-type=\"widget\" data-widget_type=\"text-editor.default\">\n\t\t\t\t<div class=\"elementor-widget-container\">\n\t\t\t\t\t\t\t\t\t<h2><strong>Prinzipalmarkt<\/strong><\/h2><p>M\u00fcnster\u2019s main shopping street is famous for its gabled houses and arcades \u2013 relicts of the city\u2019s medieval history. In the gothic town hall the Peace of Westphalia was signed, ending the Thirty Year\u2019s War in 1648.<\/p>\t\t\t\t\t\t\t\t<\/div>\n\t\t\t\t<\/div>\n\t\t\t\t<\/div>\n\t\t<div class=\"elementor-element elementor-element-fb343db e-con-full e-flex e-con e-child\" data-id=\"fb343db\" data-element_type=\"container\" data-e-type=\"container\">\n\t\t\t\t<div class=\"elementor-element elementor-element-3f8278e elementor-widget elementor-widget-image\" data-id=\"3f8278e\" data-element_type=\"widget\" data-e-type=\"widget\" data-widget_type=\"image.default\">\n\t\t\t\t<div class=\"elementor-widget-container\">\n\t\t\t\t\t\t\t\t\t\t\t\t<figure class=\"wp-caption\">\n\t\t\t\t\t\t\t\t\t\t<img decoding=\"async\" width=\"640\" height=\"427\" src=\"https:\/\/eunis.org\/eunis2017\/wp-content\/uploads\/sites\/10\/2016\/03\/cathedral01-1-1024x683.jpg\" class=\"attachment-large size-large wp-image-675\" alt=\"\" srcset=\"https:\/\/eunis.org\/eunis2017\/wp-content\/uploads\/sites\/10\/2016\/03\/cathedral01-1-1024x683.jpg 1024w, https:\/\/eunis.org\/eunis2017\/wp-content\/uploads\/sites\/10\/2016\/03\/cathedral01-1-300x200.jpg 300w, https:\/\/eunis.org\/eunis2017\/wp-content\/uploads\/sites\/10\/2016\/03\/cathedral01-1-212x141.jpg 212w, https:\/\/eunis.org\/eunis2017\/wp-content\/uploads\/sites\/10\/2016\/03\/cathedral01-1-368x245.jpg 368w, https:\/\/eunis.org\/eunis2017\/wp-content\/uploads\/sites\/10\/2016\/03\/cathedral01-1-355x236.jpg 355w, https:\/\/eunis.org\/eunis2017\/wp-content\/uploads\/sites\/10\/2016\/03\/cathedral01-1-282x188.jpg 282w, https:\/\/eunis.org\/eunis2017\/wp-content\/uploads\/sites\/10\/2016\/03\/cathedral01-1-642x428.jpg 642w, https:\/\/eunis.org\/eunis2017\/wp-content\/uploads\/sites\/10\/2016\/03\/cathedral01-1-584x389.jpg 584w, https:\/\/eunis.org\/eunis2017\/wp-content\/uploads\/sites\/10\/2016\/03\/cathedral01-1.jpg 1200w\" sizes=\"(max-width: 640px) 100vw, 640px\" \/>\t\t\t\t\t\t\t\t\t\t\t<figcaption class=\"widget-image-caption wp-caption-text\">\u00a9 Presseamt M\u00fcnster\/Andreas Lechtape<\/figcaption>\n\t\t\t\t\t\t\t\t\t\t<\/figure>\n\t\t\t\t\t\t\t\t\t<\/div>\n\t\t\t\t<\/div>\n\t\t\t\t<div class=\"elementor-element elementor-element-23c0800 elementor-widget elementor-widget-text-editor\" data-id=\"23c0800\" data-element_type=\"widget\" data-e-type=\"widget\" data-widget_type=\"text-editor.default\">\n\t\t\t\t<div class=\"elementor-widget-container\">\n\t\t\t\t\t\t\t\t\t<h2><strong>St. Paul\u2019s Cathedral<\/strong><\/h2><p>Numerous churches mark the cityscape of M\u00fcnster, but St. Paul\u2019s Cathedral is definitely the most prominent: With its size and copper roof the cathedral is an eye-catcher in the heart of the old town. On Wednesdays and Saturdays the square is bustling due to the farmer\u2019s market.<\/p>\t\t\t\t\t\t\t\t<\/div>\n\t\t\t\t<\/div>\n\t\t\t\t<\/div>\n\t\t\t\t\t<\/div>\n\t\t\t\t<\/div>\n\t\t<div class=\"elementor-element elementor-element-89e39a3 e-flex e-con-boxed e-con e-parent\" data-id=\"89e39a3\" data-element_type=\"container\" data-e-type=\"container\">\n\t\t\t\t\t<div class=\"e-con-inner\">\n\t\t<div class=\"elementor-element elementor-element-8475add e-con-full e-flex e-con e-child\" data-id=\"8475add\" data-element_type=\"container\" data-e-type=\"container\">\n\t\t\t\t<div class=\"elementor-element elementor-element-61e92b7 elementor-widget elementor-widget-image\" data-id=\"61e92b7\" data-element_type=\"widget\" data-e-type=\"widget\" data-widget_type=\"image.default\">\n\t\t\t\t<div class=\"elementor-widget-container\">\n\t\t\t\t\t\t\t\t\t\t\t\t<figure class=\"wp-caption\">\n\t\t\t\t\t\t\t\t\t\t<img decoding=\"async\" width=\"640\" height=\"427\" src=\"https:\/\/eunis.org\/eunis2017\/wp-content\/uploads\/sites\/10\/2016\/03\/palace02-1024x683.jpg\" class=\"attachment-large size-large wp-image-403\" alt=\"\" srcset=\"https:\/\/eunis.org\/eunis2017\/wp-content\/uploads\/sites\/10\/2016\/03\/palace02-1024x683.jpg 1024w, https:\/\/eunis.org\/eunis2017\/wp-content\/uploads\/sites\/10\/2016\/03\/palace02-300x200.jpg 300w, https:\/\/eunis.org\/eunis2017\/wp-content\/uploads\/sites\/10\/2016\/03\/palace02-212x141.jpg 212w, https:\/\/eunis.org\/eunis2017\/wp-content\/uploads\/sites\/10\/2016\/03\/palace02-368x245.jpg 368w, https:\/\/eunis.org\/eunis2017\/wp-content\/uploads\/sites\/10\/2016\/03\/palace02-355x236.jpg 355w, https:\/\/eunis.org\/eunis2017\/wp-content\/uploads\/sites\/10\/2016\/03\/palace02-282x188.jpg 282w, https:\/\/eunis.org\/eunis2017\/wp-content\/uploads\/sites\/10\/2016\/03\/palace02-642x428.jpg 642w, https:\/\/eunis.org\/eunis2017\/wp-content\/uploads\/sites\/10\/2016\/03\/palace02-584x389.jpg 584w, https:\/\/eunis.org\/eunis2017\/wp-content\/uploads\/sites\/10\/2016\/03\/palace02.jpg 1200w\" sizes=\"(max-width: 640px) 100vw, 640px\" \/>\t\t\t\t\t\t\t\t\t\t\t<figcaption class=\"widget-image-caption wp-caption-text\">\u00a9 WWU\/Peter Grewer<\/figcaption>\n\t\t\t\t\t\t\t\t\t\t<\/figure>\n\t\t\t\t\t\t\t\t\t<\/div>\n\t\t\t\t<\/div>\n\t\t\t\t<div class=\"elementor-element elementor-element-993504f elementor-widget elementor-widget-text-editor\" data-id=\"993504f\" data-element_type=\"widget\" data-e-type=\"widget\" data-widget_type=\"text-editor.default\">\n\t\t\t\t<div class=\"elementor-widget-container\">\n\t\t\t\t\t\t\t\t\t<h2><strong>City Palace<\/strong><\/h2><p>Built as a residence for the prince-bishop, the baroque City Palace now is the home of M\u00fcnster University\u2019s administration. At the back, visitors can relax in the university\u2019s botanical garden which is more than 200 years old.<\/p>\t\t\t\t\t\t\t\t<\/div>\n\t\t\t\t<\/div>\n\t\t\t\t<\/div>\n\t\t<div class=\"elementor-element elementor-element-eabe562 e-con-full e-flex e-con e-child\" data-id=\"eabe562\" data-element_type=\"container\" data-e-type=\"container\">\n\t\t\t\t<div class=\"elementor-element elementor-element-64831c2 elementor-widget elementor-widget-image\" data-id=\"64831c2\" data-element_type=\"widget\" data-e-type=\"widget\" data-widget_type=\"image.default\">\n\t\t\t\t<div class=\"elementor-widget-container\">\n\t\t\t\t\t\t\t\t\t\t\t\t<figure class=\"wp-caption\">\n\t\t\t\t\t\t\t\t\t\t<img loading=\"lazy\" decoding=\"async\" width=\"640\" height=\"427\" src=\"https:\/\/eunis.org\/eunis2017\/wp-content\/uploads\/sites\/10\/2016\/03\/lwl01-1024x683.jpg\" class=\"attachment-large size-large wp-image-379\" alt=\"\" srcset=\"https:\/\/eunis.org\/eunis2017\/wp-content\/uploads\/sites\/10\/2016\/03\/lwl01-1024x683.jpg 1024w, https:\/\/eunis.org\/eunis2017\/wp-content\/uploads\/sites\/10\/2016\/03\/lwl01-300x200.jpg 300w, https:\/\/eunis.org\/eunis2017\/wp-content\/uploads\/sites\/10\/2016\/03\/lwl01-212x141.jpg 212w, https:\/\/eunis.org\/eunis2017\/wp-content\/uploads\/sites\/10\/2016\/03\/lwl01-368x245.jpg 368w, https:\/\/eunis.org\/eunis2017\/wp-content\/uploads\/sites\/10\/2016\/03\/lwl01-355x236.jpg 355w, https:\/\/eunis.org\/eunis2017\/wp-content\/uploads\/sites\/10\/2016\/03\/lwl01-282x188.jpg 282w, https:\/\/eunis.org\/eunis2017\/wp-content\/uploads\/sites\/10\/2016\/03\/lwl01-642x428.jpg 642w, https:\/\/eunis.org\/eunis2017\/wp-content\/uploads\/sites\/10\/2016\/03\/lwl01-584x389.jpg 584w, https:\/\/eunis.org\/eunis2017\/wp-content\/uploads\/sites\/10\/2016\/03\/lwl01.jpg 1200w\" sizes=\"(max-width: 640px) 100vw, 640px\" \/>\t\t\t\t\t\t\t\t\t\t\t<figcaption class=\"widget-image-caption wp-caption-text\">\u00a9 Presseamt M\u00fcnster\/Britta Roski<\/figcaption>\n\t\t\t\t\t\t\t\t\t\t<\/figure>\n\t\t\t\t\t\t\t\t\t<\/div>\n\t\t\t\t<\/div>\n\t\t\t\t<div class=\"elementor-element elementor-element-13ea1f3 elementor-widget elementor-widget-text-editor\" data-id=\"13ea1f3\" data-element_type=\"widget\" data-e-type=\"widget\" data-widget_type=\"text-editor.default\">\n\t\t\t\t<div class=\"elementor-widget-container\">\n\t\t\t\t\t\t\t\t\t<h2><strong>LWL Museum<\/strong><\/h2><p>The LWL-Museum is one of the most important museums for art and cultural history in North Rhine-Westphalia. Its collection comprises about 500,000 paintings, sculptures, photographs, drawings, prints, coins, objects and books of the last millennium.<\/p>\t\t\t\t\t\t\t\t<\/div>\n\t\t\t\t<\/div>\n\t\t\t\t<\/div>\n\t\t\t\t\t<\/div>\n\t\t\t\t<\/div>\n\t\t<div class=\"elementor-element elementor-element-9242738 e-flex e-con-boxed e-con e-parent\" data-id=\"9242738\" data-element_type=\"container\" data-e-type=\"container\">\n\t\t\t\t\t<div class=\"e-con-inner\">\n\t\t<div class=\"elementor-element elementor-element-6d59fa4 e-con-full e-flex e-con e-child\" data-id=\"6d59fa4\" data-element_type=\"container\" data-e-type=\"container\">\n\t\t\t\t<div class=\"elementor-element elementor-element-93482ad elementor-widget elementor-widget-image\" data-id=\"93482ad\" data-element_type=\"widget\" data-e-type=\"widget\" data-widget_type=\"image.default\">\n\t\t\t\t<div class=\"elementor-widget-container\">\n\t\t\t\t\t\t\t\t\t\t\t\t<figure class=\"wp-caption\">\n\t\t\t\t\t\t\t\t\t\t<img loading=\"lazy\" decoding=\"async\" width=\"640\" height=\"427\" src=\"https:\/\/eunis.org\/eunis2017\/wp-content\/uploads\/sites\/10\/2016\/03\/aasee02-1024x683.jpg\" class=\"attachment-large size-large wp-image-367\" alt=\"\" srcset=\"https:\/\/eunis.org\/eunis2017\/wp-content\/uploads\/sites\/10\/2016\/03\/aasee02-1024x683.jpg 1024w, https:\/\/eunis.org\/eunis2017\/wp-content\/uploads\/sites\/10\/2016\/03\/aasee02-300x200.jpg 300w, https:\/\/eunis.org\/eunis2017\/wp-content\/uploads\/sites\/10\/2016\/03\/aasee02-212x141.jpg 212w, https:\/\/eunis.org\/eunis2017\/wp-content\/uploads\/sites\/10\/2016\/03\/aasee02-368x245.jpg 368w, https:\/\/eunis.org\/eunis2017\/wp-content\/uploads\/sites\/10\/2016\/03\/aasee02-355x236.jpg 355w, https:\/\/eunis.org\/eunis2017\/wp-content\/uploads\/sites\/10\/2016\/03\/aasee02-282x188.jpg 282w, https:\/\/eunis.org\/eunis2017\/wp-content\/uploads\/sites\/10\/2016\/03\/aasee02-642x428.jpg 642w, https:\/\/eunis.org\/eunis2017\/wp-content\/uploads\/sites\/10\/2016\/03\/aasee02-584x389.jpg 584w, https:\/\/eunis.org\/eunis2017\/wp-content\/uploads\/sites\/10\/2016\/03\/aasee02.jpg 1200w\" sizes=\"(max-width: 640px) 100vw, 640px\" \/>\t\t\t\t\t\t\t\t\t\t\t<figcaption class=\"widget-image-caption wp-caption-text\">\u00a9 Presseamt M\u00fcnster\/Angelika Klauser<\/figcaption>\n\t\t\t\t\t\t\t\t\t\t<\/figure>\n\t\t\t\t\t\t\t\t\t<\/div>\n\t\t\t\t<\/div>\n\t\t\t\t<div class=\"elementor-element elementor-element-37e05f9 elementor-widget elementor-widget-text-editor\" data-id=\"37e05f9\" data-element_type=\"widget\" data-e-type=\"widget\" data-widget_type=\"text-editor.default\">\n\t\t\t\t<div class=\"elementor-widget-container\">\n\t\t\t\t\t\t\t\t\t<h2><strong>Aasee<\/strong><\/h2><p>Just minutes away from the city center, the lake Aasee and its surrounding park are an idyllic spot for recreation and exercising.<\/p>\t\t\t\t\t\t\t\t<\/div>\n\t\t\t\t<\/div>\n\t\t\t\t<\/div>\n\t\t<div class=\"elementor-element elementor-element-d55684e e-con-full e-flex e-con e-child\" data-id=\"d55684e\" data-element_type=\"container\" data-e-type=\"container\">\n\t\t\t\t<div class=\"elementor-element elementor-element-8e0ceed elementor-widget elementor-widget-image\" data-id=\"8e0ceed\" data-element_type=\"widget\" data-e-type=\"widget\" data-widget_type=\"image.default\">\n\t\t\t\t<div class=\"elementor-widget-container\">\n\t\t\t\t\t\t\t\t\t\t\t\t<figure class=\"wp-caption\">\n\t\t\t\t\t\t\t\t\t\t<img loading=\"lazy\" decoding=\"async\" width=\"640\" height=\"427\" src=\"https:\/\/eunis.org\/eunis2017\/wp-content\/uploads\/sites\/10\/2016\/03\/nightlife01-1024x683.jpg\" class=\"attachment-large size-large wp-image-595\" alt=\"\" srcset=\"https:\/\/eunis.org\/eunis2017\/wp-content\/uploads\/sites\/10\/2016\/03\/nightlife01-1024x683.jpg 1024w, https:\/\/eunis.org\/eunis2017\/wp-content\/uploads\/sites\/10\/2016\/03\/nightlife01-300x200.jpg 300w, https:\/\/eunis.org\/eunis2017\/wp-content\/uploads\/sites\/10\/2016\/03\/nightlife01-212x141.jpg 212w, https:\/\/eunis.org\/eunis2017\/wp-content\/uploads\/sites\/10\/2016\/03\/nightlife01-368x245.jpg 368w, https:\/\/eunis.org\/eunis2017\/wp-content\/uploads\/sites\/10\/2016\/03\/nightlife01-355x236.jpg 355w, https:\/\/eunis.org\/eunis2017\/wp-content\/uploads\/sites\/10\/2016\/03\/nightlife01-282x188.jpg 282w, https:\/\/eunis.org\/eunis2017\/wp-content\/uploads\/sites\/10\/2016\/03\/nightlife01-642x428.jpg 642w, https:\/\/eunis.org\/eunis2017\/wp-content\/uploads\/sites\/10\/2016\/03\/nightlife01-584x389.jpg 584w, https:\/\/eunis.org\/eunis2017\/wp-content\/uploads\/sites\/10\/2016\/03\/nightlife01.jpg 1200w\" sizes=\"(max-width: 640px) 100vw, 640px\" \/>\t\t\t\t\t\t\t\t\t\t\t<figcaption class=\"widget-image-caption wp-caption-text\">\u00a9 Fotolia\/Ludger Aundrup<\/figcaption>\n\t\t\t\t\t\t\t\t\t\t<\/figure>\n\t\t\t\t\t\t\t\t\t<\/div>\n\t\t\t\t<\/div>\n\t\t\t\t<div class=\"elementor-element elementor-element-72e0505 elementor-widget elementor-widget-text-editor\" data-id=\"72e0505\" data-element_type=\"widget\" data-e-type=\"widget\" data-widget_type=\"text-editor.default\">\n\t\t\t\t<div class=\"elementor-widget-container\">\n\t\t\t\t\t\t\t\t\t<h2><strong>Nightlife<\/strong><\/h2><p>As a university city, M\u00fcnster is vibrant after sunset: In the Kuhviertel, M\u00fcnster\u2019s bar district, visitors can enjoy pubs and traditional Westphalian restaurants. Bringing together art, culture, restaurants and clubs, M\u00fcnster\u2019s port is another rising star.<\/p>\t\t\t\t\t\t\t\t<\/div>\n\t\t\t\t<\/div>\n\t\t\t\t<\/div>\n\t\t\t\t\t<\/div>\n\t\t\t\t<\/div>\n\t\t\t\t<\/div>\n\t\t","protected":false},"excerpt":{"rendered":"<p>\u00a9 Presseamt M\u00fcnster\/Tilman Ro\u00dfm\u00f6ller Prinzipalmarkt M\u00fcnster\u2019s main shopping street is famous for its gabled houses and arcades \u2013 relicts of the city\u2019s medieval history. In the gothic town hall the Peace of Westphalia was signed, ending the Thirty Year\u2019s War in 1648. \u00a9 Presseamt M\u00fcnster\/Andreas Lechtape St. Paul\u2019s Cathedral Numerous churches mark the cityscape of [&hellip;]<\/p>\n","protected":false},"author":233,"featured_media":0,"parent":0,"menu_order":0,"comment_status":"closed","ping_status":"closed","template":"","meta":{"footnotes":""},"class_list":["post-1785","page","type-page","status-publish","hentry"],"_links":{"self":[{"href":"https:\/\/eunis.org\/eunis2017\/wp-json\/wp\/v2\/pages\/1785","targetHints":{"allow":["GET"]}}],"collection":[{"href":"https:\/\/eunis.org\/eunis2017\/wp-json\/wp\/v2\/pages"}],"about":[{"href":"https:\/\/eunis.org\/eunis2017\/wp-json\/wp\/v2\/types\/page"}],"author":[{"embeddable":true,"href":"https:\/\/eunis.org\/eunis2017\/wp-json\/wp\/v2\/users\/233"}],"replies":[{"embeddable":true,"href":"https:\/\/eunis.org\/eunis2017\/wp-json\/wp\/v2\/comments?post=1785"}],"version-history":[{"count":7,"href":"https:\/\/eunis.org\/eunis2017\/wp-json\/wp\/v2\/pages\/1785\/revisions"}],"predecessor-version":[{"id":1792,"href":"https:\/\/eunis.org\/eunis2017\/wp-json\/wp\/v2\/pages\/1785\/revisions\/1792"}],"wp:attachment":[{"href":"https:\/\/eunis.org\/eunis2017\/wp-json\/wp\/v2\/media?parent=1785"}],"curies":[{"name":"wp","href":"https:\/\/api.w.org\/{rel}","templated":true}]}}