{"id":1815,"date":"2023-10-05T13:54:00","date_gmt":"2023-10-05T13:54:00","guid":{"rendered":"https:\/\/eunis.org\/eunis2017\/?page_id=1815"},"modified":"2023-10-05T13:55:41","modified_gmt":"2023-10-05T13:55:41","slug":"travel","status":"publish","type":"page","link":"https:\/\/eunis.org\/eunis2017\/travel\/","title":{"rendered":"Travel"},"content":{"rendered":"\t\t<div data-elementor-type=\"wp-page\" data-elementor-id=\"1815\" class=\"elementor elementor-1815\">\n\t\t\t\t<div class=\"elementor-element elementor-element-d39f676 e-flex e-con-boxed e-con e-parent\" data-id=\"d39f676\" data-element_type=\"container\" data-e-type=\"container\">\n\t\t\t\t\t<div class=\"e-con-inner\">\n\t\t<div class=\"elementor-element elementor-element-da8d462 e-con-full e-flex e-con e-child\" data-id=\"da8d462\" data-element_type=\"container\" data-e-type=\"container\">\n\t\t\t\t<div class=\"elementor-element elementor-element-51a585b elementor-widget elementor-widget-image\" data-id=\"51a585b\" data-element_type=\"widget\" data-e-type=\"widget\" data-widget_type=\"image.default\">\n\t\t\t\t<div class=\"elementor-widget-container\">\n\t\t\t\t\t\t\t\t\t\t\t\t<figure class=\"wp-caption\">\n\t\t\t\t\t\t\t\t\t\t<img fetchpriority=\"high\" decoding=\"async\" width=\"640\" height=\"427\" src=\"https:\/\/eunis.org\/eunis2017\/wp-content\/uploads\/sites\/10\/2016\/03\/airport01-1024x683.jpg\" class=\"attachment-large size-large wp-image-670\" alt=\"\" srcset=\"https:\/\/eunis.org\/eunis2017\/wp-content\/uploads\/sites\/10\/2016\/03\/airport01-1024x683.jpg 1024w, https:\/\/eunis.org\/eunis2017\/wp-content\/uploads\/sites\/10\/2016\/03\/airport01-300x200.jpg 300w, https:\/\/eunis.org\/eunis2017\/wp-content\/uploads\/sites\/10\/2016\/03\/airport01-212x141.jpg 212w, https:\/\/eunis.org\/eunis2017\/wp-content\/uploads\/sites\/10\/2016\/03\/airport01-368x245.jpg 368w, https:\/\/eunis.org\/eunis2017\/wp-content\/uploads\/sites\/10\/2016\/03\/airport01-355x236.jpg 355w, https:\/\/eunis.org\/eunis2017\/wp-content\/uploads\/sites\/10\/2016\/03\/airport01-282x188.jpg 282w, https:\/\/eunis.org\/eunis2017\/wp-content\/uploads\/sites\/10\/2016\/03\/airport01-642x428.jpg 642w, https:\/\/eunis.org\/eunis2017\/wp-content\/uploads\/sites\/10\/2016\/03\/airport01-584x389.jpg 584w, https:\/\/eunis.org\/eunis2017\/wp-content\/uploads\/sites\/10\/2016\/03\/airport01.jpg 1200w\" sizes=\"(max-width: 640px) 100vw, 640px\" \/>\t\t\t\t\t\t\t\t\t\t\t<figcaption class=\"widget-image-caption wp-caption-text\">\u00a9 Presseamt M\u00fcnster\/Angelika Klausner<\/figcaption>\n\t\t\t\t\t\t\t\t\t\t<\/figure>\n\t\t\t\t\t\t\t\t\t<\/div>\n\t\t\t\t<\/div>\n\t\t\t\t<\/div>\n\t\t<div class=\"elementor-element elementor-element-c4cca99 e-con-full e-flex e-con e-child\" data-id=\"c4cca99\" data-element_type=\"container\" data-e-type=\"container\">\n\t\t\t\t<div class=\"elementor-element elementor-element-5a9d550 elementor-widget elementor-widget-text-editor\" data-id=\"5a9d550\" data-element_type=\"widget\" data-e-type=\"widget\" data-widget_type=\"text-editor.default\">\n\t\t\t\t<div class=\"elementor-widget-container\">\n\t\t\t\t\t\t\t\t\t<h2><strong>International Airports<\/strong><\/h2><p><em>D\u00fcsseldorf Airport<\/em><br \/>D\u00fcsseldorf Airport (DUS), Germany\u2019s third-largest international airport, is only 100 km away and directly connected to M\u00fcnster by train. A free shuttle service will also be provided.<\/p><p><strong>Free D\u00fcsseldorf Airport Shuttle<br \/><\/strong><\/p><p>(Booking during the registration process)<\/p><ul><li>DUS to M\u00fcnster: 6 June 2017 at 11:00<\/li><li>DUS to M\u00fcnster: 6 June 2017 at 15:00<\/li><li>M\u00fcnster to DUS: 9 June 2017 at 14:30<\/li><\/ul><p><em>The meeting point for the shuttle service from D\u00fcsseldorf Airport will at the airport&#8217;s main entrance, between the counters of the car rental companies Hertz and Europcar.<\/em><\/p><p><strong>&#8220;D\u00fcsseldorf Airport &#8211; M\u00fcnster&#8221; Train Connections<\/strong><\/p><p>On weekdays there is a direct regional (&#8220;RE&#8221;) train connection from DUS Airport to M\u00fcnster every hour (duration: 1:30 h). One-way tickets are approx. 30,- Euros and can be book via <a href=\"https:\/\/www.bahn.de\/en\/view\/index.shtml\" target=\"_blank\" rel=\"noopener\">Deutsche Bahn<\/a>. When booking, please select &#8220;D\u00fcsseldorf Flughafen (DUS)&#8221;\u00a0as departure station and &#8220;M\u00fcnster(Westf)Hbf&#8221; as destination (or vice versa for return).<\/p><p><em>M\u00fcnster Osnabr\u00fcck International Airport<\/em><br \/>M\u00fcnster\u2019s regional airport (FMO), situated 25 km away, offers frequent connections to Frankfurt, Munich (via Lufthansa) and London (via Ryanair) as well as regular connections to several other European destinations.<\/p><p><strong>M\u00fcnster\/Osnabr\u00fcck Public Airport Shuttle<br \/><\/strong><\/p><p>Two bus lines (S50 and R51) ensure a regular service to the city center between 06:00 in the morning and 01:00 at night (duration: 30 to 40 minutes). On weekdays buses leave every 30 minutes, on Sundays and public holidays only the S50 operates on an hourly basis. Please note, that Monday, 5 June 2017, is a public holiday in Germany.<\/p>\t\t\t\t\t\t\t\t<\/div>\n\t\t\t\t<\/div>\n\t\t\t\t<\/div>\n\t\t\t\t\t<\/div>\n\t\t\t\t<\/div>\n\t\t<div class=\"elementor-element elementor-element-5d7fe8e e-flex e-con-boxed e-con e-parent\" data-id=\"5d7fe8e\" data-element_type=\"container\" data-e-type=\"container\">\n\t\t\t\t\t<div class=\"e-con-inner\">\n\t\t<div class=\"elementor-element elementor-element-7302b75 e-con-full e-flex e-con e-child\" data-id=\"7302b75\" data-element_type=\"container\" data-e-type=\"container\">\n\t\t\t\t<div class=\"elementor-element elementor-element-cdb54e9 elementor-widget elementor-widget-image\" data-id=\"cdb54e9\" data-element_type=\"widget\" data-e-type=\"widget\" data-widget_type=\"image.default\">\n\t\t\t\t<div class=\"elementor-widget-container\">\n\t\t\t\t\t\t\t\t\t\t\t\t<figure class=\"wp-caption\">\n\t\t\t\t\t\t\t\t\t\t<img decoding=\"async\" width=\"640\" height=\"427\" src=\"https:\/\/eunis.org\/eunis2017\/wp-content\/uploads\/sites\/10\/2016\/03\/bus01-1024x683.jpg\" class=\"attachment-large size-large wp-image-674\" alt=\"\" srcset=\"https:\/\/eunis.org\/eunis2017\/wp-content\/uploads\/sites\/10\/2016\/03\/bus01-1024x683.jpg 1024w, https:\/\/eunis.org\/eunis2017\/wp-content\/uploads\/sites\/10\/2016\/03\/bus01-300x200.jpg 300w, https:\/\/eunis.org\/eunis2017\/wp-content\/uploads\/sites\/10\/2016\/03\/bus01-212x141.jpg 212w, https:\/\/eunis.org\/eunis2017\/wp-content\/uploads\/sites\/10\/2016\/03\/bus01-368x245.jpg 368w, https:\/\/eunis.org\/eunis2017\/wp-content\/uploads\/sites\/10\/2016\/03\/bus01-355x236.jpg 355w, https:\/\/eunis.org\/eunis2017\/wp-content\/uploads\/sites\/10\/2016\/03\/bus01-282x188.jpg 282w, https:\/\/eunis.org\/eunis2017\/wp-content\/uploads\/sites\/10\/2016\/03\/bus01-642x428.jpg 642w, https:\/\/eunis.org\/eunis2017\/wp-content\/uploads\/sites\/10\/2016\/03\/bus01-584x389.jpg 584w, https:\/\/eunis.org\/eunis2017\/wp-content\/uploads\/sites\/10\/2016\/03\/bus01.jpg 1200w\" sizes=\"(max-width: 640px) 100vw, 640px\" \/>\t\t\t\t\t\t\t\t\t\t\t<figcaption class=\"widget-image-caption wp-caption-text\">\u00a9 Presseamt M\u00fcnster\/Tilman Ro\u00dfm\u00f6ller<\/figcaption>\n\t\t\t\t\t\t\t\t\t\t<\/figure>\n\t\t\t\t\t\t\t\t\t<\/div>\n\t\t\t\t<\/div>\n\t\t\t\t<\/div>\n\t\t<div class=\"elementor-element elementor-element-3dcb1d1 e-con-full e-flex e-con e-child\" data-id=\"3dcb1d1\" data-element_type=\"container\" data-e-type=\"container\">\n\t\t\t\t<div class=\"elementor-element elementor-element-dd41665 elementor-widget elementor-widget-text-editor\" data-id=\"dd41665\" data-element_type=\"widget\" data-e-type=\"widget\" data-widget_type=\"text-editor.default\">\n\t\t\t\t<div class=\"elementor-widget-container\">\n\t\t\t\t\t\t\t\t\t<h2><strong>Local Transportation<\/strong><\/h2><p>With more than 20 city bus routes, M\u00fcnster\u2019s local transportation is highly developed. City buses usually run every 20 minutes from Monday to Saturday and every 30 minutes on Sundays. All buses stop at the main railway station, several stops are located close to the congress venue. Taxis, taxi buses and night buses supplement the city bus service around the clock. Destinations within the M\u00fcnsterland region are also accessible by bus. Here you will find a city map with all bus line during a <a href=\"https:\/\/www.stadtwerke-muenster.de\/fileadmin\/stwms\/busverkehr\/kundencenter\/dokumente\/Netzplaene\/MS_TagesNetz_topografisch_2017_04_10.pdf\" target=\"_blank\" rel=\"noopener\">day<\/a> and <a href=\"https:\/\/www.stadtwerke-muenster.de\/fileadmin\/stwms\/busverkehr\/kundencenter\/dokumente\/Netzplaene\/Liniennetz_2016\/MS_NachtNetz_topografisch_2016-10.pdf\" target=\"_blank\" rel=\"noopener\">night<\/a>.<\/p><p>Free city bus tickets will be provided for all attendees, valid from 6-9 June 2017.<\/p>\t\t\t\t\t\t\t\t<\/div>\n\t\t\t\t<\/div>\n\t\t\t\t<\/div>\n\t\t\t\t\t<\/div>\n\t\t\t\t<\/div>\n\t\t<div class=\"elementor-element elementor-element-c47b6b9 e-flex e-con-boxed e-con e-parent\" data-id=\"c47b6b9\" data-element_type=\"container\" data-e-type=\"container\">\n\t\t\t\t\t<div class=\"e-con-inner\">\n\t\t<div class=\"elementor-element elementor-element-da00512 e-con-full e-flex e-con e-child\" data-id=\"da00512\" data-element_type=\"container\" data-e-type=\"container\">\n\t\t\t\t<div class=\"elementor-element elementor-element-03f55e3 elementor-widget elementor-widget-image\" data-id=\"03f55e3\" data-element_type=\"widget\" data-e-type=\"widget\" data-widget_type=\"image.default\">\n\t\t\t\t<div class=\"elementor-widget-container\">\n\t\t\t\t\t\t\t\t\t\t\t\t<figure class=\"wp-caption\">\n\t\t\t\t\t\t\t\t\t\t<img decoding=\"async\" width=\"640\" height=\"427\" src=\"https:\/\/eunis.org\/eunis2017\/wp-content\/uploads\/sites\/10\/2016\/03\/bicycle07-1024x683.jpg\" class=\"attachment-large size-large wp-image-673\" alt=\"\" srcset=\"https:\/\/eunis.org\/eunis2017\/wp-content\/uploads\/sites\/10\/2016\/03\/bicycle07-1024x683.jpg 1024w, https:\/\/eunis.org\/eunis2017\/wp-content\/uploads\/sites\/10\/2016\/03\/bicycle07-300x200.jpg 300w, https:\/\/eunis.org\/eunis2017\/wp-content\/uploads\/sites\/10\/2016\/03\/bicycle07-212x141.jpg 212w, https:\/\/eunis.org\/eunis2017\/wp-content\/uploads\/sites\/10\/2016\/03\/bicycle07-368x245.jpg 368w, https:\/\/eunis.org\/eunis2017\/wp-content\/uploads\/sites\/10\/2016\/03\/bicycle07-355x236.jpg 355w, https:\/\/eunis.org\/eunis2017\/wp-content\/uploads\/sites\/10\/2016\/03\/bicycle07-282x188.jpg 282w, https:\/\/eunis.org\/eunis2017\/wp-content\/uploads\/sites\/10\/2016\/03\/bicycle07-642x428.jpg 642w, https:\/\/eunis.org\/eunis2017\/wp-content\/uploads\/sites\/10\/2016\/03\/bicycle07-584x389.jpg 584w, https:\/\/eunis.org\/eunis2017\/wp-content\/uploads\/sites\/10\/2016\/03\/bicycle07.jpg 1200w\" sizes=\"(max-width: 640px) 100vw, 640px\" \/>\t\t\t\t\t\t\t\t\t\t\t<figcaption class=\"widget-image-caption wp-caption-text\">\u00a9 M\u00fcnsterView\/Jean-Marie Tronquet<\/figcaption>\n\t\t\t\t\t\t\t\t\t\t<\/figure>\n\t\t\t\t\t\t\t\t\t<\/div>\n\t\t\t\t<\/div>\n\t\t\t\t<\/div>\n\t\t<div class=\"elementor-element elementor-element-267941f e-con-full e-flex e-con e-child\" data-id=\"267941f\" data-element_type=\"container\" data-e-type=\"container\">\n\t\t\t\t<div class=\"elementor-element elementor-element-0579ae4 elementor-widget elementor-widget-text-editor\" data-id=\"0579ae4\" data-element_type=\"widget\" data-e-type=\"widget\" data-widget_type=\"text-editor.default\">\n\t\t\t\t<div class=\"elementor-widget-container\">\n\t\t\t\t\t\t\t\t\t<h2><strong>Bicycles<\/strong><\/h2><p>For good reason M\u00fcnster is called the capital of bicycles: Most visitors are impressed by the giant number of cyclists and the endless rows of bicycles parked at the railway station and in the city center. All main roads feature cycle lanes and the \u201cPromenade\u201d, a beautiful avenue surrounding the historic center, is reserved for cyclists and pedestrians. Bicycles can be rented at bicycle stations at a daily charge of 5 to 10 Euros per bike.<\/p>\t\t\t\t\t\t\t\t<\/div>\n\t\t\t\t<\/div>\n\t\t\t\t<\/div>\n\t\t\t\t\t<\/div>\n\t\t\t\t<\/div>\n\t\t\t\t<\/div>\n\t\t","protected":false},"excerpt":{"rendered":"<p>\u00a9 Presseamt M\u00fcnster\/Angelika Klausner International Airports D\u00fcsseldorf AirportD\u00fcsseldorf Airport (DUS), Germany\u2019s third-largest international airport, is only 100 km away and directly connected to M\u00fcnster by train. A free shuttle service will also be provided. Free D\u00fcsseldorf Airport Shuttle (Booking during the registration process) DUS to M\u00fcnster: 6 June 2017 at 11:00 DUS to M\u00fcnster: 6 [&hellip;]<\/p>\n","protected":false},"author":233,"featured_media":0,"parent":0,"menu_order":0,"comment_status":"closed","ping_status":"closed","template":"","meta":{"footnotes":""},"class_list":["post-1815","page","type-page","status-publish","hentry"],"_links":{"self":[{"href":"https:\/\/eunis.org\/eunis2017\/wp-json\/wp\/v2\/pages\/1815","targetHints":{"allow":["GET"]}}],"collection":[{"href":"https:\/\/eunis.org\/eunis2017\/wp-json\/wp\/v2\/pages"}],"about":[{"href":"https:\/\/eunis.org\/eunis2017\/wp-json\/wp\/v2\/types\/page"}],"author":[{"embeddable":true,"href":"https:\/\/eunis.org\/eunis2017\/wp-json\/wp\/v2\/users\/233"}],"replies":[{"embeddable":true,"href":"https:\/\/eunis.org\/eunis2017\/wp-json\/wp\/v2\/comments?post=1815"}],"version-history":[{"count":4,"href":"https:\/\/eunis.org\/eunis2017\/wp-json\/wp\/v2\/pages\/1815\/revisions"}],"predecessor-version":[{"id":1819,"href":"https:\/\/eunis.org\/eunis2017\/wp-json\/wp\/v2\/pages\/1815\/revisions\/1819"}],"wp:attachment":[{"href":"https:\/\/eunis.org\/eunis2017\/wp-json\/wp\/v2\/media?parent=1815"}],"curies":[{"name":"wp","href":"https:\/\/api.w.org\/{rel}","templated":true}]}}