{"id":1827,"date":"2023-10-05T13:58:18","date_gmt":"2023-10-05T13:58:18","guid":{"rendered":"https:\/\/eunis.org\/eunis2017\/?page_id=1827"},"modified":"2023-10-07T09:07:24","modified_gmt":"2023-10-07T09:07:24","slug":"welcome","status":"publish","type":"page","link":"https:\/\/eunis.org\/eunis2017\/welcome\/","title":{"rendered":"Welcome"},"content":{"rendered":"\t\t<div data-elementor-type=\"wp-page\" data-elementor-id=\"1827\" class=\"elementor elementor-1827\">\n\t\t\t\t<div class=\"elementor-element elementor-element-571989f e-flex e-con-boxed e-con e-parent\" data-id=\"571989f\" data-element_type=\"container\" data-e-type=\"container\">\n\t\t\t\t\t<div class=\"e-con-inner\">\n\t\t\t\t<div class=\"elementor-element elementor-element-f58e88b elementor-widget elementor-widget-text-editor\" data-id=\"f58e88b\" data-element_type=\"widget\" data-e-type=\"widget\" data-widget_type=\"text-editor.default\">\n\t\t\t\t<div class=\"elementor-widget-container\">\n\t\t\t\t\t\t\t\t\t<h2><strong>Welcome to the website of the EUNIS 2017 congress!<\/strong><\/h2><p>This year EUNIS comes to M\u00fcnster \u2013 one of Germany\u2019s most livable and green cities, located right in the heart of Europe. With its central position and easy accessibility, M\u00fcnster lends itself to bringing together the EUNIS community.<\/p>\t\t\t\t\t\t\t\t<\/div>\n\t\t\t\t<\/div>\n\t\t\t\t<div class=\"elementor-element elementor-element-e1fe5af elementor-align-center elementor-widget elementor-widget-button\" data-id=\"e1fe5af\" data-element_type=\"widget\" data-e-type=\"widget\" data-widget_type=\"button.default\">\n\t\t\t\t<div class=\"elementor-widget-container\">\n\t\t\t\t\t\t\t\t\t<div class=\"elementor-button-wrapper\">\n\t\t\t\t\t<a class=\"elementor-button elementor-button-link elementor-size-md\" href=\"https:\/\/www.youtube.com\/watch?v=wpt1JwIaYpc\">\n\t\t\t\t\t\t<span class=\"elementor-button-content-wrapper\">\n\t\t\t\t\t\t\t\t\t<span class=\"elementor-button-text\">Watch the EUNIS 2017 trailer!<\/span>\n\t\t\t\t\t<\/span>\n\t\t\t\t\t<\/a>\n\t\t\t\t<\/div>\n\t\t\t\t\t\t\t\t<\/div>\n\t\t\t\t<\/div>\n\t\t\t\t<div class=\"elementor-element elementor-element-05d360a elementor-widget elementor-widget-text-editor\" data-id=\"05d360a\" data-element_type=\"widget\" data-e-type=\"widget\" data-widget_type=\"text-editor.default\">\n\t\t\t\t<div class=\"elementor-widget-container\">\n\t\t\t\t\t\t\t\t\t<p>EUNIS, the European University Information Systems Organization, aims to contribute to the development of high quality information systems in Europe\u2019s Higher Education. For those responsible for information technology at universities or research organisations, the yearly congress is a perfect opportunity to establish relationships, exchange experiences and discuss contemporary issues.<\/p><p>The event is hosted by the &#8220;Zentrum f\u00fcr Informationsverarbeitung&#8221; (IT center) of M\u00fcnster University which ensures a perfect organisation.<\/p>\t\t\t\t\t\t\t\t<\/div>\n\t\t\t\t<\/div>\n\t\t\t\t\t<\/div>\n\t\t\t\t<\/div>\n\t\t<div class=\"elementor-element elementor-element-a23052e e-flex e-con-boxed e-con e-parent\" data-id=\"a23052e\" data-element_type=\"container\" data-e-type=\"container\">\n\t\t\t\t\t<div class=\"e-con-inner\">\n\t\t<div class=\"elementor-element elementor-element-ea9079b e-con-full e-flex e-con e-child\" data-id=\"ea9079b\" data-element_type=\"container\" data-e-type=\"container\">\n\t\t\t\t<div class=\"elementor-element elementor-element-27f9150 elementor-widget elementor-widget-image\" data-id=\"27f9150\" data-element_type=\"widget\" data-e-type=\"widget\" data-widget_type=\"image.default\">\n\t\t\t\t<div class=\"elementor-widget-container\">\n\t\t\t\t\t\t\t\t\t\t\t\t<figure class=\"wp-caption\">\n\t\t\t\t\t\t\t\t\t\t<img fetchpriority=\"high\" decoding=\"async\" width=\"640\" height=\"427\" src=\"https:\/\/eunis.org\/eunis2017\/wp-content\/uploads\/sites\/10\/2016\/03\/prinzipalmarkt06-Presseamt-M\u00fcnster-Tilman-Ro\u00dfm\u00f6ller-1024x683.jpg\" class=\"attachment-large size-large wp-image-694\" alt=\"\" srcset=\"https:\/\/eunis.org\/eunis2017\/wp-content\/uploads\/sites\/10\/2016\/03\/prinzipalmarkt06-Presseamt-M\u00fcnster-Tilman-Ro\u00dfm\u00f6ller-1024x683.jpg 1024w, https:\/\/eunis.org\/eunis2017\/wp-content\/uploads\/sites\/10\/2016\/03\/prinzipalmarkt06-Presseamt-M\u00fcnster-Tilman-Ro\u00dfm\u00f6ller-300x200.jpg 300w, https:\/\/eunis.org\/eunis2017\/wp-content\/uploads\/sites\/10\/2016\/03\/prinzipalmarkt06-Presseamt-M\u00fcnster-Tilman-Ro\u00dfm\u00f6ller-212x141.jpg 212w, https:\/\/eunis.org\/eunis2017\/wp-content\/uploads\/sites\/10\/2016\/03\/prinzipalmarkt06-Presseamt-M\u00fcnster-Tilman-Ro\u00dfm\u00f6ller-368x245.jpg 368w, https:\/\/eunis.org\/eunis2017\/wp-content\/uploads\/sites\/10\/2016\/03\/prinzipalmarkt06-Presseamt-M\u00fcnster-Tilman-Ro\u00dfm\u00f6ller-355x236.jpg 355w, https:\/\/eunis.org\/eunis2017\/wp-content\/uploads\/sites\/10\/2016\/03\/prinzipalmarkt06-Presseamt-M\u00fcnster-Tilman-Ro\u00dfm\u00f6ller-282x188.jpg 282w, https:\/\/eunis.org\/eunis2017\/wp-content\/uploads\/sites\/10\/2016\/03\/prinzipalmarkt06-Presseamt-M\u00fcnster-Tilman-Ro\u00dfm\u00f6ller-642x428.jpg 642w, https:\/\/eunis.org\/eunis2017\/wp-content\/uploads\/sites\/10\/2016\/03\/prinzipalmarkt06-Presseamt-M\u00fcnster-Tilman-Ro\u00dfm\u00f6ller-584x389.jpg 584w, https:\/\/eunis.org\/eunis2017\/wp-content\/uploads\/sites\/10\/2016\/03\/prinzipalmarkt06-Presseamt-M\u00fcnster-Tilman-Ro\u00dfm\u00f6ller.jpg 1200w\" sizes=\"(max-width: 640px) 100vw, 640px\" \/>\t\t\t\t\t\t\t\t\t\t\t<figcaption class=\"widget-image-caption wp-caption-text\">\u00a9 Presseamt M\u00fcnster\/Tilman Ro\u00dfm\u00f6ller<\/figcaption>\n\t\t\t\t\t\t\t\t\t\t<\/figure>\n\t\t\t\t\t\t\t\t\t<\/div>\n\t\t\t\t<\/div>\n\t\t\t\t<\/div>\n\t\t<div class=\"elementor-element elementor-element-9ea2a3a e-con-full e-flex e-con e-child\" data-id=\"9ea2a3a\" data-element_type=\"container\" data-e-type=\"container\">\n\t\t\t\t<div class=\"elementor-element elementor-element-29f37e8 elementor-widget elementor-widget-image\" data-id=\"29f37e8\" data-element_type=\"widget\" data-e-type=\"widget\" data-widget_type=\"image.default\">\n\t\t\t\t<div class=\"elementor-widget-container\">\n\t\t\t\t\t\t\t\t\t\t\t\t<figure class=\"wp-caption\">\n\t\t\t\t\t\t\t\t\t\t<img decoding=\"async\" width=\"640\" height=\"427\" src=\"https:\/\/eunis.org\/eunis2017\/wp-content\/uploads\/sites\/10\/2016\/03\/city01-1024x683.jpg\" class=\"attachment-large size-large wp-image-677\" alt=\"\" srcset=\"https:\/\/eunis.org\/eunis2017\/wp-content\/uploads\/sites\/10\/2016\/03\/city01-1024x683.jpg 1024w, https:\/\/eunis.org\/eunis2017\/wp-content\/uploads\/sites\/10\/2016\/03\/city01-300x200.jpg 300w, https:\/\/eunis.org\/eunis2017\/wp-content\/uploads\/sites\/10\/2016\/03\/city01-212x141.jpg 212w, https:\/\/eunis.org\/eunis2017\/wp-content\/uploads\/sites\/10\/2016\/03\/city01-368x245.jpg 368w, https:\/\/eunis.org\/eunis2017\/wp-content\/uploads\/sites\/10\/2016\/03\/city01-355x236.jpg 355w, https:\/\/eunis.org\/eunis2017\/wp-content\/uploads\/sites\/10\/2016\/03\/city01-282x188.jpg 282w, https:\/\/eunis.org\/eunis2017\/wp-content\/uploads\/sites\/10\/2016\/03\/city01-642x428.jpg 642w, https:\/\/eunis.org\/eunis2017\/wp-content\/uploads\/sites\/10\/2016\/03\/city01-584x389.jpg 584w, https:\/\/eunis.org\/eunis2017\/wp-content\/uploads\/sites\/10\/2016\/03\/city01.jpg 1200w\" sizes=\"(max-width: 640px) 100vw, 640px\" \/>\t\t\t\t\t\t\t\t\t\t\t<figcaption class=\"widget-image-caption wp-caption-text\">\u00a9 Presseamt M\u00fcnster\/Bernhard Fischer<\/figcaption>\n\t\t\t\t\t\t\t\t\t\t<\/figure>\n\t\t\t\t\t\t\t\t\t<\/div>\n\t\t\t\t<\/div>\n\t\t\t\t<\/div>\n\t\t\t\t\t<\/div>\n\t\t\t\t<\/div>\n\t\t\t\t<\/div>\n\t\t","protected":false},"excerpt":{"rendered":"<p>Welcome to the website of the EUNIS 2017 congress! This year EUNIS comes to M\u00fcnster \u2013 one of Germany\u2019s most livable and green cities, located right in the heart of Europe. With its central position and easy accessibility, M\u00fcnster lends itself to bringing together the EUNIS community. Watch the EUNIS 2017 trailer! EUNIS, the European [&hellip;]<\/p>\n","protected":false},"author":233,"featured_media":0,"parent":0,"menu_order":0,"comment_status":"closed","ping_status":"closed","template":"","meta":{"footnotes":""},"class_list":["post-1827","page","type-page","status-publish","hentry"],"_links":{"self":[{"href":"https:\/\/eunis.org\/eunis2017\/wp-json\/wp\/v2\/pages\/1827","targetHints":{"allow":["GET"]}}],"collection":[{"href":"https:\/\/eunis.org\/eunis2017\/wp-json\/wp\/v2\/pages"}],"about":[{"href":"https:\/\/eunis.org\/eunis2017\/wp-json\/wp\/v2\/types\/page"}],"author":[{"embeddable":true,"href":"https:\/\/eunis.org\/eunis2017\/wp-json\/wp\/v2\/users\/233"}],"replies":[{"embeddable":true,"href":"https:\/\/eunis.org\/eunis2017\/wp-json\/wp\/v2\/comments?post=1827"}],"version-history":[{"count":7,"href":"https:\/\/eunis.org\/eunis2017\/wp-json\/wp\/v2\/pages\/1827\/revisions"}],"predecessor-version":[{"id":2010,"href":"https:\/\/eunis.org\/eunis2017\/wp-json\/wp\/v2\/pages\/1827\/revisions\/2010"}],"wp:attachment":[{"href":"https:\/\/eunis.org\/eunis2017\/wp-json\/wp\/v2\/media?parent=1827"}],"curies":[{"name":"wp","href":"https:\/\/api.w.org\/{rel}","templated":true}]}}