{"id":68,"date":"2021-05-05T13:37:35","date_gmt":"2021-05-05T13:37:35","guid":{"rendered":"https:\/\/eunis.org\/eunis2022\/?page_id=68"},"modified":"2022-03-30T11:00:59","modified_gmt":"2022-03-30T11:00:59","slug":"gottingen","status":"publish","type":"page","link":"https:\/\/eunis.org\/eunis2022\/gottingen\/","title":{"rendered":"G\u00f6ttingen"},"content":{"rendered":"<h2>G\u00f6ttingen &#8211; Stadt, die Wissen schafft.<\/h2>\n<p><a href=\"https:\/\/www.goettingen.de\/index.php?lang=en\" target=\"_blank\" rel=\"noopener noreferrer\">City of G\u00f6ttingen<\/a><\/p>\n<p><a href=\"https:\/\/www.goettingen-tourismus.de\/index.php\" target=\"_blank\" rel=\"noopener noreferrer\">Tourism in G\u00f6ttingen<\/a><\/p>\n<p><a href=\"https:\/\/stadtplan.goettingen.de\/Goettingen\/client\/gisclient\/index.html?&amp;applicationId=1105#center\/3565214.3,5711418.25|zoom\/9|layers\/72,55,34,30,36|header\/Parkpl%C3%A4tze\" target=\"_blank\" rel=\"noopener noreferrer\">Location plan<\/a><\/p>\n","protected":false},"excerpt":{"rendered":"<p>G\u00f6ttingen &#8211; Stadt, die Wissen schafft. City of G\u00f6ttingen Tourism in G\u00f6ttingen Location plan<\/p>\n","protected":false},"author":203,"featured_media":0,"parent":0,"menu_order":0,"comment_status":"closed","ping_status":"closed","template":"","meta":{"footnotes":""},"class_list":["post-68","page","type-page","status-publish","hentry"],"_links":{"self":[{"href":"https:\/\/eunis.org\/eunis2022\/wp-json\/wp\/v2\/pages\/68","targetHints":{"allow":["GET"]}}],"collection":[{"href":"https:\/\/eunis.org\/eunis2022\/wp-json\/wp\/v2\/pages"}],"about":[{"href":"https:\/\/eunis.org\/eunis2022\/wp-json\/wp\/v2\/types\/page"}],"author":[{"embeddable":true,"href":"https:\/\/eunis.org\/eunis2022\/wp-json\/wp\/v2\/users\/203"}],"replies":[{"embeddable":true,"href":"https:\/\/eunis.org\/eunis2022\/wp-json\/wp\/v2\/comments?post=68"}],"version-history":[{"count":6,"href":"https:\/\/eunis.org\/eunis2022\/wp-json\/wp\/v2\/pages\/68\/revisions"}],"predecessor-version":[{"id":210,"href":"https:\/\/eunis.org\/eunis2022\/wp-json\/wp\/v2\/pages\/68\/revisions\/210"}],"wp:attachment":[{"href":"https:\/\/eunis.org\/eunis2022\/wp-json\/wp\/v2\/media?parent=68"}],"curies":[{"name":"wp","href":"https:\/\/api.w.org\/{rel}","templated":true}]}}