{"id":51,"date":"2013-12-21T13:03:06","date_gmt":"2013-12-21T13:03:06","guid":{"rendered":"http:\/\/eventmanagerblog.com\/event-wordpress-theme-tyler\/?page_id=51"},"modified":"2023-04-11T08:06:21","modified_gmt":"2023-04-11T08:06:21","slug":"getting-here","status":"publish","type":"page","link":"https:\/\/eunis.org\/eunis2023\/getting-here\/","title":{"rendered":"Getting here"},"content":{"rendered":"<h3>By car<\/h3>\n<p>The most common way to travel to Vigo is by car. The good connections of the city allow to reach Vigo by highway from Madrid, Santiago, A Coru\u00f1a and Oporto.<\/p>\n<p>There are three main highways arriving to Vigo:<\/p>\n<ul>\n<li>Madrid and Vigo are connected by the Autov\u00eda del Noroeste (A-6) and the Autov\u00eda das R\u00edas Baixas (A-52). They are 667 kilometers away that are made in an average of six hours.<\/li>\n<li>To get to Vigo from Portugal you must take the A3 that connects Oporto, Lisbon and Braga with the Spanish border and links there to the AP-9 and A-55 that will leave you in the center of Vigo.<\/li>\n<li>To move by car through Galicia the best option is the Autopista del Atl\u00e1ntico (AP9), which links Vigo and A Coru\u00f1a to Pontevedra and Santiago de Compostela.<\/li>\n<\/ul>\n<p>&nbsp;<\/p>\n<h3>By bus<\/h3>\n<p>It is also possible to reach Vigo by bus. There are direct bus lines from Madrid, Barcelona, Asturias, Bilbao, Ir\u00fan, San Sebasti\u00e1n, Zaragoza, Extremadura and Andalusia to Vigo. In addition, there are international bus routes that reach Vigo from Portugal and from France, Switzerland, Belgium, the Netherlands, Denmark and Germany.<\/p>\n<p>Bus station, Avenida de Madrid, 57<br \/>\nPhone: 986 373 411<\/p>\n<p>&nbsp;<\/p>\n<h3>By plane<\/h3>\n<p>[vc_row][vc_column][vc_tta_accordion]<\/p>\n<p>[vc_tta_section title=&#8221;Peinador-Vigo Airport&#8221; tab_id=&#8221;peinador&#8221;][vc_column_text]There are only national connections available.<br \/>\nIt is located 10 km away from the city. There are 2 ways to go to the city center.<\/p>\n<ul>\n<li>CABS: Taxi ranks are opposite from arrivals terminal. The set price of the journey to Vigo is 22.27 \u20ac.\n<li>BUS: There are scheduled bus services from the airport to the city center every 40 minutes. The bus stop is next to the arrivals terminal entrance. The ticket price is 1.40 \u20ac<\/li>\n<\/ul>\n<p>[\/vc_column_text][\/vc_tta_section]<\/p>\n<p>[vc_tta_section title=&#8221;Rosalia de Castro-Santiago Airport&#8221; tab_id=&#8221;rosalia&#8221;][vc_column_text]It is located 100 km from Vigo.<\/p>\n<ul>\n<li>CABS: Taxi ranks are opposite from arrivals terminal. The set price of the journey to Vigo is 120 \u20ac.<\/li>\n<li>BUS: There is not a direct bus from Santiago de Compostela Airport (SCQ) to Vigo Urz\u00e1iz. However, there are services departing from Aeropuerto Rosal\u00eda de Castro to the Santiago de Compostela Intermodal Train and Bus Station, where you can catch a train or bus to Vigo Urz\u00e1iz. The journey, including transfers, takes approximately 3h 24m.<\/li>\n<\/ul>\n<p>[\/vc_column_text][\/vc_tta_section]<\/p>\n<p>[vc_tta_section title=&#8221;Francisco S\u00e1 Carneiro-Oporto Airport&#8221; tab_id=&#8221;francisco&#8221;][vc_column_text]<\/p>\n<p>It is located to 150 km from Vigo and offers plenty of international connections.<\/p>\n<ul>\n<li>BUS: FlixBus operates a bus from Porto to Vigo twice daily. Tickets cost 10 \u20ac &#8211; 13 \u20ac and the journey takes 2h 40m. Three other operators also operate this route.<\/li>\n<li>TRAIN: Take the underground (purple line, 1,5\u20ac) from the airport to Campanh\u00e3 station (30 min). There you can take the train to Vigo. There are two journeys per day, approximately 2h 30m long, 12\u20ac<\/li>\n<li>TRANSFER: The set price of the journey to Vigo is 200\u20ac.<\/li>\n<\/ul>\n<p>[\/vc_column_text][\/vc_tta_section]<\/p>\n<p>[\/vc_tta_accordion][\/vc_column][\/vc_row]<\/p>\n<p>&nbsp;<\/p>\n<h3>By train<\/h3>\n<p>You can reach Vigo by train from Madrid, Barcelona, Ourense, Pontevedra, Santiago, A Coru\u00f1a, Ponferrada, Le\u00f3n, Bilbao, Alicante and Oporto. To travel from Madrid there are three options: the Intercity train, the Alvia train and the Hotel Train.<\/p>\n<p>Vigo has two train stations, both in the city center:<\/p>\n<ul>\n<li>URZAIZ: in Plaza de la Estaci\u00f3n, for AVE (high-speed railway) from Coru\u00f1a-Santiago<\/li>\n<li>GUIXAR: in the street Areal, for remaining trains.<\/li>\n<\/ul>\n<p>Phone: 902 240 202<br \/>\n<a href=\"http:\/\/www.renfe.es\/\" target=\"_blank\" rel=\"noopener noreferrer\">RENFE<\/a><\/p>\n<p>&nbsp;<\/p>\n","protected":false},"excerpt":{"rendered":"<p>By car The most common way to travel to Vigo is by car. The good connections of the city allow to reach Vigo by highway from Madrid, Santiago, A Coru\u00f1a and Oporto. There are three main highways arriving to Vigo: Madrid and Vigo are connected by the Autov\u00eda del Noroeste (A-6) and the Autov\u00eda das [&hellip;]<\/p>\n","protected":false},"author":319,"featured_media":0,"parent":0,"menu_order":0,"comment_status":"closed","ping_status":"closed","template":"","meta":{"footnotes":""},"class_list":["post-51","page","type-page","status-publish","hentry"],"_links":{"self":[{"href":"https:\/\/eunis.org\/eunis2023\/wp-json\/wp\/v2\/pages\/51","targetHints":{"allow":["GET"]}}],"collection":[{"href":"https:\/\/eunis.org\/eunis2023\/wp-json\/wp\/v2\/pages"}],"about":[{"href":"https:\/\/eunis.org\/eunis2023\/wp-json\/wp\/v2\/types\/page"}],"author":[{"embeddable":true,"href":"https:\/\/eunis.org\/eunis2023\/wp-json\/wp\/v2\/users\/319"}],"replies":[{"embeddable":true,"href":"https:\/\/eunis.org\/eunis2023\/wp-json\/wp\/v2\/comments?post=51"}],"version-history":[{"count":13,"href":"https:\/\/eunis.org\/eunis2023\/wp-json\/wp\/v2\/pages\/51\/revisions"}],"predecessor-version":[{"id":403,"href":"https:\/\/eunis.org\/eunis2023\/wp-json\/wp\/v2\/pages\/51\/revisions\/403"}],"wp:attachment":[{"href":"https:\/\/eunis.org\/eunis2023\/wp-json\/wp\/v2\/media?parent=51"}],"curies":[{"name":"wp","href":"https:\/\/api.w.org\/{rel}","templated":true}]}}