{"id":59,"date":"2013-12-21T13:03:38","date_gmt":"2013-12-21T13:03:38","guid":{"rendered":"http:\/\/eventmanagerblog.com\/event-wordpress-theme-tyler\/?page_id=59"},"modified":"2023-01-20T15:58:57","modified_gmt":"2023-01-20T15:58:57","slug":"congress-committees","status":"publish","type":"page","link":"https:\/\/eunis.org\/eunis2023\/congress-committees\/","title":{"rendered":"Congress Committees"},"content":{"rendered":"<h2>Organising Committee<\/h2>\n<p>The Organising Committee of University of Vigo is responsible for local organization, sponsor support, financial management and on-site assistance. Members are:<\/p>\n<ul>\n<li>M\u00f3nica Valderrama Santom\u00e9, Vice-Rector for Communication and Institutional Relations<\/li>\n<li>Jos\u00e9 Juan Pazos Arias, Chief Digital Officer, Programme Co-Chair<\/li>\n<li>Mart\u00edn L\u00f3pez Nores, Director of Teaching Area, Co-Chair for Panels and Sponsors<\/li>\n<li>Alicia L\u00f3pez Pedreira, International Relationships Office, Conference Organisation<\/li>\n<\/ul>\n<p>Exhibition arrangements, as well as press and public relations, will be handled by corre LOLA, corre<br \/>\nThe local organizers receive invaluable support from the following EUNIS members:<\/p>\n<ul>\n<li>Jean-Fran\u00e7ois Desnos, EUNIS, Chair of the Scientific Committee<\/li>\n<li>Gill Ferrell, Programme Co-Chair, EUNIS<\/li>\n<li>Pekka K\u00e4hkipuro, Aalto University, EUNIS Executive Secretary The board of EUNIS<\/li>\n<li>Anna Pacholak, EUNIS Administration &amp; Communications Manager<\/li>\n<li>Raimund Vogl, M\u00fcnster University, EUNIS President<\/li>\n<\/ul>\n<p>&nbsp;<\/p>\n<h2>Program Committee<\/h2>\n<p>The Program Committee is responsible for the track themes, keynotes, decisions on review criteria, scheduling papers in thematic sessions. Members are:<\/p>\n<ul>\n<li>The Board of EUNIS<\/li>\n<li>Jean-Fran\u00e7ois Desnos, EUNIS, Chair of the Scientific Committee<\/li>\n<li>Laurence Desnos, EUNIS, Programme advisor<\/li>\n<li>Gill Ferrell, EUNIS, Programme Advisor<\/li>\n<li>Pekka K\u00e4hkipuro, Aalto University, EUNIS Executive Secretary<\/li>\n<li>Mart\u00edn L\u00f3pez Nores, University of Vigo, Co-chair for panels and sponsors<\/li>\n<li>Anna Pacholak, EUNIS, Administration &amp; Communications Manager<\/li>\n<li>Jos\u00e9 Juan Pazos Arias, University of Vigo, Chief Digital Officer, Co-chair<\/li>\n<li>Raimund Vogl, M\u00fcnster University, EUNIS President, Co-chair<\/li>\n<\/ul>\n<p>&nbsp;<\/p>\n<h2>Scientific Committee<\/h2>\n<p>The Scientific Committee is responsible for reviewing the abstract and paper submissions for the Congress.<br \/>\nMembers are:<\/p>\n<ul>\n<li>Maria Jos\u00e9 Ang\u00e9lico Gon\u00e7alves, ISCAP, Portugal<\/li>\n<li>Sen\u00e9n Barro Ameneiro, Universidade de Santiago de Compostela, Spain<\/li>\n<li>Freddy Barstad, NTNU, Norway<\/li>\n<li>Pierre Boudes, Universit\u00e9 Paris XIII, France<\/li>\n<li>Elsa Cardoso, Instituto Universit\u00e1rio de Lisboa, Portugal<\/li>\n<li>Bas Cordewener, Jisc, UK<\/li>\n<li>Juan Manuel Cueva Lovelle, Universidad de Oviedo, Spain<\/li>\n<li>Mads Dahl, Aarhus Universitet, Denmark<\/li>\n<li>Mauritz Danielsson, Ladok, Sweden<\/li>\n<li>Jean-Fran\u00e7ois Desnos, EUNIS, Chair of the SC<\/li>\n<li>Carmen D\u00edaz, Sigma, Spain<\/li>\n<li>Yves Epelboin, UPMC-Sorbonne Universit\u00e9, France<\/li>\n<li>Carlos Escudero Casc\u00f3n, Universidade da Coru\u00f1a, Spain<\/li>\n<li>Antonio Fern\u00e1ndez-Mart\u00ednez, Universidad de Almer\u00eda, Spain<\/li>\n<li>Gill Ferrell, EUNIS<\/li>\n<li>Ramon Grau Sala, Sigma, Spain<\/li>\n<li>Konstantinos Hilas, International Hellenic University, Greece<\/li>\n<li>Pekka K\u00e4hkipuro, Tampere University, Finland<\/li>\n<li>Richard Katz, Richard N. Katz &amp; Associates, Inc., USA<\/li>\n<li>Thierry Koscielniak, CSIESR, France<\/li>\n<li>Henryk Krawczyk, Gda\u0144sk University of Technology, Poland<\/li>\n<li>Mart\u00edn L\u00f3pez Nores, Universidade de Vigo, Spain, Co-Chair of the SC<\/li>\n<li>Jan Madey, University of Warsaw, Poland<\/li>\n<li>Stuart McLellan, La Rochelle University, France<\/li>\n<li>Lazaros Merakos, National and Kapodistrian University of Athens, Greece<\/li>\n<li>Fernando Moreira, Universidade Portucalense, Portugal<\/li>\n<li>Anna Pacholak, EUNIS, University of Warsaw, Poland<\/li>\n<li>Jos\u00e9 Juan Pazos Arias, Universidade de Vigo, Spain<\/li>\n<li>Cristina Pelayo Garc\u00eda-Bustelo, Universidad de Oviedo, Spain<\/li>\n<li>Manuel P\u00e9rez Cota, Universidade de Vigo, Spain<\/li>\n<li>Marius Politze, Aachen Universit\u00e4t, Germany<\/li>\n<li>Nina Reignier-Tayar, Universit\u00e9 Grenoble Alpes, France<\/li>\n<li>\u00c1lvaro Rocha, Universidade de Lisboa, Portugal<\/li>\n<li>Yiannis Salmatzidis, Aristotle University of Thessaloniki. Greece<\/li>\n<li>Ilkka Siissalo, University of Helsinki, Finland<\/li>\n<li>Tomasz Szmuc, AGH University of Science and Technology, Poland<\/li>\n<li>Raimund Vogl, University of M\u00fcnster, Germany, Eunis President<\/li>\n<li>Klaas Wierenga, G\u00c9ANT<\/li>\n<li>Michael Zastrocky, LBCIO, USA<\/li>\n<\/ul>\n","protected":false},"excerpt":{"rendered":"<p>Organising Committee The Organising Committee of University of Vigo is responsible for local organization, sponsor support, financial management and on-site assistance. Members are: M\u00f3nica Valderrama Santom\u00e9, Vice-Rector for Communication and Institutional Relations Jos\u00e9 Juan Pazos Arias, Chief Digital Officer, Programme Co-Chair Mart\u00edn L\u00f3pez Nores, Director of Teaching Area, Co-Chair for Panels and Sponsors Alicia L\u00f3pez [&hellip;]<\/p>\n","protected":false},"author":319,"featured_media":0,"parent":0,"menu_order":0,"comment_status":"closed","ping_status":"closed","template":"","meta":{"footnotes":""},"class_list":["post-59","page","type-page","status-publish","hentry"],"_links":{"self":[{"href":"https:\/\/eunis.org\/eunis2023\/wp-json\/wp\/v2\/pages\/59","targetHints":{"allow":["GET"]}}],"collection":[{"href":"https:\/\/eunis.org\/eunis2023\/wp-json\/wp\/v2\/pages"}],"about":[{"href":"https:\/\/eunis.org\/eunis2023\/wp-json\/wp\/v2\/types\/page"}],"author":[{"embeddable":true,"href":"https:\/\/eunis.org\/eunis2023\/wp-json\/wp\/v2\/users\/319"}],"replies":[{"embeddable":true,"href":"https:\/\/eunis.org\/eunis2023\/wp-json\/wp\/v2\/comments?post=59"}],"version-history":[{"count":8,"href":"https:\/\/eunis.org\/eunis2023\/wp-json\/wp\/v2\/pages\/59\/revisions"}],"predecessor-version":[{"id":327,"href":"https:\/\/eunis.org\/eunis2023\/wp-json\/wp\/v2\/pages\/59\/revisions\/327"}],"wp:attachment":[{"href":"https:\/\/eunis.org\/eunis2023\/wp-json\/wp\/v2\/media?parent=59"}],"curies":[{"name":"wp","href":"https:\/\/api.w.org\/{rel}","templated":true}]}}