{"id":100,"date":"2023-11-28T19:19:55","date_gmt":"2023-11-28T17:19:55","guid":{"rendered":"https:\/\/eunis.org\/eunis2024\/?page_id=100"},"modified":"2024-11-26T19:00:38","modified_gmt":"2024-11-26T17:00:38","slug":"congress-committees","status":"publish","type":"page","link":"https:\/\/eunis.org\/eunis2024\/congress-committees\/","title":{"rendered":"Congress Committees"},"content":{"rendered":"<p><strong><u>Organizing Committee<\/u><\/strong><\/p>\n<p>The Organizing Committee is responsible for organizing the program, budget, contracts, PR, sponsors, coordination of the work of the Scientific Committee, registration process, accommodation, evaluation of the congress, the day to day congress operations and logistics.<\/p>\n<ul>\n<li>Lazaros Merakos, Congress Chair<\/li>\n<li>Spiros Bolis, Congress coordinator<\/li>\n<li>Effie Tsili, Congress coordination<\/li>\n<li>Ioannis Salmatzidis, Finance and sponsorships<\/li>\n<li>Eugenia Stefanidou, Venue arrangements<\/li>\n<li>Niki Pendaliou, Registration and social events<\/li>\n<li>Laurence Desnos, EUNIS Membership and Marketing Manager<\/li>\n<li>Gill Ferrell, EUNIS Partnership Manager &amp; Congress coordinator<\/li>\n<li>Anna Pacholak, EUNIS Administration &amp; Communications Manager<\/li>\n<li>\n<div>Freddy Barstad, EUNIS President<\/div>\n<\/li>\n<li>\n<div>Bas Cordewener, EUNIS SIG Co-ordinator<\/div>\n<\/li>\n<\/ul>\n<p>&nbsp;<\/p>\n<p><b><u>Program Committee<\/u><\/b><\/p>\n<p>The Program Committee is responsible for the track themes, keynotes, decisions on review criteria, scheduling papers in thematic sessions.<\/p>\n<ul>\n<li>Freddy Barstad, Chair, NTNU, EUNIS<\/li>\n<li>Nikolaos Avouris, University of Patras, GUnet<\/li>\n<li>Lazaros Merakos, National and Kapodistrian University of Athens, GUnet<\/li>\n<li>Simos Retalis, University of Piraeus, GUnet<\/li>\n<li>Manos Roumeliotis, University of Macedonia, GUnet<\/li>\n<li>Gill Ferrell, EUNIS<\/li>\n<li>The EUNIS Board members<\/li>\n<\/ul>\n<p>&nbsp;<\/p>\n<p><b><u>Scientific Committee<\/u><\/b><\/p>\n<p>The Scientific Committee is responsible for reviewing the abstract and paper submissions for the Congress.<\/p>\n<ul>\n<li>Agorogianni Angeliki, Aristotle University of Thessaloniki<\/li>\n<li>Allemand Michel, AMUE<\/li>\n<li>Augeri John, Ile-de-France Digital University<\/li>\n<li>Avouris Nikolaos, University of Patras, Electrical &amp; Computer Eng. Dept., HCI Group<\/li>\n<li>Barstad Freddy, Norwegian University of Science and Technology (Chair)<\/li>\n<li>Bassiliades Nick, Aristotle University of Thessaloniki<\/li>\n<li>Bolis Spiros, GUnet<\/li>\n<li>Boudes Pierre, LIPN CNRS<\/li>\n<li>Cardoso Elsa, ISCTE &#8211; University Institute of Lisbon<\/li>\n<li>Cordewener Bas, EUNIS<\/li>\n<li>Desnos Laurence, EUNIS<\/li>\n<li>Desnos Jean-Fran\u00e7ois, EUNIS<\/li>\n<li>Diaz Carmen, SIGMA AIE, Gesti\u00f3n universitaria<\/li>\n<li>Dittrich Denise, IT Center, RWTH Aachen University<\/li>\n<li>Epelboin Yves, UPMC-Sorbonne Universit\u00e9<\/li>\n<li>Fern\u00e1ndez-Mart\u00ednez Antonio, Universidad de Almer\u00eda<\/li>\n<li>Ferrell Gill, Aspire Ltd, EUNIS<\/li>\n<li>Grau Sala Ramon,SIGMA AIE, Gesti\u00f3n universitaria<\/li>\n<li>Heggland Ingrid, Norwegian University of Science and Technology (NTNU)<\/li>\n<li>Hilas Konstantinos, Technological Educational Institute of Central Macedonia<\/li>\n<li>Kamalakis Thomas, Harokopio University of Athens<\/li>\n<li>Kassapidis Nikolaos, Greek Universities Network board member<\/li>\n<li>Katz Richard, Richard N Katz &amp; Associates<\/li>\n<li>Kellen Vince, UC San Diego<\/li>\n<li>Kibsgaard Gry, BI, NTNU, Trondheim<\/li>\n<li>Knight Sarah, Jisc<\/li>\n<li>Koscielniak Thierry, le Cnam<\/li>\n<li>Krawczyk Henryk, Gda\u0144sk University of Technology<\/li>\n<li>K\u00e4hkipuro Pekka, Tampere University<\/li>\n<li>Langfeldt Ole, NTNU<\/li>\n<li>Larger Simon, AMUE<\/li>\n<li>Laschet Wolfgang, Norwegian University of Science and Technology<\/li>\n<li>Le Strat Val\u00e9rie, AMUE<\/li>\n<li>Lepouras George, University of Peloponnese<\/li>\n<li>Lillemets Kristina, Chief Digital Officer<\/li>\n<li>Lucke Ulrike, University of Potsdam<\/li>\n<li>McLellan Stuart, La Rochelle University<\/li>\n<li>Merakos Lazaros, University of Athens<\/li>\n<li>Mocquet Bertrand, AMUE, France<\/li>\n<li>Moreira Fernando, Universidade Portucalense<\/li>\n<li>Nikolopoulos Stavros, University of Ioannina<\/li>\n<li>Oevel Gudrun, Universit\u00e4t Paderborn<\/li>\n<li>Pacholak Anna, EUNIS<\/li>\n<li>Papanikolaou Kiparissia, School of Pedagogical and Technological Education,\u00a0Dpt of Education<\/li>\n<li>Politze Marius, RWTH Aachen University<\/li>\n<li>Reignier-Tayar Nina, Universit\u00e9 Grenoble-Alpes<\/li>\n<li>Renders Evelien, SURF<\/li>\n<li>Retalis Simos, University of Piraeus<\/li>\n<li>Rongeat David, AMUE<\/li>\n<li>Roumeliotis Manos, University of Macedonia<\/li>\n<li>Salmatzidis Yiannis, Aristotle University of Thessaloniki<\/li>\n<li>Siissalo Ilkka, University of Helsinki<\/li>\n<li>Szmuc Tomasz, AGH University of Science and Technology<\/li>\n<li>Tsanakas Panagiotis, National Technical University of Athens<\/li>\n<li>Tsili Effie, GUnet<\/li>\n<li>Vassilakis Kostas, University of Peloponnese<\/li>\n<li>Vogl Raimund, Universit\u00e4t M\u00fcnster (Executive Chair)<\/li>\n<li>Von der Heyde Markus, vdH-IT<\/li>\n<li>Wesner Stefan, University of Cologne<\/li>\n<li>Wierenga Klaas, Geant<\/li>\n<li>Winqvist Christa, Aalto University<\/li>\n<li>Zastrocky Michael, The Leadership Board for CIO&#8217;s in Higher Education<\/li>\n<li>Harald Ziegler, Ruhr-Universit\u00e4t Bochum<\/li>\n<\/ul>\n<p>&nbsp;<\/p>\n","protected":false},"excerpt":{"rendered":"<p>Organizing Committee The Organizing Committee is responsible for organizing the program, budget, contracts, PR, sponsors, coordination of the work of the Scientific Committee, registration process, accommodation, evaluation of the congress, the day to day congress operations and logistics. Lazaros Merakos, Congress Chair Spiros Bolis, Congress coordinator Effie Tsili, Congress coordination Ioannis Salmatzidis, Finance and sponsorships [&hellip;]<\/p>\n","protected":false},"author":376,"featured_media":0,"parent":0,"menu_order":0,"comment_status":"closed","ping_status":"closed","template":"","meta":{"footnotes":""},"class_list":["post-100","page","type-page","status-publish","hentry"],"_links":{"self":[{"href":"https:\/\/eunis.org\/eunis2024\/wp-json\/wp\/v2\/pages\/100","targetHints":{"allow":["GET"]}}],"collection":[{"href":"https:\/\/eunis.org\/eunis2024\/wp-json\/wp\/v2\/pages"}],"about":[{"href":"https:\/\/eunis.org\/eunis2024\/wp-json\/wp\/v2\/types\/page"}],"author":[{"embeddable":true,"href":"https:\/\/eunis.org\/eunis2024\/wp-json\/wp\/v2\/users\/376"}],"replies":[{"embeddable":true,"href":"https:\/\/eunis.org\/eunis2024\/wp-json\/wp\/v2\/comments?post=100"}],"version-history":[{"count":23,"href":"https:\/\/eunis.org\/eunis2024\/wp-json\/wp\/v2\/pages\/100\/revisions"}],"predecessor-version":[{"id":1347,"href":"https:\/\/eunis.org\/eunis2024\/wp-json\/wp\/v2\/pages\/100\/revisions\/1347"}],"wp:attachment":[{"href":"https:\/\/eunis.org\/eunis2024\/wp-json\/wp\/v2\/media?parent=100"}],"curies":[{"name":"wp","href":"https:\/\/api.w.org\/{rel}","templated":true}]}}