{"id":1208,"date":"2024-05-27T18:42:48","date_gmt":"2024-05-27T16:42:48","guid":{"rendered":"https:\/\/eunis.org\/eunis2024\/?page_id=1208"},"modified":"2024-05-28T11:08:20","modified_gmt":"2024-05-28T09:08:20","slug":"featured-speakers","status":"publish","type":"page","link":"https:\/\/eunis.org\/eunis2024\/featured-speakers\/","title":{"rendered":"Featured Speakers"},"content":{"rendered":"\t\t<div data-elementor-type=\"wp-page\" data-elementor-id=\"1208\" class=\"elementor elementor-1208\">\n\t\t\t\t<div class=\"elementor-element elementor-element-6a63d84 e-flex e-con-boxed e-con e-parent\" data-id=\"6a63d84\" data-element_type=\"container\" data-e-type=\"container\">\n\t\t\t\t\t<div class=\"e-con-inner\">\n\t\t<div class=\"elementor-element elementor-element-ef68eac e-flex e-con-boxed e-con e-child\" data-id=\"ef68eac\" data-element_type=\"container\" data-e-type=\"container\">\n\t\t\t\t\t<div class=\"e-con-inner\">\n\t\t\t\t<div class=\"elementor-element elementor-element-f46603f elementor-widget elementor-widget-heading\" data-id=\"f46603f\" data-element_type=\"widget\" data-e-type=\"widget\" data-widget_type=\"heading.default\">\n\t\t\t\t<div class=\"elementor-widget-container\">\n\t\t\t\t\t<h2 class=\"elementor-heading-title elementor-size-default\">Keynote Speakers<\/h2>\t\t\t\t<\/div>\n\t\t\t\t<\/div>\n\t\t\t\t<div class=\"elementor-element elementor-element-34719c5 elementor-widget elementor-widget-eunis_speakers\" data-id=\"34719c5\" data-element_type=\"widget\" data-e-type=\"widget\" data-widget_type=\"eunis_speakers.default\">\n\t\t\t\t<div class=\"elementor-widget-container\">\n\t\t\t\t\t\t<div class=\"uk-grid uk-grid-match uk-grid-medium\">\r\n\t\t\t\t<div class=\"uk-width-1-1 uk-width-1-3@m\">\r\n\t\t\t<div class=\"speaker-item\">\r\n\t\t\t\t\t\t\t\t<a href=\"https:\/\/eunis.org\/eunis2024\/session-speaker?id=17\">\r\n\t\t\t\t\t<img decoding=\"async\" src=\"https:\/\/eunis.org\/eunis2024\/wp-content\/uploads\/sites\/24\/2024\/03\/Nejdl-Wolfgang.png\" alt=\"Wolfgang Nejdl, Leibniz University\" \/>\r\n\t\t\t\t\t<span class=\"speaker-name\">Wolfgang Nejdl, Leibniz University<\/span>\r\n\t\t\t\t\t<span class=\"speaker-jobtitle\">Professor<\/span>\r\n\t\t\t\t<\/a>\r\n\t\t\t<\/div>\r\n\t\t<\/div>\r\n\t\t\t\t<div class=\"uk-width-1-1 uk-width-1-3@m\">\r\n\t\t\t<div class=\"speaker-item\">\r\n\t\t\t\t\t\t\t\t<a href=\"https:\/\/eunis.org\/eunis2024\/session-speaker?id=18\">\r\n\t\t\t\t\t<img decoding=\"async\" src=\"https:\/\/eunis.org\/eunis2024\/wp-content\/uploads\/sites\/24\/2024\/03\/JohnOBrien.jpg\" alt=\"John O\u2019Brien, EDUCAUSE\" \/>\r\n\t\t\t\t\t<span class=\"speaker-name\">John O\u2019Brien, EDUCAUSE<\/span>\r\n\t\t\t\t\t<span class=\"speaker-jobtitle\">Ph.D. President and CEO<\/span>\r\n\t\t\t\t<\/a>\r\n\t\t\t<\/div>\r\n\t\t<\/div>\r\n\t\t\t\t<div class=\"uk-width-1-1 uk-width-1-3@m\">\r\n\t\t\t<div class=\"speaker-item\">\r\n\t\t\t\t\t\t\t\t<a href=\"https:\/\/eunis.org\/eunis2024\/session-speaker?id=104\">\r\n\t\t\t\t\t<img decoding=\"async\" src=\"https:\/\/eunis.org\/eunis2024\/wp-content\/uploads\/sites\/24\/2024\/04\/Ena-Voute.png\" alt=\"Ena Vo\u00fbte, TU Delft\" \/>\r\n\t\t\t\t\t<span class=\"speaker-name\">Ena Vo\u00fbte, TU Delft<\/span>\r\n\t\t\t\t\t<span class=\"speaker-jobtitle\">Pro Vice Rector International Affairs Delft University of Technology<\/span>\r\n\t\t\t\t<\/a>\r\n\t\t\t<\/div>\r\n\t\t<\/div>\r\n\t\t\t<\/div>\r\n\t\t\t\t\t<\/div>\n\t\t\t\t<\/div>\n\t\t\t\t\t<\/div>\n\t\t\t\t<\/div>\n\t\t\t\t\t<\/div>\n\t\t\t\t<\/div>\n\t\t<div class=\"elementor-element elementor-element-12848df e-flex e-con-boxed e-con e-parent\" data-id=\"12848df\" data-element_type=\"container\" data-e-type=\"container\">\n\t\t\t\t\t<div class=\"e-con-inner\">\n\t\t<div class=\"elementor-element elementor-element-f37f590 e-flex e-con-boxed e-con e-child\" data-id=\"f37f590\" data-element_type=\"container\" data-e-type=\"container\">\n\t\t\t\t\t<div class=\"e-con-inner\">\n\t\t\t\t<div class=\"elementor-element elementor-element-b00bf2a elementor-widget elementor-widget-heading\" data-id=\"b00bf2a\" data-element_type=\"widget\" data-e-type=\"widget\" data-widget_type=\"heading.default\">\n\t\t\t\t<div class=\"elementor-widget-container\">\n\t\t\t\t\t<h2 class=\"elementor-heading-title elementor-size-default\">Plenary Panel Members<\/h2>\t\t\t\t<\/div>\n\t\t\t\t<\/div>\n\t\t\t\t<div class=\"elementor-element elementor-element-a73f05c elementor-widget elementor-widget-eunis_speakers\" data-id=\"a73f05c\" data-element_type=\"widget\" data-e-type=\"widget\" data-widget_type=\"eunis_speakers.default\">\n\t\t\t\t<div class=\"elementor-widget-container\">\n\t\t\t\t\t\t<div class=\"uk-grid uk-grid-match uk-grid-medium\">\r\n\t\t\t\t<div class=\"uk-width-1-1 uk-width-1-3@m\">\r\n\t\t\t<div class=\"speaker-item\">\r\n\t\t\t\t\t\t\t\t<a href=\"https:\/\/eunis.org\/eunis2024\/session-speaker?id=8\">\r\n\t\t\t\t\t<img decoding=\"async\" src=\"https:\/\/eunis.org\/eunis2024\/wp-content\/uploads\/sites\/24\/2024\/02\/Patrik-Maltusch-296x300-1.jpg\" alt=\"Patrik Maltusch\" \/>\r\n\t\t\t\t\t<span class=\"speaker-name\">Patrik Maltusch<\/span>\r\n\t\t\t\t\t<span class=\"speaker-jobtitle\"><\/span>\r\n\t\t\t\t<\/a>\r\n\t\t\t<\/div>\r\n\t\t<\/div>\r\n\t\t\t\t<div class=\"uk-width-1-1 uk-width-1-3@m\">\r\n\t\t\t<div class=\"speaker-item\">\r\n\t\t\t\t\t\t\t\t<a href=\"https:\/\/eunis.org\/eunis2024\/session-speaker?id=10\">\r\n\t\t\t\t\t<img decoding=\"async\" src=\"https:\/\/eunis.org\/eunis2024\/wp-content\/uploads\/sites\/24\/2024\/02\/Carmen-Diaz-300x289-1.png\" alt=\"Carmen D\u00edaz\" \/>\r\n\t\t\t\t\t<span class=\"speaker-name\">Carmen D\u00edaz<\/span>\r\n\t\t\t\t\t<span class=\"speaker-jobtitle\"><\/span>\r\n\t\t\t\t<\/a>\r\n\t\t\t<\/div>\r\n\t\t<\/div>\r\n\t\t\t\t<div class=\"uk-width-1-1 uk-width-1-3@m\">\r\n\t\t\t<div class=\"speaker-item\">\r\n\t\t\t\t\t\t\t\t<a href=\"https:\/\/eunis.org\/eunis2024\/session-speaker?id=11\">\r\n\t\t\t\t\t<img decoding=\"async\" src=\"https:\/\/eunis.org\/eunis2024\/wp-content\/uploads\/sites\/24\/2024\/02\/Thorsten-Kufer.jpg\" alt=\"Thorsten K\u00fcfer\" \/>\r\n\t\t\t\t\t<span class=\"speaker-name\">Thorsten K\u00fcfer<\/span>\r\n\t\t\t\t\t<span class=\"speaker-jobtitle\"><\/span>\r\n\t\t\t\t<\/a>\r\n\t\t\t<\/div>\r\n\t\t<\/div>\r\n\t\t\t\t<div class=\"uk-width-1-1 uk-width-1-3@m\">\r\n\t\t\t<div class=\"speaker-item\">\r\n\t\t\t\t\t\t\t\t<a href=\"https:\/\/eunis.org\/eunis2024\/session-speaker?id=17\">\r\n\t\t\t\t\t<img decoding=\"async\" src=\"https:\/\/eunis.org\/eunis2024\/wp-content\/uploads\/sites\/24\/2024\/03\/Nejdl-Wolfgang.png\" alt=\"Wolfgang Nejdl, Leibniz University\" \/>\r\n\t\t\t\t\t<span class=\"speaker-name\">Wolfgang Nejdl, Leibniz University<\/span>\r\n\t\t\t\t\t<span class=\"speaker-jobtitle\">Professor<\/span>\r\n\t\t\t\t<\/a>\r\n\t\t\t<\/div>\r\n\t\t<\/div>\r\n\t\t\t\t<div class=\"uk-width-1-1 uk-width-1-3@m\">\r\n\t\t\t<div class=\"speaker-item\">\r\n\t\t\t\t\t\t\t\t<a href=\"https:\/\/eunis.org\/eunis2024\/session-speaker?id=18\">\r\n\t\t\t\t\t<img decoding=\"async\" src=\"https:\/\/eunis.org\/eunis2024\/wp-content\/uploads\/sites\/24\/2024\/03\/JohnOBrien.jpg\" alt=\"John O\u2019Brien, EDUCAUSE\" \/>\r\n\t\t\t\t\t<span class=\"speaker-name\">John O\u2019Brien, EDUCAUSE<\/span>\r\n\t\t\t\t\t<span class=\"speaker-jobtitle\">Ph.D. President and CEO<\/span>\r\n\t\t\t\t<\/a>\r\n\t\t\t<\/div>\r\n\t\t<\/div>\r\n\t\t\t\t<div class=\"uk-width-1-1 uk-width-1-3@m\">\r\n\t\t\t<div class=\"speaker-item\">\r\n\t\t\t\t\t\t\t\t<a href=\"https:\/\/eunis.org\/eunis2024\/session-speaker?id=25\">\r\n\t\t\t\t\t<img decoding=\"async\" src=\"https:\/\/eunis.org\/eunis2024\/wp-content\/uploads\/sites\/24\/2024\/04\/Gill-2023-300x300-1.jpg\" alt=\"Gill Ferrell\" \/>\r\n\t\t\t\t\t<span class=\"speaker-name\">Gill Ferrell<\/span>\r\n\t\t\t\t\t<span class=\"speaker-jobtitle\"><\/span>\r\n\t\t\t\t<\/a>\r\n\t\t\t<\/div>\r\n\t\t<\/div>\r\n\t\t\t\t<div class=\"uk-width-1-1 uk-width-1-3@m\">\r\n\t\t\t<div class=\"speaker-item\">\r\n\t\t\t\t\t\t\t\t<a href=\"https:\/\/eunis.org\/eunis2024\/session-speaker?id=44\">\r\n\t\t\t\t\t<img decoding=\"async\" src=\"https:\/\/eunis.org\/eunis2024\/wp-content\/uploads\/sites\/24\/2024\/05\/thierry-new.jpg\" alt=\"Thierry Koscielniak\" \/>\r\n\t\t\t\t\t<span class=\"speaker-name\">Thierry Koscielniak<\/span>\r\n\t\t\t\t\t<span class=\"speaker-jobtitle\"><\/span>\r\n\t\t\t\t<\/a>\r\n\t\t\t<\/div>\r\n\t\t<\/div>\r\n\t\t\t\t<div class=\"uk-width-1-1 uk-width-1-3@m\">\r\n\t\t\t<div class=\"speaker-item\">\r\n\t\t\t\t\t\t\t\t<a href=\"https:\/\/eunis.org\/eunis2024\/session-speaker?id=50\">\r\n\t\t\t\t\t<img decoding=\"async\" src=\"https:\/\/eunis.org\/eunis2024\/wp-content\/uploads\/sites\/24\/2024\/05\/Denise-Dittrich.png\" alt=\"Denise Dittrich\" \/>\r\n\t\t\t\t\t<span class=\"speaker-name\">Denise Dittrich<\/span>\r\n\t\t\t\t\t<span class=\"speaker-jobtitle\"><\/span>\r\n\t\t\t\t<\/a>\r\n\t\t\t<\/div>\r\n\t\t<\/div>\r\n\t\t\t\t<div class=\"uk-width-1-1 uk-width-1-3@m\">\r\n\t\t\t<div class=\"speaker-item\">\r\n\t\t\t\t\t\t\t\t<a href=\"https:\/\/eunis.org\/eunis2024\/session-speaker?id=63\">\r\n\t\t\t\t\t<img decoding=\"async\" src=\"https:\/\/eunis.org\/eunis2024\/wp-content\/uploads\/sites\/24\/2024\/05\/Sian-Thomas.jpg\" alt=\"Si\u00e2n Thomas\" \/>\r\n\t\t\t\t\t<span class=\"speaker-name\">Si\u00e2n Thomas<\/span>\r\n\t\t\t\t\t<span class=\"speaker-jobtitle\">UCISA<\/span>\r\n\t\t\t\t<\/a>\r\n\t\t\t<\/div>\r\n\t\t<\/div>\r\n\t\t\t\t<div class=\"uk-width-1-1 uk-width-1-3@m\">\r\n\t\t\t<div class=\"speaker-item\">\r\n\t\t\t\t\t\t\t\t<a href=\"https:\/\/eunis.org\/eunis2024\/session-speaker?id=86\">\r\n\t\t\t\t\t<img decoding=\"async\" src=\"https:\/\/eunis.org\/eunis2024\/wp-content\/uploads\/sites\/24\/2024\/04\/anne-dominique-salamin.jpg\" alt=\"Anne-Dominique Salamin\" \/>\r\n\t\t\t\t\t<span class=\"speaker-name\">Anne-Dominique Salamin<\/span>\r\n\t\t\t\t\t<span class=\"speaker-jobtitle\"><\/span>\r\n\t\t\t\t<\/a>\r\n\t\t\t<\/div>\r\n\t\t<\/div>\r\n\t\t\t\t<div class=\"uk-width-1-1 uk-width-1-3@m\">\r\n\t\t\t<div class=\"speaker-item\">\r\n\t\t\t\t\t\t\t\t<a href=\"https:\/\/eunis.org\/eunis2024\/session-speaker?id=104\">\r\n\t\t\t\t\t<img decoding=\"async\" src=\"https:\/\/eunis.org\/eunis2024\/wp-content\/uploads\/sites\/24\/2024\/04\/Ena-Voute.png\" alt=\"Ena Vo\u00fbte, TU Delft\" \/>\r\n\t\t\t\t\t<span class=\"speaker-name\">Ena Vo\u00fbte, TU Delft<\/span>\r\n\t\t\t\t\t<span class=\"speaker-jobtitle\">Pro Vice Rector International Affairs Delft University of Technology<\/span>\r\n\t\t\t\t<\/a>\r\n\t\t\t<\/div>\r\n\t\t<\/div>\r\n\t\t\t\t<div class=\"uk-width-1-1 uk-width-1-3@m\">\r\n\t\t\t<div class=\"speaker-item\">\r\n\t\t\t\t\t\t\t\t<a href=\"https:\/\/eunis.org\/eunis2024\/session-speaker?id=113\">\r\n\t\t\t\t\t<img decoding=\"async\" src=\"https:\/\/eunis.org\/eunis2024\/wp-content\/uploads\/sites\/24\/2024\/04\/Lazaros-Merakos.jpg\" alt=\"Lazaros Merakos\" \/>\r\n\t\t\t\t\t<span class=\"speaker-name\">Lazaros Merakos<\/span>\r\n\t\t\t\t\t<span class=\"speaker-jobtitle\"><\/span>\r\n\t\t\t\t<\/a>\r\n\t\t\t<\/div>\r\n\t\t<\/div>\r\n\t\t\t\t<div class=\"uk-width-1-1 uk-width-1-3@m\">\r\n\t\t\t<div class=\"speaker-item\">\r\n\t\t\t\t\t\t\t\t<a href=\"https:\/\/eunis.org\/eunis2024\/session-speaker?id=147\">\r\n\t\t\t\t\t<img decoding=\"async\" src=\"https:\/\/eunis.org\/eunis2024\/wp-content\/uploads\/sites\/24\/2024\/04\/Sophia-Papaioannou.jpeg\" alt=\"Sophia Papaioannou\" \/>\r\n\t\t\t\t\t<span class=\"speaker-name\">Sophia Papaioannou<\/span>\r\n\t\t\t\t\t<span class=\"speaker-jobtitle\"><\/span>\r\n\t\t\t\t<\/a>\r\n\t\t\t<\/div>\r\n\t\t<\/div>\r\n\t\t\t\t<div class=\"uk-width-1-1 uk-width-1-3@m\">\r\n\t\t\t<div class=\"speaker-item\">\r\n\t\t\t\t\t\t\t\t<a href=\"https:\/\/eunis.org\/eunis2024\/session-speaker?id=161\">\r\n\t\t\t\t\t<img decoding=\"async\" src=\"https:\/\/eunis.org\/eunis2024\/wp-content\/uploads\/sites\/24\/2024\/05\/Thras-Tsiatsos.jpg\" alt=\"Thrasyvoulos Tsiatsos\" \/>\r\n\t\t\t\t\t<span class=\"speaker-name\">Thrasyvoulos Tsiatsos<\/span>\r\n\t\t\t\t\t<span class=\"speaker-jobtitle\">Professor, Department of Informatics of Aristotle University of Thessaloniki, Greece<\/span>\r\n\t\t\t\t<\/a>\r\n\t\t\t<\/div>\r\n\t\t<\/div>\r\n\t\t\t\t<div class=\"uk-width-1-1 uk-width-1-3@m\">\r\n\t\t\t<div class=\"speaker-item\">\r\n\t\t\t\t\t\t\t\t<a href=\"https:\/\/eunis.org\/eunis2024\/session-speaker?id=166\">\r\n\t\t\t\t\t<img decoding=\"async\" src=\"https:\/\/eunis.org\/eunis2024\/wp-content\/uploads\/sites\/24\/2024\/05\/Michalis-Spyropoulos.jpg\" alt=\"Michalis Spyropoulos\" \/>\r\n\t\t\t\t\t<span class=\"speaker-name\">Michalis Spyropoulos<\/span>\r\n\t\t\t\t\t<span class=\"speaker-jobtitle\"><\/span>\r\n\t\t\t\t<\/a>\r\n\t\t\t<\/div>\r\n\t\t<\/div>\r\n\t\t\t\t<div class=\"uk-width-1-1 uk-width-1-3@m\">\r\n\t\t\t<div class=\"speaker-item\">\r\n\t\t\t\t\t\t\t\t<a href=\"https:\/\/eunis.org\/eunis2024\/session-speaker?id=167\">\r\n\t\t\t\t\t<img decoding=\"async\" src=\"https:\/\/eunis.org\/eunis2024\/wp-content\/uploads\/sites\/24\/2024\/05\/Ani_Immonen_EUNIS24.jpg\" alt=\"Ani-Jatta Immonen\" \/>\r\n\t\t\t\t\t<span class=\"speaker-name\">Ani-Jatta Immonen<\/span>\r\n\t\t\t\t\t<span class=\"speaker-jobtitle\"><\/span>\r\n\t\t\t\t<\/a>\r\n\t\t\t<\/div>\r\n\t\t<\/div>\r\n\t\t\t\t<div class=\"uk-width-1-1 uk-width-1-3@m\">\r\n\t\t\t<div class=\"speaker-item\">\r\n\t\t\t\t\t\t\t\t<a href=\"https:\/\/eunis.org\/eunis2024\/session-speaker?id=169\">\r\n\t\t\t\t\t<img decoding=\"async\" src=\"https:\/\/eunis.org\/eunis2024\/wp-content\/uploads\/sites\/24\/2024\/05\/Niall-Kelly.jpg\" alt=\"Niall Kelly\" \/>\r\n\t\t\t\t\t<span class=\"speaker-name\">Niall Kelly<\/span>\r\n\t\t\t\t\t<span class=\"speaker-jobtitle\"><\/span>\r\n\t\t\t\t<\/a>\r\n\t\t\t<\/div>\r\n\t\t<\/div>\r\n\t\t\t<\/div>\r\n\t\t\t\t\t<\/div>\n\t\t\t\t<\/div>\n\t\t\t\t\t<\/div>\n\t\t\t\t<\/div>\n\t\t\t\t\t<\/div>\n\t\t\t\t<\/div>\n\t\t\t\t<\/div>\n\t\t","protected":false},"excerpt":{"rendered":"<p>\/*! elementor &#8211; v3.21.0 &#8211; 26-05-2024 *\/ .elementor-heading-title{padding:0;margin:0;line-height:1}.elementor-widget-heading .elementor-heading-title[class*=elementor-size-]&gt;a{color:inherit;font-size:inherit;line-height:inherit}.elementor-widget-heading .elementor-heading-title.elementor-size-small{font-size:15px}.elementor-widget-heading .elementor-heading-title.elementor-size-medium{font-size:19px}.elementor-widget-heading .elementor-heading-title.elementor-size-large{font-size:29px}.elementor-widget-heading .elementor-heading-title.elementor-size-xl{font-size:39px}.elementor-widget-heading .elementor-heading-title.elementor-size-xxl{font-size:59px} Keynote Speakers Wolfgang Nejdl, Leibniz University John O\u2019Brien, EDUCAUSE Ena Vo\u00fbte, TU Delft Plenary Panel Members Patrik Maltusch Carmen D\u00edaz Thorsten K\u00fcfer Wolfgang Nejdl, Leibniz University John O\u2019Brien, EDUCAUSE Gill Ferrell Thierry Koscielniak Denise Dittrich Si\u00e2n Thomas Anne-Dominique Salamin Ena Vo\u00fbte, [&hellip;]<\/p>\n","protected":false},"author":376,"featured_media":0,"parent":0,"menu_order":0,"comment_status":"closed","ping_status":"closed","template":"","meta":{"footnotes":""},"class_list":["post-1208","page","type-page","status-publish","hentry"],"_links":{"self":[{"href":"https:\/\/eunis.org\/eunis2024\/wp-json\/wp\/v2\/pages\/1208","targetHints":{"allow":["GET"]}}],"collection":[{"href":"https:\/\/eunis.org\/eunis2024\/wp-json\/wp\/v2\/pages"}],"about":[{"href":"https:\/\/eunis.org\/eunis2024\/wp-json\/wp\/v2\/types\/page"}],"author":[{"embeddable":true,"href":"https:\/\/eunis.org\/eunis2024\/wp-json\/wp\/v2\/users\/376"}],"replies":[{"embeddable":true,"href":"https:\/\/eunis.org\/eunis2024\/wp-json\/wp\/v2\/comments?post=1208"}],"version-history":[{"count":20,"href":"https:\/\/eunis.org\/eunis2024\/wp-json\/wp\/v2\/pages\/1208\/revisions"}],"predecessor-version":[{"id":1233,"href":"https:\/\/eunis.org\/eunis2024\/wp-json\/wp\/v2\/pages\/1208\/revisions\/1233"}],"wp:attachment":[{"href":"https:\/\/eunis.org\/eunis2024\/wp-json\/wp\/v2\/media?parent=1208"}],"curies":[{"name":"wp","href":"https:\/\/api.w.org\/{rel}","templated":true}]}}