{"id":359,"date":"2014-04-28T10:22:00","date_gmt":"2014-04-28T10:22:00","guid":{"rendered":"https:\/\/eunis.org\/eunisrectors14\/?page_id=359"},"modified":"2023-10-07T12:49:01","modified_gmt":"2023-10-07T12:49:01","slug":"programme","status":"publish","type":"page","link":"https:\/\/eunis.org\/eunisrectors14\/programme\/","title":{"rendered":"Programme"},"content":{"rendered":"<div class=\"wp-block-image\">\n<figure class=\"aligncenter size-full\"><a href=\"https:\/\/eunis.org\/eunisrectors14\/wp-content\/uploads\/sites\/5\/2014\/04\/header_programme.jpg\"><img fetchpriority=\"high\" decoding=\"async\" width=\"880\" height=\"280\" src=\"https:\/\/eunis.org\/eunisrectors14\/wp-content\/uploads\/sites\/5\/2014\/04\/header_programme.jpg\" alt=\"\" class=\"wp-image-9\" style=\"object-fit:cover\" srcset=\"https:\/\/eunis.org\/eunisrectors14\/wp-content\/uploads\/sites\/5\/2014\/04\/header_programme.jpg 880w, https:\/\/eunis.org\/eunisrectors14\/wp-content\/uploads\/sites\/5\/2014\/04\/header_programme-300x95.jpg 300w\" sizes=\"(max-width: 880px) 100vw, 880px\" \/><\/a><\/figure>\n<\/div>\n\n\n<div class=\"wp-block-columns is-layout-flex wp-container-core-columns-is-layout-9d6595d7 wp-block-columns-is-layout-flex\">\n<div class=\"wp-block-column is-layout-flow wp-block-column-is-layout-flow\" style=\"flex-basis:33.33%\"><div class=\"wp-block-image\">\n<figure class=\"alignleft size-large\"><img decoding=\"async\" src=\"https:\/\/eunis.org\/wp-content\/uploads\/2014\/04\/eunislogo1.jpg\" alt=\"\"\/><\/figure>\n<\/div>\n\n<div class=\"wp-block-image\">\n<figure class=\"alignleft size-large\"><img decoding=\"async\" src=\"https:\/\/eunis.org\/wp-content\/uploads\/2014\/04\/hylogo1.jpg\" alt=\"\"\/><\/figure>\n<\/div>\n\n<div class=\"wp-block-image\">\n<figure class=\"alignleft size-large\"><img decoding=\"async\" src=\"https:\/\/eunis.org\/wp-content\/uploads\/2014\/04\/aaltologo1.jpg\" alt=\"\"\/><\/figure>\n<\/div>\n\n\n<h2 class=\"wp-block-heading\">Presentations are linked in the programme below<\/h2>\n<\/div>\n\n\n\n<div class=\"wp-block-column is-layout-flow wp-block-column-is-layout-flow\" style=\"flex-basis:66.66%\">\n<h2 class=\"wp-block-heading\">Programme<\/h2>\n\n\n\n<h3 class=\"wp-block-heading\">Theme 1: The new paradigm in universities<\/h3>\n\n\n\n<p>There is an ongoing transformation in Higher Education. Some of the changes are driven by technology: Massive Open On-Line Courses (MOOCs) are changing the learning paradigm. Cloud technologies are making old and new services available in an unprecedented way. There is also a change in the overall environment: Universities need to collaborate to save costs, but there is also an increasing competition over the best researchers and students worldwide.<\/p>\n\n\n\n<p>The role of European institutions and organizations is changing, and more agile and effective co-operation will be needed to be able to respond to the international competition.<\/p>\n\n\n\n<h3 class=\"wp-block-heading\">Theme 2: Societal impact of research and corporate co-operation<\/h3>\n\n\n\n<p>There is an increasing need to link universities to the outside society. We need to explore ways to improve the co-operation between universities and enterprises. What does the industry expect from universities, and how do we combine the needs of the industry, universities, and the society in general? Technology industries provide a prime example of a long and successful co-operation, but can these models be extended to other industries?<\/p>\n<\/div>\n<\/div>\n\n\n\n<details class=\"wp-block-details is-layout-flow wp-block-details-is-layout-flow\"><summary>Thursday 3rd of April 2014<\/summary>\n<p><em>Location: University of Helsinki, Small Hall (Pieni juhlasali),<br>Fabianinkatu 33, Helsinki<\/em><\/p>\n\n\n\n<figure class=\"wp-block-table\"><table><tbody><tr><td>9.30-10.30<\/td><td>Guided Walking Tour at the Helsinki City Centre Campus. Meeting on the ground floor of the Main Building of the University of Helsinki (Fabianinkatu 33, Helsinki)<\/td><\/tr><tr><td>9.30-17.30<\/td><td>Registration<\/td><\/tr><tr><td>10.00<\/td><td>Coffee and snacks<\/td><\/tr><tr><td>10.30<\/td><td><a href=\"http:\/\/eunis.org\/eunisrectors14\/wp-content\/uploads\/sites\/5\/2014\/04\/Madey_Jan_EUNIS-2014_Helsinki.ppsx\" target=\"_blank\" rel=\"noreferrer noopener\"><strong>Welcome to EUNIS Rectors\u2019 Conference 2014<\/strong><\/a><br><strong>Jan Madey, The President of EUNIS<\/strong><\/td><\/tr><tr><td><\/td><td><\/td><\/tr><\/tbody><\/table><\/figure>\n\n\n\n<p><strong>The New Paradigm in Universities<\/strong><br><strong><br>Yves Epelboin, Professor, University Pierre et Marie Curie, France<\/strong><br><a href=\"http:\/\/eunis.org\/eunisrectors14\/wp-content\/uploads\/sites\/5\/2014\/04\/Epelboin_Yves_Eunis2014.pdf\" target=\"_blank\" rel=\"noreferrer noopener\">MOOCs \u2013 the European Perspective<\/a><br><strong>Ricardo Ferreira, Policy Officer \u2013 Opening up Education inititative, European Commission<\/strong><br>New Opportunities through EC Programmes<\/p>\n\n\n\n<p><strong>Jukka Kola, Rector, University of Helsinki, Finland<\/strong><br><a href=\"http:\/\/eunis.org\/eunisrectors14\/wp-content\/uploads\/sites\/5\/2014\/04\/EUNIS-UH-pres_JKola-04-2014-.pdf\" target=\"_blank\" rel=\"noreferrer noopener\">Revolution in Higher Education \u2013 What the Future Will Look Like<\/a><br><strong><br>Jyrki Koskinen, University Relations in Nordics and Community Relations Finland, IBM Finland<br><\/strong><a href=\"http:\/\/eunis.org\/eunisrectors14\/wp-content\/uploads\/sites\/5\/2014\/04\/Koskinen_Jyrki_IBM_Eunis2014-final.pdf\" target=\"_blank\" rel=\"noreferrer noopener\">Smart Universities Building Smarter Planet<\/a><\/p>\n\n\n\n<p>14.00 Lunch<\/p>\n\n\n\n<p>15.00-17.15<\/p>\n\n\n\n<p><strong>Tools to Deal with the Change<\/strong><br><strong><br>Catherine Mongenet, Charg\u00e9e de mission France Universit\u00e9 Num\u00e9rique<\/strong><br><a href=\"http:\/\/eunis.org\/eunisrectors14\/wp-content\/uploads\/sites\/5\/2014\/04\/Mongenet_Catherine_VF_Eunis2014.pdf\" target=\"_blank\" rel=\"noreferrer noopener\">What Will France Do in the New Digital World?<\/a><br><strong><br>Ilmari Hyv\u00f6nen, Senior Advisor at the Ministry of Education and Culture, Finland<\/strong><br><a href=\"http:\/\/eunis.org\/eunisrectors14\/wp-content\/uploads\/sites\/5\/2014\/04\/EUNIS_Hyvonen_20140403_short.pdf\" target=\"_blank\" rel=\"noreferrer noopener\">The Finnish Way to Deal with the Change<\/a><br><strong><br>Max Mickelsson, Director, Information Society Relations, Microsoft Finland<\/strong><br><a href=\"http:\/\/eunis.org\/eunisrectors14\/wp-content\/uploads\/sites\/5\/2014\/04\/EUNIS-Max-Mickelsson.pdf\" target=\"_blank\" rel=\"noreferrer noopener\">New Technology Trends and How They Affect Higher Education<\/a><\/p>\n\n\n\n<p>18.30-19.00<\/p>\n\n\n\n<p>City Walk before the Evening Reception Meeting in the lobby of Hotel K\u00e4mp. The walk starts at 18.40.<\/p>\n\n\n\n<p>19.00-20.00 The Evening Reception of Helsinki. Location: Vanha Raatihuone (entry from Aleksanterinkatu 20)<\/p>\n<\/details>\n\n\n\n<details class=\"wp-block-details is-layout-flow wp-block-details-is-layout-flow\"><summary>Friday 4th of April 2014<\/summary>\n<p><em>Location: Aalto University, Dipoli, Otakaari 24, Espoo<\/em><\/p>\n\n\n\n<figure class=\"wp-block-table\"><table><tbody><tr><td>8.00-8.45<\/td><td>Bus from Hotels to Espoo, Guided Bus Tour at Espoo Campus<\/td><\/tr><tr><td>8.30-15.45<\/td><td>Registration<\/td><\/tr><tr><td>8.55<\/td><td><strong>Welcome<\/strong><br><strong>Ilkka Niemel\u00e4, Deputy President, Aalto University, Finland<\/strong><\/td><\/tr><tr><td>9.00<\/td><td><strong>Societal Impact of Research and Corporate Co-operation<\/strong><br><strong><br>Hannu Serist\u00f6, Vice President, Aalto University, Finland<\/strong><br><a href=\"http:\/\/eunis.org\/eunisrectors14\/wp-content\/uploads\/sites\/5\/2014\/04\/02_Hannu-seristo_EUNIS_HS_28032014.pdf\" target=\"_blank\" rel=\"noreferrer noopener\">New Trends in Research and Corporate Co-operation<\/a><br><strong><br>Javier Uceda, General Manager of the UPM \u201cCity of the Future\u201d Initiative, Spain<\/strong><br><a href=\"http:\/\/eunis.org\/eunisrectors14\/wp-content\/uploads\/sites\/5\/2014\/04\/Javier_Uceda_Digital_IT_Governance_Helsinki.pdf\" target=\"_blank\" rel=\"noreferrer noopener\">Digital IT Governance in Higher Education<\/a><br><strong><br>Claus Baderschneider, Pro-Rector, Marketing and International Relations, HfTL, Germany<\/strong><br><a href=\"http:\/\/eunis.org\/eunisrectors14\/wp-content\/uploads\/sites\/5\/2014\/04\/03_claus-baderschneider_Commercialization-of-HEv2.mp4\" target=\"_blank\" rel=\"noreferrer noopener\">Commercialization of Higher Education<\/a><\/td><\/tr><tr><td>11.15<\/td><td>Break<\/td><\/tr><tr><td>11.45<\/td><td><strong>Panel Discussion: How to Merge Business with Universities?<\/strong><br><strong><br>Hannu Serist\u00f6, Javier Uceda, Claus Baderschneider, Kati Tiainen, Director, Education, Microsoft CEE, and <a href=\"http:\/\/eunis.org\/eunisrectors14\/wp-content\/uploads\/sites\/5\/2014\/04\/05_mick-silveco_Finland-The-business-of-Education-IBM-Smarter-Education.pdf\" target=\"_blank\" rel=\"noreferrer noopener\">Mick Slivecko, Global Education Business Development, IBM Corporation<\/a>. Chair: Jan Madey<\/strong><\/td><\/tr><tr><td>13.00<\/td><td>Lunch<\/td><\/tr><tr><td>14.00<\/td><td><strong>Aspects of Quality in Higher Education<\/strong><br><strong><br>Zbigniew Marciniak, Vice-Chairman, General Council of Science and Higher Education in Poland<\/strong><br>What Is the Impact of Technology on Quality Assessment?<strong>Andrea Cammelli and Alberto Leone, Consorzio Interuniversitario AlmaLaurea, Italy<\/strong><br>University Quality Assurance and Graduate Placement (<a href=\"http:\/\/eunis.org\/eunisrectors14\/wp-content\/uploads\/sites\/5\/2014\/04\/06_cammelli_HELSINKI_cammelli.pdf\" target=\"_blank\" rel=\"noreferrer noopener\">06_cammelli_HELSINKI_cammelli<\/a>&nbsp;&amp;&nbsp;<a href=\"http:\/\/eunis.org\/eunisrectors14\/wp-content\/uploads\/sites\/5\/2014\/04\/07_leone_EUNIS_leone.pdf\" target=\"_blank\" rel=\"noreferrer noopener\">07_leone_EUNIS_leone<\/a>)<\/td><\/tr><\/tbody><\/table><\/figure>\n\n\n\n<p>15.30-17.00&nbsp;<strong>Welcome to learn the New World of Work at Microsoft<\/strong><\/p>\n\n\n\n<details class=\"wp-block-details is-layout-flow wp-block-details-is-layout-flow\"><summary>Details<\/summary>\n<p><\/p>\n<\/details>\n\n\n\n<p>You will learn how the new world of work will shape workspaces and workforce around the world in the future. How universities could adapt the best practices and how to lead the new world of work? You will also have time to see new devices and services for the universities.<\/p>\n\n\n\n<p><strong>Note!<\/strong>&nbsp;Bus leaves Dipoli at 15.30, the guided visit starts at 15.45.<\/p>\n\n\n\n<p>17.00-18.15 The Reception of the City of Espoo at the Gallen-Kallela Museum, Gallen-Kallelan tie 27, Espoo.<br><strong>Note!<\/strong>&nbsp;Bus leaves back to hotel at 18.15.<\/p>\n\n\n\n<p>19.30-20.00Walk to the Conference Dinner.20.00-23.30Conference Dinner at Restaurant Sipuli, Kanavaranta 7.<\/p>\n<\/details>\n\n\n\n<details class=\"wp-block-details is-layout-flow wp-block-details-is-layout-flow\"><summary>Saturday 5th of April <\/summary>\n<p><em>Location: University of Helsinki, Small Hall (Pieni juhlasali),<br>Fabianinkatu 33, Helsinki<\/em><\/p>\n\n\n\n<figure class=\"wp-block-table\"><table><tbody><tr><td>8.30-12.00<\/td><td>Registration<\/td><\/tr><tr><td>9.00<\/td><td><strong>Pulling It All Together in a Changing World<\/strong><br><strong><br>Jan-Martin L\u00f6wendahl, Research Vice President, Gartner, Sweden<\/strong><br><a href=\"http:\/\/eunis.org\/eunisrectors14\/wp-content\/uploads\/sites\/5\/2014\/04\/Lowendahl-Eunis-rectors-conference-Official.pdf\" target=\"_blank\" rel=\"noreferrer noopener\">Your University of the Future \u2013 Executing on the Higher Education Business Model Scenarios<\/a><br><strong><br>Sanna Lukander, Rovio and Seppo Ik\u00e4heimo, Aalto University School of Business, Finland<\/strong><br>Case Rovio (<a href=\"http:\/\/eunis.org\/eunisrectors14\/wp-content\/uploads\/sites\/5\/2014\/04\/eunislukander140405.pdf\" target=\"_blank\" rel=\"noreferrer noopener\">Sanna Lukander<\/a>&nbsp;&amp;&nbsp;<a href=\"http:\/\/eunis.org\/eunisrectors14\/wp-content\/uploads\/sites\/5\/2014\/04\/eunisik\u00e4heimo140405SI.pdf\" target=\"_blank\" rel=\"noreferrer noopener\">Seppo Ik\u00e4heimo<\/a>)<br><strong><br>Vaclac Havlicek, Professor, Czech University of Technology<br><\/strong><a href=\"http:\/\/eunis.org\/eunisrectors14\/wp-content\/uploads\/sites\/5\/2014\/04\/Havlicek_Vaclav_Eunis2014.pdf\" target=\"_blank\" rel=\"noreferrer noopener\">Tertiary Education Yesterday, Now and Tomorrow<\/a><\/td><\/tr><tr><td>11.15-11.45<\/td><td><strong>Closing remarks<\/strong><br><strong>Jan Madey, Ilkka Siissalo, CIO, University of Helsinki, and Pekka K\u00e4hkipuro, Director of IT, Aalto University<\/strong><\/td><\/tr><tr><td>13.00-17.00<\/td><td>Optional Guided Tour to Suomenlinna<\/td><\/tr><\/tbody><\/table><\/figure>\n<\/details>\n\n\n\n<details class=\"wp-block-details is-layout-flow wp-block-details-is-layout-flow\"><summary>Tour to Soumenlinna<\/summary>\n<p><strong>Maritime fortress Suomenlinna<\/strong><\/p>\n\n\n\n<p>Suomenlinna is a historical maritime fortress and one of Finland\u2019s most popular sights. It attracts more than 700,000 visitors every year.<\/p>\n\n\n\n<p>Suomenlinna has something for everyone \u2013 walls, cannons, tunnels, a submarine, museums, caf\u00e9s, restaurants and even a brewery!<\/p>\n\n\n\n<p>Many find the 15-minute ferry crossing to the fortress the most enjoyable part of the visit. It offers you a unique chance to see and photograph Helsinki from the sea.<br>The fortress is one of seven Unesco World Heritage sites in Finland.<\/p>\n\n\n\n<p><strong>History<\/strong><br>The fortress was built in the 18th century to fortify defences at the eastern part of the Swedish Empire. After the fortress fell under Russian rule at the beginning of the 19th century, its role was to guard the shipping channels to St. Petersburg.<\/p>\n\n\n\n<p>The Swedish maritime fortress helped Helsinki to grow into a significant city which became the capital of Finland in 1812 when the country was an autonomous grand duchy within the Russian Empire.<\/p>\n\n\n\n<p><strong>Nature<\/strong><br>The fortress was built on virtually barren islands. Today, nature in Suomenlinna is extremely diverse. The scenery ranges from parks, yards and herb gardens to natural beaches, wild meadows and earth-filled sandbanks. The islands are surrounded by sea and bordered by cliffs and sandbanks.<\/p>\n\n\n\n<p>The tour includes a return ferry ride from the Market Square to Suomenlinna fortress island (duration 15-20mins). It also includes a guided walking tour with a short film about the history of Suomenlinna-fortress \u201cExperience Suomenlinna\u201d and a coffee break in one of the cafeterias of the island.<\/p>\n\n\n\n<p><em>Date: Saturday 5.4.2014<br>Departure: Market Square, Suomenlinna Fortress Island ferry pier at 13.00 hrs<br>Return: Market Square, Suomenlinna Fortress Island ferry pier at approx. 17.00 hrs<br>Tour language: English<br>Price: 65\u20ac (including ferry tickets, guide services, short film, coffee break)<\/em><\/p>\n\n\n\n<p><strong>Schedule of the tour<\/strong>:<\/p>\n\n\n\n<figure class=\"wp-block-table\"><table><tbody><tr><td>12.50\u201313.15<\/td><td>Meeting at Market Square, Suomenlinna Fortress Island ferry pier<br>Ferry crossing to Suomenlinna<\/td><\/tr><tr><td>13.30\u201314.00<\/td><td>Film: \u201cExperience Suomenlinna\u201d<\/td><\/tr><tr><td>14.00\u201315.30<\/td><td>Walking tour<\/td><\/tr><tr><td>15.00\u201315.30<\/td><td>Coffee break, Caf\u00e9 J\u00e4\u00e4kellari<\/td><\/tr><tr><td>16.00\u201316.30<\/td><td>Walking tour continues, walk to the ferry harbour in Suomenlinna<\/td><\/tr><tr><td>16.30\u201316.45<\/td><td>Ferry to the Market Square<\/td><\/tr><\/tbody><\/table><\/figure>\n\n\n\n<p>Please, wear warm clothes and comfortable shoes. The spring weather varies quickly. You can find the local weather here:<a href=\"http:\/\/en.ilmatieteenlaitos.fi\/local-weather\" target=\"_blank\" rel=\"noreferrer noopener\">http:\/\/en.ilmatieteenlaitos.fi\/local-weather<\/a><\/p>\n\n\n\n<p><strong>Cancellation terms for the excursion:<\/strong><\/p>\n\n\n\n<p>All cancellations must be made in writing to&nbsp;<strong>registration(at)aippi.org<\/strong><\/p>\n\n\n\n<p>Cancellation of the excursion:<br>\u2013 cancellation received before 14th February, 2014; full refund of fee deducted with administrative costs of EUR 50 will be made<br>\u2013 cancellation received after 14th February 2014; no refund will be made,<br>100 % payment to be made if fees not already paid at time of cancellation<br>\u2013 there will be no refund for no-shows<\/p>\n<\/details>\n\n\n\n<details class=\"wp-block-details is-layout-flow wp-block-details-is-layout-flow\"><summary>Programme committee<\/summary>\n<p>I am text block. Click edit button to change this text. Lorem ipsum dolor sit amet, consectetur adipiscing elit. Ut elit tellus, luctus nec ullamcorper mattis, pulvinar dapibus leo.<\/p>\n\n\n\n<ul class=\"wp-block-list\">\n<li>Jan Madey, President of EUNIS<\/li>\n\n\n\n<li>Ivan Vrana, President of EUNIS-CZ<\/li>\n\n\n\n<li>Yves Epelboin, Special advisor to the President for MOOC, Universit\u00e9 P.M. Curie<\/li>\n\n\n\n<li>L\u00edgia Maria Ribeiro, Pro-rector at University of Porto<\/li>\n\n\n\n<li>Jean-Fran\u00e7ois Desnos, Executive Secretary for EUNIS<\/li>\n\n\n\n<li>Ilkka Siissalo, Chief Information Officer, Director of Information Technology, Center for Information Technology, University of Helsinki<\/li>\n\n\n\n<li>Pekka K\u00e4hkipuro, Director of IT, Aalto University<\/li>\n<\/ul>\n<\/details>\n","protected":false},"excerpt":{"rendered":"<p>Presentations are linked in the programme below Programme Theme 1: The new paradigm in universities There is an ongoing transformation in Higher Education. Some of the changes are driven by technology: Massive Open On-Line Courses (MOOCs) are changing the learning paradigm. Cloud technologies are making old and new services available in an unprecedented way. There [&hellip;]<\/p>\n","protected":false},"author":233,"featured_media":0,"parent":0,"menu_order":0,"comment_status":"closed","ping_status":"closed","template":"","meta":{"footnotes":""},"class_list":["post-359","page","type-page","status-publish","hentry"],"_links":{"self":[{"href":"https:\/\/eunis.org\/eunisrectors14\/wp-json\/wp\/v2\/pages\/359","targetHints":{"allow":["GET"]}}],"collection":[{"href":"https:\/\/eunis.org\/eunisrectors14\/wp-json\/wp\/v2\/pages"}],"about":[{"href":"https:\/\/eunis.org\/eunisrectors14\/wp-json\/wp\/v2\/types\/page"}],"author":[{"embeddable":true,"href":"https:\/\/eunis.org\/eunisrectors14\/wp-json\/wp\/v2\/users\/233"}],"replies":[{"embeddable":true,"href":"https:\/\/eunis.org\/eunisrectors14\/wp-json\/wp\/v2\/comments?post=359"}],"version-history":[{"count":10,"href":"https:\/\/eunis.org\/eunisrectors14\/wp-json\/wp\/v2\/pages\/359\/revisions"}],"predecessor-version":[{"id":402,"href":"https:\/\/eunis.org\/eunisrectors14\/wp-json\/wp\/v2\/pages\/359\/revisions\/402"}],"wp:attachment":[{"href":"https:\/\/eunis.org\/eunisrectors14\/wp-json\/wp\/v2\/media?parent=359"}],"curies":[{"name":"wp","href":"https:\/\/api.w.org\/{rel}","templated":true}]}}