{"id":439,"date":"2023-10-07T12:42:15","date_gmt":"2023-10-07T12:42:15","guid":{"rendered":"https:\/\/eunis.org\/eunisrectors14\/?page_id=439"},"modified":"2023-10-09T07:06:28","modified_gmt":"2023-10-09T07:06:28","slug":"home","status":"publish","type":"page","link":"https:\/\/eunis.org\/eunisrectors14\/","title":{"rendered":"Home"},"content":{"rendered":"\t\t<div data-elementor-type=\"wp-page\" data-elementor-id=\"439\" class=\"elementor elementor-439\">\n\t\t\t\t<div class=\"elementor-element elementor-element-51c1a92 e-con-full e-flex e-con e-parent\" data-id=\"51c1a92\" data-element_type=\"container\" data-e-type=\"container\">\n\t\t\t\t<div class=\"elementor-element elementor-element-b83fd67 elementor-widget elementor-widget-image\" data-id=\"b83fd67\" data-element_type=\"widget\" data-e-type=\"widget\" data-widget_type=\"image.default\">\n\t\t\t\t<div class=\"elementor-widget-container\">\n\t\t\t\t\t\t\t\t\t\t\t\t\t\t\t<img fetchpriority=\"high\" decoding=\"async\" width=\"880\" height=\"280\" src=\"https:\/\/eunis.org\/eunisrectors14\/wp-content\/uploads\/sites\/5\/2014\/04\/header2.jpg\" class=\"attachment-full size-full wp-image-6\" alt=\"\" srcset=\"https:\/\/eunis.org\/eunisrectors14\/wp-content\/uploads\/sites\/5\/2014\/04\/header2.jpg 880w, https:\/\/eunis.org\/eunisrectors14\/wp-content\/uploads\/sites\/5\/2014\/04\/header2-300x95.jpg 300w\" sizes=\"(max-width: 880px) 100vw, 880px\" \/>\t\t\t\t\t\t\t\t\t\t\t\t\t\t\t<\/div>\n\t\t\t\t<\/div>\n\t\t\t\t<\/div>\n\t\t<div class=\"elementor-element elementor-element-803fd97 e-flex e-con-boxed e-con e-parent\" data-id=\"803fd97\" data-element_type=\"container\" data-e-type=\"container\">\n\t\t\t\t\t<div class=\"e-con-inner\">\n\t\t\t\t<div class=\"elementor-element elementor-element-c9e09a5 elementor-widget elementor-widget-spacer\" data-id=\"c9e09a5\" data-element_type=\"widget\" data-e-type=\"widget\" data-widget_type=\"spacer.default\">\n\t\t\t\t<div class=\"elementor-widget-container\">\n\t\t\t\t\t\t\t<div class=\"elementor-spacer\">\n\t\t\t<div class=\"elementor-spacer-inner\"><\/div>\n\t\t<\/div>\n\t\t\t\t\t\t<\/div>\n\t\t\t\t<\/div>\n\t\t\t\t\t<\/div>\n\t\t\t\t<\/div>\n\t\t<div class=\"elementor-element elementor-element-c72352d e-flex e-con-boxed e-con e-parent\" data-id=\"c72352d\" data-element_type=\"container\" data-e-type=\"container\">\n\t\t\t\t\t<div class=\"e-con-inner\">\n\t\t<div class=\"elementor-element elementor-element-bc393d6 e-con-full e-flex e-con e-child\" data-id=\"bc393d6\" data-element_type=\"container\" data-e-type=\"container\">\n\t\t\t\t<div class=\"elementor-element elementor-element-44e03f8 elementor-widget elementor-widget-image-gallery\" data-id=\"44e03f8\" data-element_type=\"widget\" data-e-type=\"widget\" data-widget_type=\"image-gallery.default\">\n\t\t\t\t<div class=\"elementor-widget-container\">\n\t\t\t\t\t\t\t<div class=\"elementor-image-gallery\">\n\t\t\t<div id='gallery-1' class='gallery galleryid-439 gallery-columns-1 gallery-size-medium'><figure class='gallery-item'>\n\t\t\t<div class='gallery-icon landscape'>\n\t\t\t\t<a data-elementor-open-lightbox=\"yes\" data-elementor-lightbox-slideshow=\"44e03f8\" data-elementor-lightbox-title=\"eunislogo1\" data-e-action-hash=\"#elementor-action%3Aaction%3Dlightbox%26settings%3DeyJpZCI6NDI0LCJ1cmwiOiJodHRwczpcL1wvZXVuaXMub3JnXC9ldW5pc3JlY3RvcnMxNFwvd3AtY29udGVudFwvdXBsb2Fkc1wvc2l0ZXNcLzVcLzIwMjNcLzEwXC9ldW5pc2xvZ28xLmpwZyIsInNsaWRlc2hvdyI6IjQ0ZTAzZjgifQ%3D%3D\" href='https:\/\/eunis.org\/eunisrectors14\/wp-content\/uploads\/sites\/5\/2023\/10\/eunislogo1.jpg'><img decoding=\"async\" width=\"80\" height=\"80\" src=\"https:\/\/eunis.org\/eunisrectors14\/wp-content\/uploads\/sites\/5\/2023\/10\/eunislogo1.jpg\" class=\"attachment-medium size-medium\" alt=\"\" \/><\/a>\n\t\t\t<\/div><\/figure><figure class='gallery-item'>\n\t\t\t<div class='gallery-icon landscape'>\n\t\t\t\t<a data-elementor-open-lightbox=\"yes\" data-elementor-lightbox-slideshow=\"44e03f8\" data-elementor-lightbox-title=\"hylogo1\" data-e-action-hash=\"#elementor-action%3Aaction%3Dlightbox%26settings%3DeyJpZCI6NDQzLCJ1cmwiOiJodHRwczpcL1wvZXVuaXMub3JnXC9ldW5pc3JlY3RvcnMxNFwvd3AtY29udGVudFwvdXBsb2Fkc1wvc2l0ZXNcLzVcLzIwMjNcLzEwXC9oeWxvZ28xLmpwZyIsInNsaWRlc2hvdyI6IjQ0ZTAzZjgifQ%3D%3D\" href='https:\/\/eunis.org\/eunisrectors14\/wp-content\/uploads\/sites\/5\/2023\/10\/hylogo1.jpg'><img decoding=\"async\" width=\"80\" height=\"76\" src=\"https:\/\/eunis.org\/eunisrectors14\/wp-content\/uploads\/sites\/5\/2023\/10\/hylogo1.jpg\" class=\"attachment-medium size-medium\" alt=\"\" \/><\/a>\n\t\t\t<\/div><\/figure><figure class='gallery-item'>\n\t\t\t<div class='gallery-icon landscape'>\n\t\t\t\t<a data-elementor-open-lightbox=\"yes\" data-elementor-lightbox-slideshow=\"44e03f8\" data-elementor-lightbox-title=\"aaltologo1\" data-e-action-hash=\"#elementor-action%3Aaction%3Dlightbox%26settings%3DeyJpZCI6NDQ0LCJ1cmwiOiJodHRwczpcL1wvZXVuaXMub3JnXC9ldW5pc3JlY3RvcnMxNFwvd3AtY29udGVudFwvdXBsb2Fkc1wvc2l0ZXNcLzVcLzIwMjNcLzEwXC9hYWx0b2xvZ28xLmpwZyIsInNsaWRlc2hvdyI6IjQ0ZTAzZjgifQ%3D%3D\" href='https:\/\/eunis.org\/eunisrectors14\/wp-content\/uploads\/sites\/5\/2023\/10\/aaltologo1.jpg'><img loading=\"lazy\" decoding=\"async\" width=\"80\" height=\"76\" src=\"https:\/\/eunis.org\/eunisrectors14\/wp-content\/uploads\/sites\/5\/2023\/10\/aaltologo1.jpg\" class=\"attachment-medium size-medium\" alt=\"\" \/><\/a>\n\t\t\t<\/div><\/figure>\n\t\t<\/div>\n\t\t<\/div>\n\t\t\t\t\t\t<\/div>\n\t\t\t\t<\/div>\n\t\t\t\t<\/div>\n\t\t<div class=\"elementor-element elementor-element-b7a4d59 e-con-full e-flex e-con e-child\" data-id=\"b7a4d59\" data-element_type=\"container\" data-e-type=\"container\">\n\t\t\t\t<div class=\"elementor-element elementor-element-51547a7 elementor-widget elementor-widget-text-editor\" data-id=\"51547a7\" data-element_type=\"widget\" data-e-type=\"widget\" data-widget_type=\"text-editor.default\">\n\t\t\t\t<div class=\"elementor-widget-container\">\n\t\t\t\t\t\t\t\t\t<h1 id=\"title\" style=\"font-weight: 100; color: #015fff;\">The New Digital Era in Higher Education<\/h1><div><p>The 4th Eunis Rectors Conference was\u00a0held in Helsinki and Espoo on April 3-5, 2014. The theme of the conference was\u00a0\u201cThe New Digital Era in Higher Education\u201d and the program featured leading experts on the subject, such as:<\/p><ul><li><strong>Zbigniew Marciniak<\/strong>, Former Under Secretary of State in the Ministry of Science and Higher Education, Institute of Mathematics at the University of Warsaw, Poland<\/li><li><strong>Catherine Mongenet<\/strong>, Charg\u00e9e de mission France Universit\u00e9 Num\u00e9rique, France<\/li><li><strong>Ricardo Ferreira<\/strong>, Policy Officer \u2013 Opening up Education initiative, European Commission<\/li><li><strong>Javier Uceda<\/strong>, General manager of the UPM &#8220;City of the Future&#8221; Initiative, Spain<\/li><\/ul><p>Our conference speakers aim to give you the answers on what every rector should know to stay on top of the constant changes both in technology and in the overall environment:<\/p><ul><li>Massive Open On-Line Courses (MOOCs)<\/li><li>Cloud technologies<\/li><li>Collaboration requirements to save costs<\/li><li>Competition on resources<\/li><li>Co-operation with enterprises<\/li><li>Expectations of the society in general<\/li><\/ul><p>The hosts of the conference\u00a0were\u00a0University of Helsinki and Aalto University<\/p><p>Platinum Sponsors of the EUNIS Rectors&#8217; Conference 2014:<\/p><p><a href=\"http:\/\/eunis.org\/eunisrectors14\/wp-content\/uploads\/sites\/5\/2014\/04\/image.jpg\"><img loading=\"lazy\" decoding=\"async\" class=\"alignnone size-full wp-image-13\" src=\"http:\/\/eunis.org\/eunisrectors14\/wp-content\/uploads\/sites\/5\/2014\/04\/image.jpg\" alt=\"image\" width=\"103\" height=\"40\" \/><\/a>\u00a0 \u00a0<a href=\"http:\/\/eunis.org\/eunisrectors14\/wp-content\/uploads\/sites\/5\/2014\/04\/image1.jpg\"><img loading=\"lazy\" decoding=\"async\" class=\"alignnone size-full wp-image-14\" src=\"http:\/\/eunis.org\/eunisrectors14\/wp-content\/uploads\/sites\/5\/2014\/04\/image1.jpg\" alt=\"image\" width=\"140\" height=\"40\" \/><\/a><\/p><\/div>\t\t\t\t\t\t\t\t<\/div>\n\t\t\t\t<\/div>\n\t\t\t\t<\/div>\n\t\t\t\t\t<\/div>\n\t\t\t\t<\/div>\n\t\t\t\t<\/div>\n\t\t","protected":false},"excerpt":{"rendered":"<p>The New Digital Era in Higher Education The 4th Eunis Rectors Conference was\u00a0held in Helsinki and Espoo on April 3-5, 2014. The theme of the conference was\u00a0\u201cThe New Digital Era in Higher Education\u201d and the program featured leading experts on the subject, such as: Zbigniew Marciniak, Former Under Secretary of State in the Ministry of [&hellip;]<\/p>\n","protected":false},"author":233,"featured_media":0,"parent":0,"menu_order":0,"comment_status":"closed","ping_status":"closed","template":"page-homepage.php","meta":{"footnotes":""},"class_list":["post-439","page","type-page","status-publish","hentry"],"_links":{"self":[{"href":"https:\/\/eunis.org\/eunisrectors14\/wp-json\/wp\/v2\/pages\/439","targetHints":{"allow":["GET"]}}],"collection":[{"href":"https:\/\/eunis.org\/eunisrectors14\/wp-json\/wp\/v2\/pages"}],"about":[{"href":"https:\/\/eunis.org\/eunisrectors14\/wp-json\/wp\/v2\/types\/page"}],"author":[{"embeddable":true,"href":"https:\/\/eunis.org\/eunisrectors14\/wp-json\/wp\/v2\/users\/233"}],"replies":[{"embeddable":true,"href":"https:\/\/eunis.org\/eunisrectors14\/wp-json\/wp\/v2\/comments?post=439"}],"version-history":[{"count":10,"href":"https:\/\/eunis.org\/eunisrectors14\/wp-json\/wp\/v2\/pages\/439\/revisions"}],"predecessor-version":[{"id":458,"href":"https:\/\/eunis.org\/eunisrectors14\/wp-json\/wp\/v2\/pages\/439\/revisions\/458"}],"wp:attachment":[{"href":"https:\/\/eunis.org\/eunisrectors14\/wp-json\/wp\/v2\/media?parent=439"}],"curies":[{"name":"wp","href":"https:\/\/api.w.org\/{rel}","templated":true}]}}