{"id":1044,"date":"2017-01-16T14:17:37","date_gmt":"2017-01-16T13:17:37","guid":{"rendered":"https:\/\/eunis.org\/eunisrectors18\/?page_id=1044"},"modified":"2023-10-05T14:31:18","modified_gmt":"2023-10-05T12:31:18","slug":"registration","status":"publish","type":"page","link":"https:\/\/eunis.org\/eunisrectors18\/registration\/","title":{"rendered":"Registration"},"content":{"rendered":"\n<p>For registration and&nbsp;hotel reservations please select the registration link below on this page. These services are offered by&nbsp;<a href=\"http:\/\/www.abreuevents.com\/Homepage-34525.aspx\">Abreu Events<\/a>. If you need further assistance, please contact Mrs. T\u00e2nia Cid Rodrigues who will be happy to help.<\/p>\n\n\n\n<p><strong>T\u00e2nia Cid Rodrigues&nbsp;<\/strong><br>ABREU EVENTS<br>Pra\u00e7a da Trindade, 142, 4\u00ba Floor<br>4000-539 Porto \u2013 Portugal<br>Tel: +351 22 204 3680<br>E-mail:&nbsp;&nbsp;<a href=\"mailto:tania.rodrigues@abreu.pt\">tania.rodrigues@abreu.pt<\/a><\/p>\n\n\n\n<p><strong>TAP Air Portugal<\/strong>&nbsp;<strong>is the official carrier of EUNIS Rectors\u2019 Conference 2018<\/strong>. Please <a href=\"http:\/\/eunis.org\/eunisrectors18\/wp-content\/uploads\/sites\/12\/2018\/02\/EUNIS-Rectors-Conference-2018-TAP.pdf\" target=\"_blank\" rel=\"noreferrer noopener\">see here<\/a> the&nbsp;<strong>conditions<\/strong>&nbsp;<strong>and<\/strong>&nbsp;<strong>benefits<\/strong>&nbsp;offered by TAP if you make your flight booking and buy your ticket through&nbsp;<a href=\"http:\/\/www.flytap.com\/\">TAP Air Portugal\u2019s website<\/a>.<\/p>\n\n\n\n<h2 class=\"wp-block-heading\">Fees:<\/h2>\n\n\n\n<p>Registration EUNIS Member (Early Bird Fee): <strong>400,00 \u20ac<\/strong><\/p>\n\n\n\n<p>Registration EUNIS Non-Member (Early Bird Fee): <strong>500,00 \u20ac<\/strong><\/p>\n\n\n\n<p>Registration EUNIS Member (Standard Fee): <strong>450,00 \u20ac<\/strong><\/p>\n\n\n\n<p>Registration EUNIS Non-Member (Standard Fee): <strong>550,00 \u20ac<\/strong><\/p>\n\n\n\n<p>Registration On-Site: <strong>600,00 \u20ac<\/strong><\/p>\n\n\n\n<p>Fees include VAT.<\/p>\n\n\n\n<hr class=\"wp-block-separator has-alpha-channel-opacity\"\/>\n\n\n\n<p>Early Bird Fee: <strong>until 28 February 2018<\/strong><\/p>\n\n\n\n<p>Standard Fee: <strong>until 16 April 2018<\/strong><\/p>\n\n\n\n<p>On-Site Fee: <strong>after<\/strong> <strong>16 April 2018<\/strong><\/p>\n\n\n\n<p>Additional social programme ticket: <strong>150,00 \u20ac<\/strong><\/p>\n\n\n\n<p><strong>The conference registration fee includes<\/strong>:<\/p>\n\n\n\n<p>Access to all conference sessions<\/p>\n\n\n\n<p>All conference materials<\/p>\n\n\n\n<p>Coffee breaks and lunches<\/p>\n\n\n\n<p>Social programme<\/p>\n\n\n\n<p><strong>Social programme registration fee includes<\/strong>:<\/p>\n\n\n\n<p>Guided Tour, on the morning of 26 April<\/p>\n\n\n\n<p>Welcome reception, on the evening of 26 April<\/p>\n\n\n\n<p>Douro river cruise, on 27 April<\/p>\n\n\n\n<p>Gala dinner, on the evening of 27 April<\/p>\n\n\n\n<div class=\"wp-block-buttons is-content-justification-center is-layout-flex wp-container-core-buttons-is-layout-16018d1d wp-block-buttons-is-layout-flex\">\n<div class=\"wp-block-button is-style-fill\"><a class=\"wp-block-button__link has-background has-text-align-center wp-element-button\" href=\"https:\/\/www.congressospco.abreu.pt\/EUNIS-34345.aspx\" style=\"border-radius:19px;background-color:#f7be68\">Registration here<\/a><\/div>\n<\/div>\n","protected":false},"excerpt":{"rendered":"<p>For registration and&nbsp;hotel reservations please select the registration link below on this page. These services are offered by&nbsp;Abreu Events. If you need further assistance, please contact Mrs. T\u00e2nia Cid Rodrigues who will be happy to help. T\u00e2nia Cid Rodrigues&nbsp;ABREU EVENTSPra\u00e7a da Trindade, 142, 4\u00ba Floor4000-539 Porto \u2013 PortugalTel: +351 22 204 3680E-mail:&nbsp;&nbsp;tania.rodrigues@abreu.pt TAP Air Portugal&nbsp;is [&hellip;]<\/p>\n","protected":false},"author":233,"featured_media":0,"parent":0,"menu_order":0,"comment_status":"closed","ping_status":"closed","template":"","meta":{"footnotes":"[]"},"class_list":["post-1044","page","type-page","status-publish","hentry"],"_links":{"self":[{"href":"https:\/\/eunis.org\/eunisrectors18\/wp-json\/wp\/v2\/pages\/1044","targetHints":{"allow":["GET"]}}],"collection":[{"href":"https:\/\/eunis.org\/eunisrectors18\/wp-json\/wp\/v2\/pages"}],"about":[{"href":"https:\/\/eunis.org\/eunisrectors18\/wp-json\/wp\/v2\/types\/page"}],"author":[{"embeddable":true,"href":"https:\/\/eunis.org\/eunisrectors18\/wp-json\/wp\/v2\/users\/233"}],"replies":[{"embeddable":true,"href":"https:\/\/eunis.org\/eunisrectors18\/wp-json\/wp\/v2\/comments?post=1044"}],"version-history":[{"count":5,"href":"https:\/\/eunis.org\/eunisrectors18\/wp-json\/wp\/v2\/pages\/1044\/revisions"}],"predecessor-version":[{"id":1052,"href":"https:\/\/eunis.org\/eunisrectors18\/wp-json\/wp\/v2\/pages\/1044\/revisions\/1052"}],"wp:attachment":[{"href":"https:\/\/eunis.org\/eunisrectors18\/wp-json\/wp\/v2\/media?parent=1044"}],"curies":[{"name":"wp","href":"https:\/\/api.w.org\/{rel}","templated":true}]}}