{"id":1069,"date":"2017-01-16T14:54:11","date_gmt":"2017-01-16T13:54:11","guid":{"rendered":"https:\/\/eunis.org\/eunisrectors18\/?page_id=1069"},"modified":"2023-10-05T14:56:04","modified_gmt":"2023-10-05T12:56:04","slug":"committees","status":"publish","type":"page","link":"https:\/\/eunis.org\/eunisrectors18\/committees\/","title":{"rendered":"Committees"},"content":{"rendered":"\n<p>Meet the people behind this conference.<\/p>\n\n\n\n<hr class=\"wp-block-separator has-alpha-channel-opacity\"\/>\n\n\n\n<h2 class=\"wp-block-heading\">Programme Committee:<\/h2>\n\n\n\n<ul class=\"wp-block-list\">\n<li>Jos\u00e9 Martins Ferreira \u2013 Vice Rector, University of Porto, <strong>Chairperson<\/strong>, Portugal<\/li>\n\n\n\n<li>Raimund Vogl \u2013 EUNIS President, Director of IT for the University of M\u00fcnster, Germany<\/li>\n\n\n\n<li>Jean-Fran\u00e7ois Desnos \u2013 EUNIS Executive Secretary, France<\/li>\n\n\n\n<li>Yves Epelboin \u2013 EUNIS, Emeritus Professor, UPMC, France<\/li>\n\n\n\n<li>Ramon Grau-Sala \u2013 EUNIS Board Member, General Manager at SIGMA Gesti\u00f3n Universitaria, Spain<\/li>\n\n\n\n<li>Jan Madey \u2013 EUNIS, Professor, University of Warsaw, Poland<\/li>\n\n\n\n<li>Jos\u00e9 Lu\u00eds Mour\u00e3o \u2013 Pro Rector, University of Tr\u00e1s-os-Montes e Alto Douro, Portugal<\/li>\n\n\n\n<li>Fernando Remi\u00e3o \u2013 Pro Rector, University of Porto, Portugal<\/li>\n\n\n\n<li>Ilkka Siissalo \u2013 EUNIS Vice-President, CIO, University of Helsinki, Finland<\/li>\n\n\n\n<li>Tomasz Szmuc \u2013 EUNIS Vice-President, Professor, AGH University of Science and Technology, Poland<\/li>\n\n\n\n<li>Ant\u00f3nio Teixeira \u2013 Dean, Portuguese Open University, Portugal<\/li>\n\n\n\n<li>Filipe Vaz \u2013 Pro Rector, University of Minho, Portugal<\/li>\n\n\n\n<li>Ivan Vrana \u2013 EUNIS-CZ President, Professor, CULS, Czech Republic<\/li>\n<\/ul>\n\n\n\n<hr class=\"wp-block-separator has-alpha-channel-opacity\"\/>\n\n\n\n<h2 class=\"wp-block-heading\">Organising Committee:<\/h2>\n\n\n\n<ul class=\"wp-block-list\">\n<li>L\u00edgia Ribeiro \u2013 EUNIS Board Member, Researcher, University of Porto,&nbsp;<strong>Chairperson<\/strong>, Portugal<\/li>\n\n\n\n<li>Carlos Brito \u2013 Pro Rector, University of Porto, Portugal<\/li>\n\n\n\n<li>Goreti Carneiro \u2013 Executive Board Member, Faculty of Sciences, University of Porto, Portugal<\/li>\n\n\n\n<li>Jean-Fran\u00e7ois Desnos \u2013 EUNIS Executive Secretary, France<\/li>\n<\/ul>\n","protected":false},"excerpt":{"rendered":"<p>Meet the people behind this conference. Programme Committee: Organising Committee:<\/p>\n","protected":false},"author":233,"featured_media":0,"parent":0,"menu_order":0,"comment_status":"closed","ping_status":"closed","template":"","meta":{"footnotes":""},"class_list":["post-1069","page","type-page","status-publish","hentry"],"_links":{"self":[{"href":"https:\/\/eunis.org\/eunisrectors18\/wp-json\/wp\/v2\/pages\/1069","targetHints":{"allow":["GET"]}}],"collection":[{"href":"https:\/\/eunis.org\/eunisrectors18\/wp-json\/wp\/v2\/pages"}],"about":[{"href":"https:\/\/eunis.org\/eunisrectors18\/wp-json\/wp\/v2\/types\/page"}],"author":[{"embeddable":true,"href":"https:\/\/eunis.org\/eunisrectors18\/wp-json\/wp\/v2\/users\/233"}],"replies":[{"embeddable":true,"href":"https:\/\/eunis.org\/eunisrectors18\/wp-json\/wp\/v2\/comments?post=1069"}],"version-history":[{"count":2,"href":"https:\/\/eunis.org\/eunisrectors18\/wp-json\/wp\/v2\/pages\/1069\/revisions"}],"predecessor-version":[{"id":1072,"href":"https:\/\/eunis.org\/eunisrectors18\/wp-json\/wp\/v2\/pages\/1069\/revisions\/1072"}],"wp:attachment":[{"href":"https:\/\/eunis.org\/eunisrectors18\/wp-json\/wp\/v2\/media?parent=1069"}],"curies":[{"name":"wp","href":"https:\/\/api.w.org\/{rel}","templated":true}]}}