{"id":82,"date":"2017-01-16T19:35:48","date_gmt":"2017-01-16T19:35:48","guid":{"rendered":"http:\/\/eunis.org\/eunisrectors18\/?page_id=82"},"modified":"2023-10-07T10:16:29","modified_gmt":"2023-10-07T08:16:29","slug":"speakers","status":"publish","type":"page","link":"https:\/\/eunis.org\/eunisrectors18\/speakers\/","title":{"rendered":"Speakers"},"content":{"rendered":"\t\t<div data-elementor-type=\"wp-page\" data-elementor-id=\"82\" class=\"elementor elementor-82\">\n\t\t\t\t<div class=\"elementor-element elementor-element-28fd8f4f e-flex e-con-boxed e-con e-parent\" data-id=\"28fd8f4f\" data-element_type=\"container\" data-e-type=\"container\">\n\t\t\t\t\t<div class=\"e-con-inner\">\n\t\t\t\t<div class=\"elementor-element elementor-element-10cb7fc0 elementor-widget elementor-widget-text-editor\" data-id=\"10cb7fc0\" data-element_type=\"widget\" data-e-type=\"widget\" data-widget_type=\"text-editor.default\">\n\t\t\t\t<div class=\"elementor-widget-container\">\n\t\t\t\t\t\t\t\t\tMeet our speakers. World-renowned specialists and notable personalities from their areas of expertise will share their experience at this event. The <strong>conference presentations<\/strong> are available here on each speaker&#8217;s profile page.\t\t\t\t\t\t\t\t<\/div>\n\t\t\t\t<\/div>\n\t\t\t\t<div class=\"elementor-element elementor-element-ef72f24 elementor-widget-divider--view-line elementor-widget elementor-widget-divider\" data-id=\"ef72f24\" data-element_type=\"widget\" data-e-type=\"widget\" data-widget_type=\"divider.default\">\n\t\t\t\t<div class=\"elementor-widget-container\">\n\t\t\t\t\t\t\t<div class=\"elementor-divider\">\n\t\t\t<span class=\"elementor-divider-separator\">\n\t\t\t\t\t\t<\/span>\n\t\t<\/div>\n\t\t\t\t\t\t<\/div>\n\t\t\t\t<\/div>\n\t\t\t\t<div class=\"elementor-element elementor-element-f02b808 elementor-widget elementor-widget-heading\" data-id=\"f02b808\" data-element_type=\"widget\" data-e-type=\"widget\" data-widget_type=\"heading.default\">\n\t\t\t\t<div class=\"elementor-widget-container\">\n\t\t\t\t\t<h2 class=\"elementor-heading-title elementor-size-default\">April 26th 2018<\/h2>\t\t\t\t<\/div>\n\t\t\t\t<\/div>\n\t\t\t\t<div class=\"elementor-element elementor-element-1cefb75 elementor-widget elementor-widget-eunis_speakers\" data-id=\"1cefb75\" data-element_type=\"widget\" data-e-type=\"widget\" data-widget_type=\"eunis_speakers.default\">\n\t\t\t\t<div class=\"elementor-widget-container\">\n\t\t\t\t\t\t<div class=\"uk-grid uk-grid-match uk-grid-medium\">\r\n\t\t\t\t<div class=\"uk-width-1-1 uk-width-1-3@m\">\r\n\t\t\t<div class=\"speaker-item\">\r\n\t\t\t\t\t\t\t\t<a href=\"https:\/\/eunis.org\/eunisrectors18\/session-speaker?id=49\">\r\n\t\t\t\t\t<img decoding=\"async\" src=\"https:\/\/eunis.org\/eunisrectors18\/wp-content\/uploads\/sites\/12\/2018\/02\/carlos_moedas-final.jpg\" alt=\"Carlos Moedas\" \/>\r\n\t\t\t\t\t<span class=\"speaker-name\">Carlos Moedas<\/span>\r\n\t\t\t\t\t<span class=\"speaker-jobtitle\"><\/span>\r\n\t\t\t\t<\/a>\r\n\t\t\t<\/div>\r\n\t\t<\/div>\r\n\t\t\t\t<div class=\"uk-width-1-1 uk-width-1-3@m\">\r\n\t\t\t<div class=\"speaker-item\">\r\n\t\t\t\t\t\t\t\t<a href=\"https:\/\/eunis.org\/eunisrectors18\/session-speaker?id=60\">\r\n\t\t\t\t\t<img decoding=\"async\" src=\"https:\/\/eunis.org\/eunisrectors18\/wp-content\/uploads\/sites\/12\/2017\/01\/Lauritz-B-Holm-Nielsen.jpg\" alt=\"Lauritz B. Holm-Nielsen\" \/>\r\n\t\t\t\t\t<span class=\"speaker-name\">Lauritz B. Holm-Nielsen<\/span>\r\n\t\t\t\t\t<span class=\"speaker-jobtitle\"><\/span>\r\n\t\t\t\t<\/a>\r\n\t\t\t<\/div>\r\n\t\t<\/div>\r\n\t\t\t\t<div class=\"uk-width-1-1 uk-width-1-3@m\">\r\n\t\t\t<div class=\"speaker-item\">\r\n\t\t\t\t\t\t\t\t<a href=\"https:\/\/eunis.org\/eunisrectors18\/session-speaker?id=63\">\r\n\t\t\t\t\t<img decoding=\"async\" src=\"https:\/\/eunis.org\/eunisrectors18\/wp-content\/uploads\/sites\/12\/2017\/01\/Paul-LeBlanc.jpg\" alt=\"Paul LeBlanc\" \/>\r\n\t\t\t\t\t<span class=\"speaker-name\">Paul LeBlanc<\/span>\r\n\t\t\t\t\t<span class=\"speaker-jobtitle\"><\/span>\r\n\t\t\t\t<\/a>\r\n\t\t\t<\/div>\r\n\t\t<\/div>\r\n\t\t\t\t<div class=\"uk-width-1-1 uk-width-1-3@m\">\r\n\t\t\t<div class=\"speaker-item\">\r\n\t\t\t\t\t\t\t\t<a href=\"https:\/\/eunis.org\/eunisrectors18\/session-speaker?id=64\">\r\n\t\t\t\t\t<img decoding=\"async\" src=\"https:\/\/eunis.org\/eunisrectors18\/wp-content\/uploads\/sites\/12\/2017\/01\/john-obrien.jpg\" alt=\"John O\u2019Brien\" \/>\r\n\t\t\t\t\t<span class=\"speaker-name\">John O\u2019Brien<\/span>\r\n\t\t\t\t\t<span class=\"speaker-jobtitle\"><\/span>\r\n\t\t\t\t<\/a>\r\n\t\t\t<\/div>\r\n\t\t<\/div>\r\n\t\t\t<\/div>\r\n\t\t\t\t\t<\/div>\n\t\t\t\t<\/div>\n\t\t\t\t<div class=\"elementor-element elementor-element-c94608f elementor-widget-divider--view-line elementor-widget elementor-widget-divider\" data-id=\"c94608f\" data-element_type=\"widget\" data-e-type=\"widget\" data-widget_type=\"divider.default\">\n\t\t\t\t<div class=\"elementor-widget-container\">\n\t\t\t\t\t\t\t<div class=\"elementor-divider\">\n\t\t\t<span class=\"elementor-divider-separator\">\n\t\t\t\t\t\t<\/span>\n\t\t<\/div>\n\t\t\t\t\t\t<\/div>\n\t\t\t\t<\/div>\n\t\t\t\t<div class=\"elementor-element elementor-element-f82022d elementor-widget elementor-widget-heading\" data-id=\"f82022d\" data-element_type=\"widget\" data-e-type=\"widget\" data-widget_type=\"heading.default\">\n\t\t\t\t<div class=\"elementor-widget-container\">\n\t\t\t\t\t<h2 class=\"elementor-heading-title elementor-size-default\">April 27th 2018<\/h2>\t\t\t\t<\/div>\n\t\t\t\t<\/div>\n\t\t\t\t<div class=\"elementor-element elementor-element-b23eb64 elementor-widget elementor-widget-eunis_speakers\" data-id=\"b23eb64\" data-element_type=\"widget\" data-e-type=\"widget\" data-widget_type=\"eunis_speakers.default\">\n\t\t\t\t<div class=\"elementor-widget-container\">\n\t\t\t\t\t\t<div class=\"uk-grid uk-grid-match uk-grid-medium\">\r\n\t\t\t\t<div class=\"uk-width-1-1 uk-width-1-3@m\">\r\n\t\t\t<div class=\"speaker-item\">\r\n\t\t\t\t\t\t\t\t<a href=\"https:\/\/eunis.org\/eunisrectors18\/session-speaker?id=50\">\r\n\t\t\t\t\t<img decoding=\"async\" src=\"https:\/\/eunis.org\/eunisrectors18\/wp-content\/uploads\/sites\/12\/2018\/02\/Filipe-Araujo.jpg\" alt=\"Filipe Ara\u00fajo\" \/>\r\n\t\t\t\t\t<span class=\"speaker-name\">Filipe Ara\u00fajo<\/span>\r\n\t\t\t\t\t<span class=\"speaker-jobtitle\"><\/span>\r\n\t\t\t\t<\/a>\r\n\t\t\t<\/div>\r\n\t\t<\/div>\r\n\t\t\t\t<div class=\"uk-width-1-1 uk-width-1-3@m\">\r\n\t\t\t<div class=\"speaker-item\">\r\n\t\t\t\t\t\t\t\t<a href=\"https:\/\/eunis.org\/eunisrectors18\/session-speaker?id=51\">\r\n\t\t\t\t\t<img decoding=\"async\" src=\"https:\/\/eunis.org\/eunisrectors18\/wp-content\/uploads\/sites\/12\/2018\/01\/Shijie-Yu-eunis.jpg\" alt=\"Shijie Yu\" \/>\r\n\t\t\t\t\t<span class=\"speaker-name\">Shijie Yu<\/span>\r\n\t\t\t\t\t<span class=\"speaker-jobtitle\"><\/span>\r\n\t\t\t\t<\/a>\r\n\t\t\t<\/div>\r\n\t\t<\/div>\r\n\t\t\t\t<div class=\"uk-width-1-1 uk-width-1-3@m\">\r\n\t\t\t<div class=\"speaker-item\">\r\n\t\t\t\t\t\t\t\t<a href=\"https:\/\/eunis.org\/eunisrectors18\/session-speaker?id=54\">\r\n\t\t\t\t\t<img decoding=\"async\" src=\"https:\/\/eunis.org\/eunisrectors18\/wp-content\/uploads\/sites\/12\/2017\/08\/reitor-coimbra.jpg\" alt=\"Jo\u00e3o Gabriel Silva\" \/>\r\n\t\t\t\t\t<span class=\"speaker-name\">Jo\u00e3o Gabriel Silva<\/span>\r\n\t\t\t\t\t<span class=\"speaker-jobtitle\"><\/span>\r\n\t\t\t\t<\/a>\r\n\t\t\t<\/div>\r\n\t\t<\/div>\r\n\t\t\t\t<div class=\"uk-width-1-1 uk-width-1-3@m\">\r\n\t\t\t<div class=\"speaker-item\">\r\n\t\t\t\t\t\t\t\t<a href=\"https:\/\/eunis.org\/eunisrectors18\/session-speaker?id=55\">\r\n\t\t\t\t\t<img decoding=\"async\" src=\"https:\/\/eunis.org\/eunisrectors18\/wp-content\/uploads\/sites\/12\/2017\/07\/ortega2-1.jpg\" alt=\"J. G\u00f3mez Ortega\" \/>\r\n\t\t\t\t\t<span class=\"speaker-name\">J. G\u00f3mez Ortega<\/span>\r\n\t\t\t\t\t<span class=\"speaker-jobtitle\"><\/span>\r\n\t\t\t\t<\/a>\r\n\t\t\t<\/div>\r\n\t\t<\/div>\r\n\t\t\t\t<div class=\"uk-width-1-1 uk-width-1-3@m\">\r\n\t\t\t<div class=\"speaker-item\">\r\n\t\t\t\t\t\t\t\t<a href=\"https:\/\/eunis.org\/eunisrectors18\/session-speaker?id=56\">\r\n\t\t\t\t\t<img decoding=\"async\" src=\"https:\/\/eunis.org\/eunisrectors18\/wp-content\/uploads\/sites\/12\/2017\/05\/simon-nelson.jpg\" alt=\"Simon Nelson\" \/>\r\n\t\t\t\t\t<span class=\"speaker-name\">Simon Nelson<\/span>\r\n\t\t\t\t\t<span class=\"speaker-jobtitle\"><\/span>\r\n\t\t\t\t<\/a>\r\n\t\t\t<\/div>\r\n\t\t<\/div>\r\n\t\t\t\t<div class=\"uk-width-1-1 uk-width-1-3@m\">\r\n\t\t\t<div class=\"speaker-item\">\r\n\t\t\t\t\t\t\t\t<a href=\"https:\/\/eunis.org\/eunisrectors18\/session-speaker?id=57\">\r\n\t\t\t\t\t<img decoding=\"async\" src=\"https:\/\/eunis.org\/eunisrectors18\/wp-content\/uploads\/sites\/12\/2017\/07\/Michael-Gaebel.jpg\" alt=\"Michael Gaebel\" \/>\r\n\t\t\t\t\t<span class=\"speaker-name\">Michael Gaebel<\/span>\r\n\t\t\t\t\t<span class=\"speaker-jobtitle\"><\/span>\r\n\t\t\t\t<\/a>\r\n\t\t\t<\/div>\r\n\t\t<\/div>\r\n\t\t\t\t<div class=\"uk-width-1-1 uk-width-1-3@m\">\r\n\t\t\t<div class=\"speaker-item\">\r\n\t\t\t\t\t\t\t\t<a href=\"https:\/\/eunis.org\/eunisrectors18\/session-speaker?id=58\">\r\n\t\t\t\t\t<img decoding=\"async\" src=\"https:\/\/eunis.org\/eunisrectors18\/wp-content\/uploads\/sites\/12\/2017\/01\/Ian-Dunn3.jpg\" alt=\"Ian Dunn\" \/>\r\n\t\t\t\t\t<span class=\"speaker-name\">Ian Dunn<\/span>\r\n\t\t\t\t\t<span class=\"speaker-jobtitle\"><\/span>\r\n\t\t\t\t<\/a>\r\n\t\t\t<\/div>\r\n\t\t<\/div>\r\n\t\t\t\t<div class=\"uk-width-1-1 uk-width-1-3@m\">\r\n\t\t\t<div class=\"speaker-item\">\r\n\t\t\t\t\t\t\t\t<a href=\"https:\/\/eunis.org\/eunisrectors18\/session-speaker?id=59\">\r\n\t\t\t\t\t<img decoding=\"async\" src=\"https:\/\/eunis.org\/eunisrectors18\/wp-content\/uploads\/sites\/12\/2017\/01\/Arild-Raaheim.jpg\" alt=\"Arild Raaheim\" \/>\r\n\t\t\t\t\t<span class=\"speaker-name\">Arild Raaheim<\/span>\r\n\t\t\t\t\t<span class=\"speaker-jobtitle\"><\/span>\r\n\t\t\t\t<\/a>\r\n\t\t\t<\/div>\r\n\t\t<\/div>\r\n\t\t\t\t<div class=\"uk-width-1-1 uk-width-1-3@m\">\r\n\t\t\t<div class=\"speaker-item\">\r\n\t\t\t\t\t\t\t\t<a href=\"https:\/\/eunis.org\/eunisrectors18\/session-speaker?id=62\">\r\n\t\t\t\t\t<img decoding=\"async\" src=\"https:\/\/eunis.org\/eunisrectors18\/wp-content\/uploads\/sites\/12\/2017\/01\/Fred-Mulder.jpg\" alt=\"Fred Mulder\" \/>\r\n\t\t\t\t\t<span class=\"speaker-name\">Fred Mulder<\/span>\r\n\t\t\t\t\t<span class=\"speaker-jobtitle\"><\/span>\r\n\t\t\t\t<\/a>\r\n\t\t\t<\/div>\r\n\t\t<\/div>\r\n\t\t\t<\/div>\r\n\t\t\t\t\t<\/div>\n\t\t\t\t<\/div>\n\t\t\t\t<div class=\"elementor-element elementor-element-fdb2658 elementor-widget-divider--view-line elementor-widget elementor-widget-divider\" data-id=\"fdb2658\" data-element_type=\"widget\" data-e-type=\"widget\" data-widget_type=\"divider.default\">\n\t\t\t\t<div class=\"elementor-widget-container\">\n\t\t\t\t\t\t\t<div class=\"elementor-divider\">\n\t\t\t<span class=\"elementor-divider-separator\">\n\t\t\t\t\t\t<\/span>\n\t\t<\/div>\n\t\t\t\t\t\t<\/div>\n\t\t\t\t<\/div>\n\t\t\t\t<div class=\"elementor-element elementor-element-dc0b6e2 elementor-widget elementor-widget-heading\" data-id=\"dc0b6e2\" data-element_type=\"widget\" data-e-type=\"widget\" data-widget_type=\"heading.default\">\n\t\t\t\t<div class=\"elementor-widget-container\">\n\t\t\t\t\t<h2 class=\"elementor-heading-title elementor-size-default\">April 28th 2018<\/h2>\t\t\t\t<\/div>\n\t\t\t\t<\/div>\n\t\t\t\t<div class=\"elementor-element elementor-element-91d0da2 elementor-widget elementor-widget-eunis_speakers\" data-id=\"91d0da2\" data-element_type=\"widget\" data-e-type=\"widget\" data-widget_type=\"eunis_speakers.default\">\n\t\t\t\t<div class=\"elementor-widget-container\">\n\t\t\t\t\t\t<div class=\"uk-grid uk-grid-match uk-grid-medium\">\r\n\t\t\t\t<div class=\"uk-width-1-1 uk-width-1-3@m\">\r\n\t\t\t<div class=\"speaker-item\">\r\n\t\t\t\t\t\t\t\t<a href=\"https:\/\/eunis.org\/eunisrectors18\/session-speaker?id=45\">\r\n\t\t\t\t\t<img decoding=\"async\" src=\"https:\/\/eunis.org\/eunisrectors18\/wp-content\/uploads\/sites\/12\/2018\/03\/sarah-davies.jpg\" alt=\"Sarah Davies\" \/>\r\n\t\t\t\t\t<span class=\"speaker-name\">Sarah Davies<\/span>\r\n\t\t\t\t\t<span class=\"speaker-jobtitle\"><\/span>\r\n\t\t\t\t<\/a>\r\n\t\t\t<\/div>\r\n\t\t<\/div>\r\n\t\t\t\t<div class=\"uk-width-1-1 uk-width-1-3@m\">\r\n\t\t\t<div class=\"speaker-item\">\r\n\t\t\t\t\t\t\t\t<a href=\"https:\/\/eunis.org\/eunisrectors18\/session-speaker?id=52\">\r\n\t\t\t\t\t<img decoding=\"async\" src=\"https:\/\/eunis.org\/eunisrectors18\/wp-content\/uploads\/sites\/12\/2017\/09\/Venguswamy-Ramaswamy.jpg\" alt=\"Venguswamy Ramaswamy\" \/>\r\n\t\t\t\t\t<span class=\"speaker-name\">Venguswamy Ramaswamy<\/span>\r\n\t\t\t\t\t<span class=\"speaker-jobtitle\"><\/span>\r\n\t\t\t\t<\/a>\r\n\t\t\t<\/div>\r\n\t\t<\/div>\r\n\t\t\t\t<div class=\"uk-width-1-1 uk-width-1-3@m\">\r\n\t\t\t<div class=\"speaker-item\">\r\n\t\t\t\t\t\t\t\t<a href=\"https:\/\/eunis.org\/eunisrectors18\/session-speaker?id=53\">\r\n\t\t\t\t\t<img decoding=\"async\" src=\"https:\/\/eunis.org\/eunisrectors18\/wp-content\/uploads\/sites\/12\/2017\/09\/ron-barnett-final2.jpg\" alt=\"Ronald Barnett\" \/>\r\n\t\t\t\t\t<span class=\"speaker-name\">Ronald Barnett<\/span>\r\n\t\t\t\t\t<span class=\"speaker-jobtitle\"><\/span>\r\n\t\t\t\t<\/a>\r\n\t\t\t<\/div>\r\n\t\t<\/div>\r\n\t\t\t\t<div class=\"uk-width-1-1 uk-width-1-3@m\">\r\n\t\t\t<div class=\"speaker-item\">\r\n\t\t\t\t\t\t\t\t<a href=\"https:\/\/eunis.org\/eunisrectors18\/session-speaker?id=61\">\r\n\t\t\t\t\t<img decoding=\"async\" src=\"https:\/\/eunis.org\/eunisrectors18\/wp-content\/uploads\/sites\/12\/2017\/01\/nevena.jpg\" alt=\"Nevena Agaeva\" \/>\r\n\t\t\t\t\t<span class=\"speaker-name\">Nevena Agaeva<\/span>\r\n\t\t\t\t\t<span class=\"speaker-jobtitle\"><\/span>\r\n\t\t\t\t<\/a>\r\n\t\t\t<\/div>\r\n\t\t<\/div>\r\n\t\t\t<\/div>\r\n\t\t\t\t\t<\/div>\n\t\t\t\t<\/div>\n\t\t\t\t\t<\/div>\n\t\t\t\t<\/div>\n\t\t\t\t<\/div>\n\t\t","protected":false},"excerpt":{"rendered":"<p>Meet our speakers. World-renowned specialists and notable personalities from their areas of expertise will share their experience at this event. The conference presentations are available here on each speaker&#8217;s profile page. April 26th 2018 Carlos Moedas Lauritz B. Holm-Nielsen Paul LeBlanc John O\u2019Brien April 27th 2018 Filipe Ara\u00fajo Shijie Yu Jo\u00e3o Gabriel Silva J. G\u00f3mez [&hellip;]<\/p>\n","protected":false},"author":3,"featured_media":0,"parent":0,"menu_order":1,"comment_status":"closed","ping_status":"closed","template":"","meta":{"footnotes":""},"class_list":["post-82","page","type-page","status-publish","hentry"],"_links":{"self":[{"href":"https:\/\/eunis.org\/eunisrectors18\/wp-json\/wp\/v2\/pages\/82","targetHints":{"allow":["GET"]}}],"collection":[{"href":"https:\/\/eunis.org\/eunisrectors18\/wp-json\/wp\/v2\/pages"}],"about":[{"href":"https:\/\/eunis.org\/eunisrectors18\/wp-json\/wp\/v2\/types\/page"}],"author":[{"embeddable":true,"href":"https:\/\/eunis.org\/eunisrectors18\/wp-json\/wp\/v2\/users\/3"}],"replies":[{"embeddable":true,"href":"https:\/\/eunis.org\/eunisrectors18\/wp-json\/wp\/v2\/comments?post=82"}],"version-history":[{"count":8,"href":"https:\/\/eunis.org\/eunisrectors18\/wp-json\/wp\/v2\/pages\/82\/revisions"}],"predecessor-version":[{"id":1223,"href":"https:\/\/eunis.org\/eunisrectors18\/wp-json\/wp\/v2\/pages\/82\/revisions\/1223"}],"wp:attachment":[{"href":"https:\/\/eunis.org\/eunisrectors18\/wp-json\/wp\/v2\/media?parent=82"}],"curies":[{"name":"wp","href":"https:\/\/api.w.org\/{rel}","templated":true}]}}