{"id":70,"date":"2019-08-22T12:17:34","date_gmt":"2019-08-22T12:17:34","guid":{"rendered":"http:\/\/eunis.org\/eunisrectors20\/?page_id=70"},"modified":"2023-10-06T18:26:35","modified_gmt":"2023-10-06T18:26:35","slug":"speakers","status":"publish","type":"page","link":"https:\/\/eunis.org\/eunisrectors20\/speakers\/","title":{"rendered":"ALL SPEAKERS"},"content":{"rendered":"\t\t<div data-elementor-type=\"wp-page\" data-elementor-id=\"70\" class=\"elementor elementor-70\">\n\t\t\t\t<div class=\"elementor-element elementor-element-c0c9a81 e-flex e-con-boxed e-con e-parent\" data-id=\"c0c9a81\" data-element_type=\"container\" data-e-type=\"container\">\n\t\t\t\t\t<div class=\"e-con-inner\">\n\t\t\t\t<div class=\"elementor-element elementor-element-5e3f95f elementor-widget elementor-widget-heading\" data-id=\"5e3f95f\" data-element_type=\"widget\" data-e-type=\"widget\" data-widget_type=\"heading.default\">\n\t\t\t\t<div class=\"elementor-widget-container\">\n\t\t\t\t\t<h2 class=\"elementor-heading-title elementor-size-default\">Meet our speakers. World-renowned Rectors and Universities Presidents and notable specialists from their areas of expertise will share their experience at this event.<\/h2>\t\t\t\t<\/div>\n\t\t\t\t<\/div>\n\t\t\t\t<div class=\"elementor-element elementor-element-b511dad elementor-widget elementor-widget-heading\" data-id=\"b511dad\" data-element_type=\"widget\" data-e-type=\"widget\" data-widget_type=\"heading.default\">\n\t\t\t\t<div class=\"elementor-widget-container\">\n\t\t\t\t\t<h2 class=\"elementor-heading-title elementor-size-default\">April 23th 2020<\/h2>\t\t\t\t<\/div>\n\t\t\t\t<\/div>\n\t\t\t\t<div class=\"elementor-element elementor-element-04d202b elementor-widget elementor-widget-eunis_speakers\" data-id=\"04d202b\" data-element_type=\"widget\" data-e-type=\"widget\" data-widget_type=\"eunis_speakers.default\">\n\t\t\t\t<div class=\"elementor-widget-container\">\n\t\t\t\t\t\t<div class=\"uk-grid uk-grid-match uk-grid-medium\">\r\n\t\t\t\t<div class=\"uk-width-1-1 uk-width-1-3@m\">\r\n\t\t\t<div class=\"speaker-item\">\r\n\t\t\t\t\t\t\t\t<a href=\"https:\/\/eunis.org\/eunisrectors20\/session-speaker?id=31\">\r\n\t\t\t\t\t<img decoding=\"async\" src=\"https:\/\/eunis.org\/eunisrectors20\/wp-content\/uploads\/sites\/17\/2019\/11\/Francisco-Marmolejo.png\" alt=\"Francisco Marmolejo\" \/>\r\n\t\t\t\t\t<span class=\"speaker-name\">Francisco Marmolejo<\/span>\r\n\t\t\t\t\t<span class=\"speaker-jobtitle\"><\/span>\r\n\t\t\t\t<\/a>\r\n\t\t\t<\/div>\r\n\t\t<\/div>\r\n\t\t\t<\/div>\r\n\t\t\t\t\t<\/div>\n\t\t\t\t<\/div>\n\t\t\t\t<div class=\"elementor-element elementor-element-7f95005 elementor-widget-divider--view-line elementor-widget elementor-widget-divider\" data-id=\"7f95005\" data-element_type=\"widget\" data-e-type=\"widget\" data-widget_type=\"divider.default\">\n\t\t\t\t<div class=\"elementor-widget-container\">\n\t\t\t\t\t\t\t<div class=\"elementor-divider\">\n\t\t\t<span class=\"elementor-divider-separator\">\n\t\t\t\t\t\t<\/span>\n\t\t<\/div>\n\t\t\t\t\t\t<\/div>\n\t\t\t\t<\/div>\n\t\t\t\t<div class=\"elementor-element elementor-element-ff3bb2e elementor-widget elementor-widget-eunis_speakers\" data-id=\"ff3bb2e\" data-element_type=\"widget\" data-e-type=\"widget\" data-widget_type=\"eunis_speakers.default\">\n\t\t\t\t<div class=\"elementor-widget-container\">\n\t\t\t\t\t\t<div class=\"uk-grid uk-grid-match uk-grid-medium\">\r\n\t\t\t\t<div class=\"uk-width-1-1 uk-width-1-3@m\">\r\n\t\t\t<div class=\"speaker-item\">\r\n\t\t\t\t\t\t\t\t<a href=\"https:\/\/eunis.org\/eunisrectors20\/session-speaker?id=26\">\r\n\t\t\t\t\t<img decoding=\"async\" src=\"https:\/\/eunis.org\/eunisrectors20\/wp-content\/uploads\/sites\/17\/2020\/02\/tony1.jpg\" alt=\"Tony Sheehan\" \/>\r\n\t\t\t\t\t<span class=\"speaker-name\">Tony Sheehan<\/span>\r\n\t\t\t\t\t<span class=\"speaker-jobtitle\"><\/span>\r\n\t\t\t\t<\/a>\r\n\t\t\t<\/div>\r\n\t\t<\/div>\r\n\t\t\t\t<div class=\"uk-width-1-1 uk-width-1-3@m\">\r\n\t\t\t<div class=\"speaker-item\">\r\n\t\t\t\t\t\t\t\t<a href=\"https:\/\/eunis.org\/eunisrectors20\/session-speaker?id=33\">\r\n\t\t\t\t\t<img decoding=\"async\" src=\"https:\/\/eunis.org\/eunisrectors20\/wp-content\/uploads\/sites\/17\/2019\/11\/susan-grajek.png\" alt=\"Susan Grajek\" \/>\r\n\t\t\t\t\t<span class=\"speaker-name\">Susan Grajek<\/span>\r\n\t\t\t\t\t<span class=\"speaker-jobtitle\"><\/span>\r\n\t\t\t\t<\/a>\r\n\t\t\t<\/div>\r\n\t\t<\/div>\r\n\t\t\t\t<div class=\"uk-width-1-1 uk-width-1-3@m\">\r\n\t\t\t<div class=\"speaker-item\">\r\n\t\t\t\t\t\t\t\t<a href=\"https:\/\/eunis.org\/eunisrectors20\/session-speaker?id=35\">\r\n\t\t\t\t\t<img decoding=\"async\" src=\"https:\/\/eunis.org\/eunisrectors20\/wp-content\/uploads\/sites\/17\/2019\/11\/JoseMGuilbert.jpg\" alt=\"Jos\u00e9 Mar\u00eda Guibert\" \/>\r\n\t\t\t\t\t<span class=\"speaker-name\">Jos\u00e9 Mar\u00eda Guibert<\/span>\r\n\t\t\t\t\t<span class=\"speaker-jobtitle\"><\/span>\r\n\t\t\t\t<\/a>\r\n\t\t\t<\/div>\r\n\t\t<\/div>\r\n\t\t\t\t<div class=\"uk-width-1-1 uk-width-1-3@m\">\r\n\t\t\t<div class=\"speaker-item\">\r\n\t\t\t\t\t\t\t\t<a href=\"https:\/\/eunis.org\/eunisrectors20\/session-speaker?id=40\">\r\n\t\t\t\t\t<img decoding=\"async\" src=\"https:\/\/eunis.org\/eunisrectors20\/wp-content\/uploads\/sites\/17\/2019\/08\/iainmartin.jpg\" alt=\"Iain Martin\" \/>\r\n\t\t\t\t\t<span class=\"speaker-name\">Iain Martin<\/span>\r\n\t\t\t\t\t<span class=\"speaker-jobtitle\"><\/span>\r\n\t\t\t\t<\/a>\r\n\t\t\t<\/div>\r\n\t\t<\/div>\r\n\t\t\t\t<div class=\"uk-width-1-1 uk-width-1-3@m\">\r\n\t\t\t<div class=\"speaker-item\">\r\n\t\t\t\t\t\t\t\t<a href=\"https:\/\/eunis.org\/eunisrectors20\/session-speaker?id=42\">\r\n\t\t\t\t\t<img decoding=\"async\" src=\"https:\/\/eunis.org\/eunisrectors20\/wp-content\/uploads\/sites\/17\/2019\/10\/alvarorojas.jpg\" alt=\"Alvaro Rojas\" \/>\r\n\t\t\t\t\t<span class=\"speaker-name\">Alvaro Rojas<\/span>\r\n\t\t\t\t\t<span class=\"speaker-jobtitle\"><\/span>\r\n\t\t\t\t<\/a>\r\n\t\t\t<\/div>\r\n\t\t<\/div>\r\n\t\t\t\t<div class=\"uk-width-1-1 uk-width-1-3@m\">\r\n\t\t\t<div class=\"speaker-item\">\r\n\t\t\t\t\t\t\t\t<a href=\"https:\/\/eunis.org\/eunisrectors20\/session-speaker?id=43\">\r\n\t\t\t\t\t<img decoding=\"async\" src=\"https:\/\/eunis.org\/eunisrectors20\/wp-content\/uploads\/sites\/17\/2019\/10\/Edward-Roekaert.jpg\" alt=\"Edward Roekaert\" \/>\r\n\t\t\t\t\t<span class=\"speaker-name\">Edward Roekaert<\/span>\r\n\t\t\t\t\t<span class=\"speaker-jobtitle\"><\/span>\r\n\t\t\t\t<\/a>\r\n\t\t\t<\/div>\r\n\t\t<\/div>\r\n\t\t\t\t<div class=\"uk-width-1-1 uk-width-1-3@m\">\r\n\t\t\t<div class=\"speaker-item\">\r\n\t\t\t\t\t\t\t\t<a href=\"https:\/\/eunis.org\/eunisrectors20\/session-speaker?id=44\">\r\n\t\t\t\t\t<img decoding=\"async\" src=\"https:\/\/eunis.org\/eunisrectors20\/wp-content\/uploads\/sites\/17\/2019\/10\/joselujan.jpg\" alt=\"Jos\u00e9 Luj\u00e1n\" \/>\r\n\t\t\t\t\t<span class=\"speaker-name\">Jos\u00e9 Luj\u00e1n<\/span>\r\n\t\t\t\t\t<span class=\"speaker-jobtitle\"><\/span>\r\n\t\t\t\t<\/a>\r\n\t\t\t<\/div>\r\n\t\t<\/div>\r\n\t\t\t<\/div>\r\n\t\t\t\t\t<\/div>\n\t\t\t\t<\/div>\n\t\t\t\t<div class=\"elementor-element elementor-element-0c7121b elementor-widget elementor-widget-heading\" data-id=\"0c7121b\" data-element_type=\"widget\" data-e-type=\"widget\" data-widget_type=\"heading.default\">\n\t\t\t\t<div class=\"elementor-widget-container\">\n\t\t\t\t\t<h2 class=\"elementor-heading-title elementor-size-default\">April 24th 2020<\/h2>\t\t\t\t<\/div>\n\t\t\t\t<\/div>\n\t\t\t\t<div class=\"elementor-element elementor-element-126f467 elementor-widget elementor-widget-eunis_speakers\" data-id=\"126f467\" data-element_type=\"widget\" data-e-type=\"widget\" data-widget_type=\"eunis_speakers.default\">\n\t\t\t\t<div class=\"elementor-widget-container\">\n\t\t\t\t\t\t<div class=\"uk-grid uk-grid-match uk-grid-medium\">\r\n\t\t\t\t<div class=\"uk-width-1-1 uk-width-1-3@m\">\r\n\t\t\t<div class=\"speaker-item\">\r\n\t\t\t\t\t\t\t\t<a href=\"https:\/\/eunis.org\/eunisrectors20\/session-speaker?id=27\">\r\n\t\t\t\t\t<img decoding=\"async\" src=\"https:\/\/eunis.org\/eunisrectors20\/wp-content\/uploads\/sites\/17\/2019\/11\/ANTONI-GONZ\u00c0LEZ.jpg\" alt=\"Antoni Gonz\u00e1lez\" \/>\r\n\t\t\t\t\t<span class=\"speaker-name\">Antoni Gonz\u00e1lez<\/span>\r\n\t\t\t\t\t<span class=\"speaker-jobtitle\"><\/span>\r\n\t\t\t\t<\/a>\r\n\t\t\t<\/div>\r\n\t\t<\/div>\r\n\t\t\t\t<div class=\"uk-width-1-1 uk-width-1-3@m\">\r\n\t\t\t<div class=\"speaker-item\">\r\n\t\t\t\t\t\t\t\t<a href=\"https:\/\/eunis.org\/eunisrectors20\/session-speaker?id=28\">\r\n\t\t\t\t\t<img decoding=\"async\" src=\"https:\/\/eunis.org\/eunisrectors20\/wp-content\/uploads\/sites\/17\/2020\/02\/Ingrid-Melve1.jpg\" alt=\"Ingrid Melve\" \/>\r\n\t\t\t\t\t<span class=\"speaker-name\">Ingrid Melve<\/span>\r\n\t\t\t\t\t<span class=\"speaker-jobtitle\"><\/span>\r\n\t\t\t\t<\/a>\r\n\t\t\t<\/div>\r\n\t\t<\/div>\r\n\t\t\t\t<div class=\"uk-width-1-1 uk-width-1-3@m\">\r\n\t\t\t<div class=\"speaker-item\">\r\n\t\t\t\t\t\t\t\t<a href=\"https:\/\/eunis.org\/eunisrectors20\/session-speaker?id=29\">\r\n\t\t\t\t\t<img decoding=\"async\" src=\"https:\/\/eunis.org\/eunisrectors20\/wp-content\/uploads\/sites\/17\/2020\/02\/cordon.jpg\" alt=\"Oscar Cord\u00f3n\" \/>\r\n\t\t\t\t\t<span class=\"speaker-name\">Oscar Cord\u00f3n<\/span>\r\n\t\t\t\t\t<span class=\"speaker-jobtitle\"><\/span>\r\n\t\t\t\t<\/a>\r\n\t\t\t<\/div>\r\n\t\t<\/div>\r\n\t\t\t\t<div class=\"uk-width-1-1 uk-width-1-3@m\">\r\n\t\t\t<div class=\"speaker-item\">\r\n\t\t\t\t\t\t\t\t<a href=\"https:\/\/eunis.org\/eunisrectors20\/session-speaker?id=30\">\r\n\t\t\t\t\t<img decoding=\"async\" src=\"https:\/\/eunis.org\/eunisrectors20\/wp-content\/uploads\/sites\/17\/2019\/11\/juangomez.png\" alt=\"Juan G\u00f3mez\" \/>\r\n\t\t\t\t\t<span class=\"speaker-name\">Juan G\u00f3mez<\/span>\r\n\t\t\t\t\t<span class=\"speaker-jobtitle\"><\/span>\r\n\t\t\t\t<\/a>\r\n\t\t\t<\/div>\r\n\t\t<\/div>\r\n\t\t\t\t<div class=\"uk-width-1-1 uk-width-1-3@m\">\r\n\t\t\t<div class=\"speaker-item\">\r\n\t\t\t\t\t\t\t\t<a href=\"https:\/\/eunis.org\/eunisrectors20\/session-speaker?id=32\">\r\n\t\t\t\t\t<img decoding=\"async\" src=\"https:\/\/eunis.org\/eunisrectors20\/wp-content\/uploads\/sites\/17\/2019\/11\/Pierre-Boudes-1.jpg\" alt=\"Pierre Boudes\" \/>\r\n\t\t\t\t\t<span class=\"speaker-name\">Pierre Boudes<\/span>\r\n\t\t\t\t\t<span class=\"speaker-jobtitle\"><\/span>\r\n\t\t\t\t<\/a>\r\n\t\t\t<\/div>\r\n\t\t<\/div>\r\n\t\t\t\t<div class=\"uk-width-1-1 uk-width-1-3@m\">\r\n\t\t\t<div class=\"speaker-item\">\r\n\t\t\t\t\t\t\t\t<a href=\"https:\/\/eunis.org\/eunisrectors20\/session-speaker?id=41\">\r\n\t\t\t\t\t<img decoding=\"async\" src=\"https:\/\/eunis.org\/eunisrectors20\/wp-content\/uploads\/sites\/17\/2019\/08\/David-Garza.png\" alt=\"David Garza\" \/>\r\n\t\t\t\t\t<span class=\"speaker-name\">David Garza<\/span>\r\n\t\t\t\t\t<span class=\"speaker-jobtitle\"><\/span>\r\n\t\t\t\t<\/a>\r\n\t\t\t<\/div>\r\n\t\t<\/div>\r\n\t\t\t\t<div class=\"uk-width-1-1 uk-width-1-3@m\">\r\n\t\t\t<div class=\"speaker-item\">\r\n\t\t\t\t\t\t\t\t<a href=\"https:\/\/eunis.org\/eunisrectors20\/session-speaker?id=45\">\r\n\t\t\t\t\t<img decoding=\"async\" src=\"https:\/\/eunis.org\/eunisrectors20\/wp-content\/uploads\/sites\/17\/2019\/10\/HalvorAustena.jpg\" alt=\"Halvor Austen\u00e5\" \/>\r\n\t\t\t\t\t<span class=\"speaker-name\">Halvor Austen\u00e5<\/span>\r\n\t\t\t\t\t<span class=\"speaker-jobtitle\"><\/span>\r\n\t\t\t\t<\/a>\r\n\t\t\t<\/div>\r\n\t\t<\/div>\r\n\t\t\t\t<div class=\"uk-width-1-1 uk-width-1-3@m\">\r\n\t\t\t<div class=\"speaker-item\">\r\n\t\t\t\t\t\t\t\t<a href=\"https:\/\/eunis.org\/eunisrectors20\/session-speaker?id=46\">\r\n\t\t\t\t\t<img decoding=\"async\" src=\"https:\/\/eunis.org\/eunisrectors20\/wp-content\/uploads\/sites\/17\/2019\/10\/mora.jpg\" alt=\"Francisco Jos\u00e9 Mora\" \/>\r\n\t\t\t\t\t<span class=\"speaker-name\">Francisco Jos\u00e9 Mora<\/span>\r\n\t\t\t\t\t<span class=\"speaker-jobtitle\"><\/span>\r\n\t\t\t\t<\/a>\r\n\t\t\t<\/div>\r\n\t\t<\/div>\r\n\t\t\t\t<div class=\"uk-width-1-1 uk-width-1-3@m\">\r\n\t\t\t<div class=\"speaker-item\">\r\n\t\t\t\t\t\t\t\t<a href=\"https:\/\/eunis.org\/eunisrectors20\/session-speaker?id=47\">\r\n\t\t\t\t\t<img decoding=\"async\" src=\"https:\/\/eunis.org\/eunisrectors20\/wp-content\/uploads\/sites\/17\/2019\/10\/william-okeefe.png\" alt=\"William O\u00b4keefe\" \/>\r\n\t\t\t\t\t<span class=\"speaker-name\">William O\u00b4keefe<\/span>\r\n\t\t\t\t\t<span class=\"speaker-jobtitle\"><\/span>\r\n\t\t\t\t<\/a>\r\n\t\t\t<\/div>\r\n\t\t<\/div>\r\n\t\t\t<\/div>\r\n\t\t\t\t\t<\/div>\n\t\t\t\t<\/div>\n\t\t\t\t\t<\/div>\n\t\t\t\t<\/div>\n\t\t\t\t<\/div>\n\t\t","protected":false},"excerpt":{"rendered":"<p>Meet our speakers. World-renowned Rectors and Universities Presidents and notable specialists from their areas of expertise will share their experience at this event. April 23th 2020 Francisco Marmolejo Tony Sheehan Susan Grajek Jos\u00e9 Mar\u00eda Guibert Iain Martin Alvaro Rojas Edward Roekaert Jos\u00e9 Luj\u00e1n April 24th 2020 Antoni Gonz\u00e1lez Ingrid Melve Oscar Cord\u00f3n Juan G\u00f3mez Pierre [&hellip;]<\/p>\n","protected":false},"author":128,"featured_media":0,"parent":0,"menu_order":0,"comment_status":"closed","ping_status":"closed","template":"","meta":{"footnotes":""},"class_list":["post-70","page","type-page","status-publish","hentry"],"_links":{"self":[{"href":"https:\/\/eunis.org\/eunisrectors20\/wp-json\/wp\/v2\/pages\/70","targetHints":{"allow":["GET"]}}],"collection":[{"href":"https:\/\/eunis.org\/eunisrectors20\/wp-json\/wp\/v2\/pages"}],"about":[{"href":"https:\/\/eunis.org\/eunisrectors20\/wp-json\/wp\/v2\/types\/page"}],"author":[{"embeddable":true,"href":"https:\/\/eunis.org\/eunisrectors20\/wp-json\/wp\/v2\/users\/128"}],"replies":[{"embeddable":true,"href":"https:\/\/eunis.org\/eunisrectors20\/wp-json\/wp\/v2\/comments?post=70"}],"version-history":[{"count":11,"href":"https:\/\/eunis.org\/eunisrectors20\/wp-json\/wp\/v2\/pages\/70\/revisions"}],"predecessor-version":[{"id":1187,"href":"https:\/\/eunis.org\/eunisrectors20\/wp-json\/wp\/v2\/pages\/70\/revisions\/1187"}],"wp:attachment":[{"href":"https:\/\/eunis.org\/eunisrectors20\/wp-json\/wp\/v2\/media?parent=70"}],"curies":[{"name":"wp","href":"https:\/\/api.w.org\/{rel}","templated":true}]}}