{"id":965,"date":"2023-10-05T14:57:56","date_gmt":"2023-10-05T14:57:56","guid":{"rendered":"https:\/\/eunis.org\/eunisrectors20\/?page_id=965"},"modified":"2023-10-05T14:57:56","modified_gmt":"2023-10-05T14:57:56","slug":"committees","status":"publish","type":"page","link":"https:\/\/eunis.org\/eunisrectors20\/committees\/","title":{"rendered":"COMMITTEES"},"content":{"rendered":"<h2 align=\"LEFT\"><span style=\"color: #1d386f;\"><span style=\"font-size: large;\"><span lang=\"en-GB\"><b>Programme Committee:<\/b><\/span><\/span><\/span><\/h2>\n<ul>\n<li>Victoriano Giralt, University of Malaga, <strong>Chairperson<\/strong>, Spain<\/li>\n<li>Raimund Vogl \u2013 EUNIS President, Director of IT for the University of M\u00fcnster, Germany<\/li>\n<li>Tomasz Szmuc \u2013 EUNIS Vice-President, Professor, AGH University of Science and Technology, Poland<\/li>\n<li>Jean-Fran\u00e7ois Desnos \u2013 EUNIS Scientific Committee Executive Chair, France<\/li>\n<li>L\u00edgia Ribeiro, EUNIS Board Member, Researcher, University of Porto,\u00a0Portugal<\/li>\n<li>Ramon Grau-Sala \u2013 EUNIS Board Member, General Manager at SIGMA Gesti\u00f3n Universitaria, Spain<\/li>\n<li>Jos\u00e9 Martins Ferreira, Former IT Vice-rector of University of Porto, Portugal<\/li>\n<li>Antonio Fern\u00e1ndez, Government Coordinator of the University of Almer\u00eda, Spain<\/li>\n<\/ul>\n<h2 align=\"LEFT\"><\/h2>\n<h2 align=\"LEFT\"><span style=\"color: #1d386f;\"><span style=\"font-size: large;\"><span lang=\"en-GB\"><b>Organising Committee:<\/b><\/span><\/span><\/span><\/h2>\n<ul>\n<li>Jos\u00e9 \u00c1ngel Narv\u00e1ez, Rector, University of Malaga, Spain<\/li>\n<li>Victoriano Giralt, University of Malaga, <strong>Chairperson<\/strong>, Spain<\/li>\n<li>Antonio Fern\u00e1ndez, Government Coordinator of the University of Almer\u00eda, Spain<\/li>\n<li>Tomas Jimenez, CRUE TIC Board Member, Spain<\/li>\n<li>L\u00edgia Ribeiro, EUNIS Board Member, Researcher, University of Porto,\u00a0Portugal<\/li>\n<li>Tomasz Szmuc \u2013 EUNIS Vice-President, Professor, AGH University of Science and Technology, Poland<\/li>\n<li>Ram\u00f3n Grau, EUNIS Board Member, Spain<\/li>\n<\/ul>\n","protected":false},"excerpt":{"rendered":"<p>Programme Committee: Victoriano Giralt, University of Malaga, Chairperson, Spain Raimund Vogl \u2013 EUNIS President, Director of IT for the University of M\u00fcnster, Germany Tomasz Szmuc \u2013 EUNIS Vice-President, Professor, AGH University of Science and Technology, Poland Jean-Fran\u00e7ois Desnos \u2013 EUNIS Scientific Committee Executive Chair, France L\u00edgia Ribeiro, EUNIS Board Member, Researcher, University of Porto,\u00a0Portugal Ramon [&hellip;]<\/p>\n","protected":false},"author":233,"featured_media":0,"parent":0,"menu_order":0,"comment_status":"closed","ping_status":"closed","template":"","meta":{"footnotes":""},"class_list":["post-965","page","type-page","status-publish","hentry"],"_links":{"self":[{"href":"https:\/\/eunis.org\/eunisrectors20\/wp-json\/wp\/v2\/pages\/965","targetHints":{"allow":["GET"]}}],"collection":[{"href":"https:\/\/eunis.org\/eunisrectors20\/wp-json\/wp\/v2\/pages"}],"about":[{"href":"https:\/\/eunis.org\/eunisrectors20\/wp-json\/wp\/v2\/types\/page"}],"author":[{"embeddable":true,"href":"https:\/\/eunis.org\/eunisrectors20\/wp-json\/wp\/v2\/users\/233"}],"replies":[{"embeddable":true,"href":"https:\/\/eunis.org\/eunisrectors20\/wp-json\/wp\/v2\/comments?post=965"}],"version-history":[{"count":1,"href":"https:\/\/eunis.org\/eunisrectors20\/wp-json\/wp\/v2\/pages\/965\/revisions"}],"predecessor-version":[{"id":966,"href":"https:\/\/eunis.org\/eunisrectors20\/wp-json\/wp\/v2\/pages\/965\/revisions\/966"}],"wp:attachment":[{"href":"https:\/\/eunis.org\/eunisrectors20\/wp-json\/wp\/v2\/media?parent=965"}],"curies":[{"name":"wp","href":"https:\/\/api.w.org\/{rel}","templated":true}]}}