{"id":1344,"date":"2023-10-05T11:21:19","date_gmt":"2023-10-05T11:21:19","guid":{"rendered":"https:\/\/eunis.org\/rectors2016\/?page_id=1344"},"modified":"2023-10-05T11:33:32","modified_gmt":"2023-10-05T11:33:32","slug":"programme","status":"publish","type":"page","link":"https:\/\/eunis.org\/rectors2016\/programme\/","title":{"rendered":"Programme"},"content":{"rendered":"\n<h3 class=\"wp-block-heading\" style=\"font-size:28px;font-style:normal;font-weight:700\">The programme EUNIS\u00a0CONFERENCE 2016<\/h3>\n\n\n\n<p style=\"font-size:13px\"><a href=\"http:\/\/eunis.org\/rectors2016\/wp-content\/uploads\/sites\/9\/2016\/04\/EUNISprogram_v13_160405_01.pdf\"><mark style=\"background-color:rgba(0, 0, 0, 0);color:#c90404\" class=\"has-inline-color\">DOWNLOAD PROGRAMME<\/mark><\/a><\/p>\n\n\n\n<div class=\"wp-block-columns are-vertically-aligned-top is-layout-flex wp-container-core-columns-is-layout-9d6595d7 wp-block-columns-is-layout-flex\">\n<div class=\"wp-block-column is-vertically-aligned-top is-layout-flow wp-block-column-is-layout-flow\" style=\"flex-basis:75%\">\n<h3 class=\"wp-block-heading\">14 April 2016<\/h3>\n\n\n\n<p><strong>Place: Collegium Novum \u2013 24 Go\u0142\u0119bia St.<\/strong><\/p>\n\n\n\n<p>13:00 \u2013 14:00 \u2013 Lunch<\/p>\n\n\n\n<p>14:00 \u2013 14:15 \u2013 Opening of the conference and welcome<\/p>\n\n\n\n<p>14:15 \u2013 15:45 \u2013 Plenary session:&nbsp;<strong>New students \u2013 old universities I<\/strong><\/p>\n\n\n\n<ul class=\"wp-block-list\">\n<li>Prof. W\u0142odzis\u0142aw Duch, former Deputy Minister in Polish Ministry of Science and Higher Education:&nbsp;<em>What digital world is doing to our brains?<\/em><\/li>\n\n\n\n<li>Prof. James Glapa-Grossklag, President of the Open Education Consortium:&nbsp;<em>Open Education: Expanding Access to Education and Supporting Instructional Innovation<\/em><\/li>\n<\/ul>\n\n\n\n<p>15:45 \u2013 16:15 \u2013 Coffee break<\/p>\n\n\n\n<p>16:15 \u2013 17:45 \u2013 Plenary session:&nbsp;<strong>New students \u2013 old universities II<\/strong><\/p>\n\n\n\n<ul class=\"wp-block-list\">\n<li>Prof. Javier Uceda Antolin, former Rector of the Universidad Politecnica de Madrid:&nbsp;<em>Digital Rethinking of University Education<\/em><\/li>\n\n\n\n<li>Prof. Krzysztof Zieli\u0144ski, AGH University of Science and Technology:&nbsp;<em>Malopolska Cloud \u2013 a platform supporting cooperation between Universities and High Schools<\/em><\/li>\n<\/ul>\n\n\n\n<p>19:00 \u2013&nbsp; Welcome Reception at the Wielopolskich Palace by President&nbsp;of the City of Krakow.<\/p>\n<\/div>\n\n\n\n<div class=\"wp-block-column is-vertically-aligned-top is-layout-flow wp-block-column-is-layout-flow\" style=\"flex-basis:25%\"><div class=\"wp-block-image\">\n<figure class=\"aligncenter size-full\"><a href=\"https:\/\/eunis.org\/rectors2016\/wp-content\/uploads\/sites\/9\/2015\/07\/MG_0089_800.jpg\"><img fetchpriority=\"high\" decoding=\"async\" width=\"800\" height=\"533\" src=\"https:\/\/eunis.org\/rectors2016\/wp-content\/uploads\/sites\/9\/2015\/07\/MG_0089_800.jpg\" alt=\"\" class=\"wp-image-151\" srcset=\"https:\/\/eunis.org\/rectors2016\/wp-content\/uploads\/sites\/9\/2015\/07\/MG_0089_800.jpg 800w, https:\/\/eunis.org\/rectors2016\/wp-content\/uploads\/sites\/9\/2015\/07\/MG_0089_800-300x200.jpg 300w, https:\/\/eunis.org\/rectors2016\/wp-content\/uploads\/sites\/9\/2015\/07\/MG_0089_800-600x400.jpg 600w\" sizes=\"(max-width: 800px) 100vw, 800px\" \/><\/a><\/figure>\n<\/div>\n\n\n<div style=\"height:20px\" aria-hidden=\"true\" class=\"wp-block-spacer\"><\/div>\n\n\n<div class=\"wp-block-image\">\n<figure class=\"aligncenter size-full\"><a href=\"https:\/\/eunis.org\/rectors2016\/wp-content\/uploads\/sites\/9\/2015\/07\/Panorama3_800.jpg\"><img decoding=\"async\" width=\"800\" height=\"356\" src=\"https:\/\/eunis.org\/rectors2016\/wp-content\/uploads\/sites\/9\/2015\/07\/Panorama3_800.jpg\" alt=\"\" class=\"wp-image-192\" srcset=\"https:\/\/eunis.org\/rectors2016\/wp-content\/uploads\/sites\/9\/2015\/07\/Panorama3_800.jpg 800w, https:\/\/eunis.org\/rectors2016\/wp-content\/uploads\/sites\/9\/2015\/07\/Panorama3_800-300x134.jpg 300w, https:\/\/eunis.org\/rectors2016\/wp-content\/uploads\/sites\/9\/2015\/07\/Panorama3_800-600x267.jpg 600w\" sizes=\"(max-width: 800px) 100vw, 800px\" \/><\/a><\/figure>\n<\/div>\n\n\n<div style=\"height:20px\" aria-hidden=\"true\" class=\"wp-block-spacer\"><\/div>\n\n\n<div class=\"wp-block-image\">\n<figure class=\"aligncenter size-full\"><a href=\"https:\/\/eunis.org\/rectors2016\/wp-content\/uploads\/sites\/9\/2015\/07\/Panorama2_2_800.jpg\"><img decoding=\"async\" width=\"800\" height=\"313\" src=\"https:\/\/eunis.org\/rectors2016\/wp-content\/uploads\/sites\/9\/2015\/07\/Panorama2_2_800.jpg\" alt=\"\" class=\"wp-image-197\" srcset=\"https:\/\/eunis.org\/rectors2016\/wp-content\/uploads\/sites\/9\/2015\/07\/Panorama2_2_800.jpg 800w, https:\/\/eunis.org\/rectors2016\/wp-content\/uploads\/sites\/9\/2015\/07\/Panorama2_2_800-300x117.jpg 300w, https:\/\/eunis.org\/rectors2016\/wp-content\/uploads\/sites\/9\/2015\/07\/Panorama2_2_800-600x235.jpg 600w\" sizes=\"(max-width: 800px) 100vw, 800px\" \/><\/a><\/figure>\n<\/div><\/div>\n<\/div>\n\n\n<div class=\"wp-block-image\">\n<figure class=\"aligncenter size-full\"><a href=\"https:\/\/eunis.org\/rectors2016\/wp-content\/uploads\/sites\/9\/2015\/10\/eunis_mapa_160301_01_14.jpg\"><img loading=\"lazy\" decoding=\"async\" width=\"4369\" height=\"1518\" src=\"https:\/\/eunis.org\/rectors2016\/wp-content\/uploads\/sites\/9\/2015\/10\/eunis_mapa_160301_01_14.jpg\" alt=\"\" class=\"wp-image-890\" srcset=\"https:\/\/eunis.org\/rectors2016\/wp-content\/uploads\/sites\/9\/2015\/10\/eunis_mapa_160301_01_14.jpg 4369w, https:\/\/eunis.org\/rectors2016\/wp-content\/uploads\/sites\/9\/2015\/10\/eunis_mapa_160301_01_14-300x104.jpg 300w, https:\/\/eunis.org\/rectors2016\/wp-content\/uploads\/sites\/9\/2015\/10\/eunis_mapa_160301_01_14-1024x356.jpg 1024w\" sizes=\"(max-width: 4369px) 100vw, 4369px\" \/><\/a><\/figure>\n<\/div>\n\n\n<hr class=\"wp-block-separator has-text-color has-cyan-bluish-gray-color has-alpha-channel-opacity has-cyan-bluish-gray-background-color has-background\"\/>\n\n\n\n<div class=\"wp-block-columns are-vertically-aligned-top is-layout-flex wp-container-core-columns-is-layout-9d6595d7 wp-block-columns-is-layout-flex\">\n<div class=\"wp-block-column is-vertically-aligned-top is-layout-flow wp-block-column-is-layout-flow\" style=\"flex-basis:75%\">\n<h3 class=\"wp-block-heading\">15 April 2016<\/h3>\n\n\n\n<p><strong>Place:<\/strong><strong>&nbsp;AGH UST Centre of Computer Science \u2013 21 Kawiory St.<\/strong><\/p>\n\n\n\n<p>09:00 \u2013 10:30 \u2013 Plenary session:&nbsp;<strong>European university \u2013 world university I<\/strong><\/p>\n\n\n\n<ul class=\"wp-block-list\">\n<li>Denis Crowley, Head of Unit, Analysis and studies, Directorate General for Education and Culture, European Commission:&nbsp;<em>Smart Universities \u2013 a perspective from the European Commission<\/em><\/li>\n\n\n\n<li>Simon \u00d8stergaard, Danish Institute of Technology:&nbsp;<em>Opening Up Education \u2013 turning visions into reality \u2013 findings from a European Survey<\/em><\/li>\n<\/ul>\n\n\n\n<p>10:30 \u2013 11:00 \u2013 Coffee break<\/p>\n\n\n\n<p>11:00 \u2013 13:15 \u2013 Plenary session:&nbsp;<strong>The \u201cresults driven\u201d university<\/strong><\/p>\n\n\n\n<ul class=\"wp-block-list\">\n<li>Jan Sadlak, President of IREG Observatory on Academic Ranking and Excellence:&nbsp;<em>University rankings: Reflection and inspiration for the results-driven university<\/em><\/li>\n\n\n\n<li>Prof. Sebasti\u00e3o Feyo de Azevedo, Rector of the University of Porto:&nbsp;<em>Innovation in a Research-Driven University<\/em><\/li>\n\n\n\n<li>Diego Pavia, CEO, KIC-InnoEnergy:&nbsp;<em>KIC InnoEnergy \u2013 delivering a platform supporting university-business collaboration<\/em><\/li>\n<\/ul>\n\n\n\n<p>13:30 \u2013 14:30 \u2013 Lunch time<\/p>\n\n\n\n<p>14:30 \u2013 16:00 \u2013 Panel discussion:&nbsp;<strong>IT Consortia\/organizations \u2013 to which extent they may support universities?<\/strong><\/p>\n\n\n\n<ul class=\"wp-block-list\">\n<li>What concrete activities\/support (software, services, expertise) are offered to universities?<\/li>\n\n\n\n<li>In which way collaboration with universities is carried out (consortia, joint development, product\/service delivery, \u2026) and what is added value by the used way of collaboration?<\/li>\n\n\n\n<li>Collaboration across borders \u2013 what are constraints and foreseen benefits for universities?<\/li>\n<\/ul>\n\n\n\n<p>17:15 \u2013 Conference dinner and tour on the \u201cWieliczka\u201d Salt Mine<br>(transfer with buses from \u201cNovotel Krakow Centrum\u201d hotel, 5 Ko\u015bciuszki St.)<\/p>\n<\/div>\n\n\n\n<div class=\"wp-block-column is-vertically-aligned-top is-layout-flow wp-block-column-is-layout-flow\" style=\"flex-basis:25%\"><div class=\"wp-block-image\">\n<figure class=\"aligncenter size-full\"><a href=\"https:\/\/eunis.org\/rectors2016\/wp-content\/uploads\/sites\/9\/2015\/07\/IMG_3174_800.jpg\"><img loading=\"lazy\" decoding=\"async\" width=\"800\" height=\"600\" src=\"https:\/\/eunis.org\/rectors2016\/wp-content\/uploads\/sites\/9\/2015\/07\/IMG_3174_800.jpg\" alt=\"\" class=\"wp-image-155\" srcset=\"https:\/\/eunis.org\/rectors2016\/wp-content\/uploads\/sites\/9\/2015\/07\/IMG_3174_800.jpg 800w, https:\/\/eunis.org\/rectors2016\/wp-content\/uploads\/sites\/9\/2015\/07\/IMG_3174_800-300x225.jpg 300w, https:\/\/eunis.org\/rectors2016\/wp-content\/uploads\/sites\/9\/2015\/07\/IMG_3174_800-600x450.jpg 600w\" sizes=\"(max-width: 800px) 100vw, 800px\" \/><\/a><\/figure>\n<\/div>\n\n\n<div style=\"height:20px\" aria-hidden=\"true\" class=\"wp-block-spacer\"><\/div>\n\n\n<div class=\"wp-block-image\">\n<figure class=\"aligncenter size-full\"><a href=\"https:\/\/eunis.org\/rectors2016\/wp-content\/uploads\/sites\/9\/2015\/07\/DSC0199_1_800.jpg\"><img loading=\"lazy\" decoding=\"async\" width=\"800\" height=\"333\" src=\"https:\/\/eunis.org\/rectors2016\/wp-content\/uploads\/sites\/9\/2015\/07\/DSC0199_1_800.jpg\" alt=\"\" class=\"wp-image-176\" srcset=\"https:\/\/eunis.org\/rectors2016\/wp-content\/uploads\/sites\/9\/2015\/07\/DSC0199_1_800.jpg 800w, https:\/\/eunis.org\/rectors2016\/wp-content\/uploads\/sites\/9\/2015\/07\/DSC0199_1_800-300x125.jpg 300w, https:\/\/eunis.org\/rectors2016\/wp-content\/uploads\/sites\/9\/2015\/07\/DSC0199_1_800-600x250.jpg 600w\" sizes=\"(max-width: 800px) 100vw, 800px\" \/><\/a><\/figure>\n<\/div><\/div>\n<\/div>\n\n\n<div class=\"wp-block-image\">\n<figure class=\"aligncenter size-full\"><a href=\"https:\/\/eunis.org\/rectors2016\/wp-content\/uploads\/sites\/9\/2015\/10\/eunis_mapa_160301_01_15.jpg\"><img loading=\"lazy\" decoding=\"async\" width=\"4337\" height=\"1518\" src=\"https:\/\/eunis.org\/rectors2016\/wp-content\/uploads\/sites\/9\/2015\/10\/eunis_mapa_160301_01_15.jpg\" alt=\"\" class=\"wp-image-891\" srcset=\"https:\/\/eunis.org\/rectors2016\/wp-content\/uploads\/sites\/9\/2015\/10\/eunis_mapa_160301_01_15.jpg 4337w, https:\/\/eunis.org\/rectors2016\/wp-content\/uploads\/sites\/9\/2015\/10\/eunis_mapa_160301_01_15-300x105.jpg 300w, https:\/\/eunis.org\/rectors2016\/wp-content\/uploads\/sites\/9\/2015\/10\/eunis_mapa_160301_01_15-1024x358.jpg 1024w\" sizes=\"(max-width: 4337px) 100vw, 4337px\" \/><\/a><\/figure>\n<\/div>\n\n\n<hr class=\"wp-block-separator has-text-color has-cyan-bluish-gray-color has-alpha-channel-opacity has-cyan-bluish-gray-background-color has-background\"\/>\n\n\n\n<div class=\"wp-block-columns are-vertically-aligned-top is-layout-flex wp-container-core-columns-is-layout-9d6595d7 wp-block-columns-is-layout-flex\">\n<div class=\"wp-block-column is-vertically-aligned-top is-layout-flow wp-block-column-is-layout-flow\" style=\"flex-basis:75%\">\n<h3 class=\"wp-block-heading\">16 April 2016<\/h3>\n\n\n\n<p><strong>Place: AGH UST Assembly Hall, 30 Mickiewicza Al.<\/strong><\/p>\n\n\n\n<p>09:00 \u2013 10:30 \u2013 Plenary session:&nbsp;<strong>European university \u2013 world university II<\/strong><\/p>\n\n\n\n<ul class=\"wp-block-list\">\n<li>Dr. Paul R\u00fchl, Managing Director of the Bavarian Virtual University:&nbsp;<em>Universities Cooperate Successfully in Online-Teaching. The Bavarian Virtual University Revisited<\/em><\/li>\n\n\n\n<li>Prof. Dorothy Kelly, \u201dCoimbra Group\u201d:&nbsp;<em>Internationalization as a driver of innovation at universities<\/em><\/li>\n<\/ul>\n\n\n\n<p>10:30 \u2013 11:00 \u2013 Coffee break<\/p>\n\n\n\n<p>11:00 \u2013 12:30 \u2013 Plenary session:&nbsp;<strong>Smart and data driven vs. traditional decision-making at the university<\/strong><\/p>\n\n\n\n<ul class=\"wp-block-list\">\n<li>Prof. Jean-Charles Pomerol, Universite Pierre et Marie Curie of Paris (UPMC):&nbsp;<em>French Universities in the digital age: success and failures<\/em><\/li>\n\n\n\n<li>Esa H\u00e4m\u00e4l\u00e4inen, Director of Administration, University of Helsinki, Chairman of HUMANE:&nbsp;<em>Public University meeting the challenges of Institutional Autonomy and Financial Crises<\/em><\/li>\n<\/ul>\n\n\n\n<p>12:30 \u2013 13:00 \u2013 Closing of the conference<\/p>\n\n\n\n<p>13:00 \u2013 14:00 \u2013 Lunch time<\/p>\n<\/div>\n\n\n\n<div class=\"wp-block-column is-vertically-aligned-top is-layout-flow wp-block-column-is-layout-flow\" style=\"flex-basis:25%\"><div class=\"wp-block-image\">\n<figure class=\"aligncenter size-full\"><a href=\"https:\/\/eunis.org\/rectors2016\/wp-content\/uploads\/sites\/9\/2015\/07\/IMG_8942_1_800.jpg\"><img loading=\"lazy\" decoding=\"async\" width=\"800\" height=\"533\" src=\"https:\/\/eunis.org\/rectors2016\/wp-content\/uploads\/sites\/9\/2015\/07\/IMG_8942_1_800.jpg\" alt=\"\" class=\"wp-image-161\" srcset=\"https:\/\/eunis.org\/rectors2016\/wp-content\/uploads\/sites\/9\/2015\/07\/IMG_8942_1_800.jpg 800w, https:\/\/eunis.org\/rectors2016\/wp-content\/uploads\/sites\/9\/2015\/07\/IMG_8942_1_800-300x200.jpg 300w, https:\/\/eunis.org\/rectors2016\/wp-content\/uploads\/sites\/9\/2015\/07\/IMG_8942_1_800-600x400.jpg 600w\" sizes=\"(max-width: 800px) 100vw, 800px\" \/><\/a><\/figure>\n<\/div>\n\n\n<div style=\"height:20px\" aria-hidden=\"true\" class=\"wp-block-spacer\"><\/div>\n\n\n<div class=\"wp-block-image\">\n<figure class=\"aligncenter size-full\"><a href=\"https:\/\/eunis.org\/rectors2016\/wp-content\/uploads\/sites\/9\/2015\/07\/015_800.jpg\"><img loading=\"lazy\" decoding=\"async\" width=\"800\" height=\"650\" src=\"https:\/\/eunis.org\/rectors2016\/wp-content\/uploads\/sites\/9\/2015\/07\/015_800.jpg\" alt=\"\" class=\"wp-image-195\" srcset=\"https:\/\/eunis.org\/rectors2016\/wp-content\/uploads\/sites\/9\/2015\/07\/015_800.jpg 800w, https:\/\/eunis.org\/rectors2016\/wp-content\/uploads\/sites\/9\/2015\/07\/015_800-300x244.jpg 300w, https:\/\/eunis.org\/rectors2016\/wp-content\/uploads\/sites\/9\/2015\/07\/015_800-600x488.jpg 600w\" sizes=\"(max-width: 800px) 100vw, 800px\" \/><\/a><\/figure>\n<\/div>\n\n\n<div style=\"height:20px\" aria-hidden=\"true\" class=\"wp-block-spacer\"><\/div>\n\n\n<div class=\"wp-block-image\">\n<figure class=\"aligncenter size-full\"><a href=\"https:\/\/eunis.org\/rectors2016\/wp-content\/uploads\/sites\/9\/2015\/07\/Panorama2_800.jpg\"><img loading=\"lazy\" decoding=\"async\" width=\"800\" height=\"215\" src=\"https:\/\/eunis.org\/rectors2016\/wp-content\/uploads\/sites\/9\/2015\/07\/Panorama2_800.jpg\" alt=\"\" class=\"wp-image-170\" srcset=\"https:\/\/eunis.org\/rectors2016\/wp-content\/uploads\/sites\/9\/2015\/07\/Panorama2_800.jpg 800w, https:\/\/eunis.org\/rectors2016\/wp-content\/uploads\/sites\/9\/2015\/07\/Panorama2_800-300x81.jpg 300w, https:\/\/eunis.org\/rectors2016\/wp-content\/uploads\/sites\/9\/2015\/07\/Panorama2_800-600x161.jpg 600w\" sizes=\"(max-width: 800px) 100vw, 800px\" \/><\/a><\/figure>\n<\/div><\/div>\n<\/div>\n\n\n<div class=\"wp-block-image\">\n<figure class=\"aligncenter size-full\"><a href=\"https:\/\/eunis.org\/rectors2016\/wp-content\/uploads\/sites\/9\/2015\/10\/eunis_mapa_160301_01_16.jpg\"><img loading=\"lazy\" decoding=\"async\" width=\"4337\" height=\"1518\" src=\"https:\/\/eunis.org\/rectors2016\/wp-content\/uploads\/sites\/9\/2015\/10\/eunis_mapa_160301_01_16.jpg\" alt=\"\" class=\"wp-image-892\" srcset=\"https:\/\/eunis.org\/rectors2016\/wp-content\/uploads\/sites\/9\/2015\/10\/eunis_mapa_160301_01_16.jpg 4337w, https:\/\/eunis.org\/rectors2016\/wp-content\/uploads\/sites\/9\/2015\/10\/eunis_mapa_160301_01_16-300x105.jpg 300w, https:\/\/eunis.org\/rectors2016\/wp-content\/uploads\/sites\/9\/2015\/10\/eunis_mapa_160301_01_16-1024x358.jpg 1024w\" sizes=\"(max-width: 4337px) 100vw, 4337px\" \/><\/a><\/figure>\n<\/div>","protected":false},"excerpt":{"rendered":"<p>The programme EUNIS\u00a0CONFERENCE 2016 DOWNLOAD PROGRAMME 14 April 2016 Place: Collegium Novum \u2013 24 Go\u0142\u0119bia St. 13:00 \u2013 14:00 \u2013 Lunch 14:00 \u2013 14:15 \u2013 Opening of the conference and welcome 14:15 \u2013 15:45 \u2013 Plenary session:&nbsp;New students \u2013 old universities I 15:45 \u2013 16:15 \u2013 Coffee break 16:15 \u2013 17:45 \u2013 Plenary session:&nbsp;New students [&hellip;]<\/p>\n","protected":false},"author":233,"featured_media":0,"parent":0,"menu_order":0,"comment_status":"closed","ping_status":"closed","template":"","meta":{"footnotes":""},"class_list":["post-1344","page","type-page","status-publish","hentry"],"_links":{"self":[{"href":"https:\/\/eunis.org\/rectors2016\/wp-json\/wp\/v2\/pages\/1344","targetHints":{"allow":["GET"]}}],"collection":[{"href":"https:\/\/eunis.org\/rectors2016\/wp-json\/wp\/v2\/pages"}],"about":[{"href":"https:\/\/eunis.org\/rectors2016\/wp-json\/wp\/v2\/types\/page"}],"author":[{"embeddable":true,"href":"https:\/\/eunis.org\/rectors2016\/wp-json\/wp\/v2\/users\/233"}],"replies":[{"embeddable":true,"href":"https:\/\/eunis.org\/rectors2016\/wp-json\/wp\/v2\/comments?post=1344"}],"version-history":[{"count":3,"href":"https:\/\/eunis.org\/rectors2016\/wp-json\/wp\/v2\/pages\/1344\/revisions"}],"predecessor-version":[{"id":1349,"href":"https:\/\/eunis.org\/rectors2016\/wp-json\/wp\/v2\/pages\/1344\/revisions\/1349"}],"wp:attachment":[{"href":"https:\/\/eunis.org\/rectors2016\/wp-json\/wp\/v2\/media?parent=1344"}],"curies":[{"name":"wp","href":"https:\/\/api.w.org\/{rel}","templated":true}]}}