{"id":1363,"date":"2023-10-05T12:04:17","date_gmt":"2023-10-05T12:04:17","guid":{"rendered":"https:\/\/eunis.org\/rectors2016\/?page_id=1363"},"modified":"2023-10-05T12:09:25","modified_gmt":"2023-10-05T12:09:25","slug":"places","status":"publish","type":"page","link":"https:\/\/eunis.org\/rectors2016\/places\/","title":{"rendered":"Places"},"content":{"rendered":"\n<h3 class=\"wp-block-heading\" style=\"font-size:26px;font-style:normal;font-weight:700\">Jagiellonian University\u00a0Collegium Novum<\/h3>\n\n\n\n<p>ul. Go\u0142\u0119bia 24<br>Krak\u00f3w<\/p>\n\n\n\n<figure class=\"wp-block-gallery aligncenter has-nested-images columns-default is-cropped wp-block-gallery-1 is-layout-flex wp-block-gallery-is-layout-flex\">\n<figure class=\"wp-block-image size-large\"><a href=\"https:\/\/eunis.org\/rectors2016\/wp-content\/uploads\/sites\/9\/2015\/07\/MG_0089_800.jpg\" target=\"_blank\" rel=\"noopener\"><img fetchpriority=\"high\" decoding=\"async\" width=\"800\" height=\"533\" data-id=\"151\" src=\"https:\/\/eunis.org\/rectors2016\/wp-content\/uploads\/sites\/9\/2015\/07\/MG_0089_800.jpg\" alt=\"\" class=\"wp-image-151\" srcset=\"https:\/\/eunis.org\/rectors2016\/wp-content\/uploads\/sites\/9\/2015\/07\/MG_0089_800.jpg 800w, https:\/\/eunis.org\/rectors2016\/wp-content\/uploads\/sites\/9\/2015\/07\/MG_0089_800-300x200.jpg 300w, https:\/\/eunis.org\/rectors2016\/wp-content\/uploads\/sites\/9\/2015\/07\/MG_0089_800-600x400.jpg 600w\" sizes=\"(max-width: 800px) 100vw, 800px\" \/><\/a><\/figure>\n\n\n\n<figure class=\"wp-block-image size-large\"><a href=\"https:\/\/eunis.org\/rectors2016\/wp-content\/uploads\/sites\/9\/2015\/07\/Panorama2_2_800.jpg\" target=\"_blank\" rel=\"noopener\"><img decoding=\"async\" width=\"800\" height=\"313\" data-id=\"197\" src=\"https:\/\/eunis.org\/rectors2016\/wp-content\/uploads\/sites\/9\/2015\/07\/Panorama2_2_800.jpg\" alt=\"\" class=\"wp-image-197\" srcset=\"https:\/\/eunis.org\/rectors2016\/wp-content\/uploads\/sites\/9\/2015\/07\/Panorama2_2_800.jpg 800w, https:\/\/eunis.org\/rectors2016\/wp-content\/uploads\/sites\/9\/2015\/07\/Panorama2_2_800-300x117.jpg 300w, https:\/\/eunis.org\/rectors2016\/wp-content\/uploads\/sites\/9\/2015\/07\/Panorama2_2_800-600x235.jpg 600w\" sizes=\"(max-width: 800px) 100vw, 800px\" \/><\/a><\/figure>\n\n\n\n<figure class=\"wp-block-image size-large\"><a href=\"https:\/\/eunis.org\/rectors2016\/wp-content\/uploads\/sites\/9\/2015\/07\/Panorama3_800.jpg\" target=\"_blank\" rel=\"noopener\"><img decoding=\"async\" width=\"800\" height=\"356\" data-id=\"192\" src=\"https:\/\/eunis.org\/rectors2016\/wp-content\/uploads\/sites\/9\/2015\/07\/Panorama3_800.jpg\" alt=\"\" class=\"wp-image-192\" srcset=\"https:\/\/eunis.org\/rectors2016\/wp-content\/uploads\/sites\/9\/2015\/07\/Panorama3_800.jpg 800w, https:\/\/eunis.org\/rectors2016\/wp-content\/uploads\/sites\/9\/2015\/07\/Panorama3_800-300x134.jpg 300w, https:\/\/eunis.org\/rectors2016\/wp-content\/uploads\/sites\/9\/2015\/07\/Panorama3_800-600x267.jpg 600w\" sizes=\"(max-width: 800px) 100vw, 800px\" \/><\/a><\/figure>\n<\/figure>\n\n\n\n<h3 class=\"wp-block-heading\" style=\"font-size:26px;font-style:normal;font-weight:700\">AGH\u00a0University of Science and Technology<\/h3>\n\n\n\n<p>al. Mickiewicza 30<br>Krak\u00f3w<\/p>\n\n\n\n<figure class=\"wp-block-gallery aligncenter has-nested-images columns-default is-cropped wp-block-gallery-2 is-layout-flex wp-block-gallery-is-layout-flex\">\n<figure class=\"wp-block-image size-large\"><a href=\"https:\/\/eunis.org\/rectors2016\/wp-content\/uploads\/sites\/9\/2015\/07\/IMG_8942_1_800.jpg\" target=\"_blank\" rel=\"noopener\"><img loading=\"lazy\" decoding=\"async\" width=\"800\" height=\"533\" data-id=\"161\" src=\"https:\/\/eunis.org\/rectors2016\/wp-content\/uploads\/sites\/9\/2015\/07\/IMG_8942_1_800.jpg\" alt=\"\" class=\"wp-image-161\" srcset=\"https:\/\/eunis.org\/rectors2016\/wp-content\/uploads\/sites\/9\/2015\/07\/IMG_8942_1_800.jpg 800w, https:\/\/eunis.org\/rectors2016\/wp-content\/uploads\/sites\/9\/2015\/07\/IMG_8942_1_800-300x200.jpg 300w, https:\/\/eunis.org\/rectors2016\/wp-content\/uploads\/sites\/9\/2015\/07\/IMG_8942_1_800-600x400.jpg 600w\" sizes=\"(max-width: 800px) 100vw, 800px\" \/><\/a><\/figure>\n\n\n\n<figure class=\"wp-block-image size-large\"><a href=\"https:\/\/eunis.org\/rectors2016\/wp-content\/uploads\/sites\/9\/2015\/07\/Panorama2_800.jpg\" target=\"_blank\" rel=\"noopener\"><img loading=\"lazy\" decoding=\"async\" width=\"800\" height=\"215\" data-id=\"170\" src=\"https:\/\/eunis.org\/rectors2016\/wp-content\/uploads\/sites\/9\/2015\/07\/Panorama2_800.jpg\" alt=\"\" class=\"wp-image-170\" srcset=\"https:\/\/eunis.org\/rectors2016\/wp-content\/uploads\/sites\/9\/2015\/07\/Panorama2_800.jpg 800w, https:\/\/eunis.org\/rectors2016\/wp-content\/uploads\/sites\/9\/2015\/07\/Panorama2_800-300x81.jpg 300w, https:\/\/eunis.org\/rectors2016\/wp-content\/uploads\/sites\/9\/2015\/07\/Panorama2_800-600x161.jpg 600w\" sizes=\"(max-width: 800px) 100vw, 800px\" \/><\/a><\/figure>\n\n\n\n<figure class=\"wp-block-image size-large\"><a href=\"https:\/\/eunis.org\/rectors2016\/wp-content\/uploads\/sites\/9\/2015\/07\/015_800.jpg\" target=\"_blank\" rel=\"noopener\"><img loading=\"lazy\" decoding=\"async\" width=\"800\" height=\"650\" data-id=\"195\" src=\"https:\/\/eunis.org\/rectors2016\/wp-content\/uploads\/sites\/9\/2015\/07\/015_800.jpg\" alt=\"\" class=\"wp-image-195\" srcset=\"https:\/\/eunis.org\/rectors2016\/wp-content\/uploads\/sites\/9\/2015\/07\/015_800.jpg 800w, https:\/\/eunis.org\/rectors2016\/wp-content\/uploads\/sites\/9\/2015\/07\/015_800-300x244.jpg 300w, https:\/\/eunis.org\/rectors2016\/wp-content\/uploads\/sites\/9\/2015\/07\/015_800-600x488.jpg 600w\" sizes=\"(max-width: 800px) 100vw, 800px\" \/><\/a><\/figure>\n<\/figure>\n\n\n\n<h3 class=\"wp-block-heading\" style=\"font-size:26px;font-style:normal;font-weight:700\">AGH UST Centre of Computer Science<\/h3>\n\n\n\n<figure class=\"wp-block-gallery aligncenter has-nested-images columns-default is-cropped wp-block-gallery-3 is-layout-flex wp-block-gallery-is-layout-flex\">\n<figure class=\"wp-block-image size-large\"><a href=\"https:\/\/eunis.org\/rectors2016\/wp-content\/uploads\/sites\/9\/2015\/07\/IMG_3174_800.jpg\" target=\"_blank\" rel=\"noopener\"><img loading=\"lazy\" decoding=\"async\" width=\"800\" height=\"600\" data-id=\"155\" src=\"https:\/\/eunis.org\/rectors2016\/wp-content\/uploads\/sites\/9\/2015\/07\/IMG_3174_800.jpg\" alt=\"\" class=\"wp-image-155\" srcset=\"https:\/\/eunis.org\/rectors2016\/wp-content\/uploads\/sites\/9\/2015\/07\/IMG_3174_800.jpg 800w, https:\/\/eunis.org\/rectors2016\/wp-content\/uploads\/sites\/9\/2015\/07\/IMG_3174_800-300x225.jpg 300w, https:\/\/eunis.org\/rectors2016\/wp-content\/uploads\/sites\/9\/2015\/07\/IMG_3174_800-600x450.jpg 600w\" sizes=\"(max-width: 800px) 100vw, 800px\" \/><\/a><\/figure>\n\n\n\n<figure class=\"wp-block-image size-large\"><a href=\"https:\/\/eunis.org\/rectors2016\/wp-content\/uploads\/sites\/9\/2015\/07\/DSC0199_1_1000.jpg\" target=\"_blank\" rel=\"noopener\"><img loading=\"lazy\" decoding=\"async\" width=\"1000\" height=\"416\" data-id=\"157\" src=\"https:\/\/eunis.org\/rectors2016\/wp-content\/uploads\/sites\/9\/2015\/07\/DSC0199_1_1000.jpg\" alt=\"\" class=\"wp-image-157\" srcset=\"https:\/\/eunis.org\/rectors2016\/wp-content\/uploads\/sites\/9\/2015\/07\/DSC0199_1_1000.jpg 1000w, https:\/\/eunis.org\/rectors2016\/wp-content\/uploads\/sites\/9\/2015\/07\/DSC0199_1_1000-300x125.jpg 300w, https:\/\/eunis.org\/rectors2016\/wp-content\/uploads\/sites\/9\/2015\/07\/DSC0199_1_1000-600x250.jpg 600w\" sizes=\"(max-width: 1000px) 100vw, 1000px\" \/><\/a><\/figure>\n<\/figure>\n","protected":false},"excerpt":{"rendered":"<p>Jagiellonian University\u00a0Collegium Novum ul. Go\u0142\u0119bia 24Krak\u00f3w AGH\u00a0University of Science and Technology al. Mickiewicza 30Krak\u00f3w AGH UST Centre of Computer Science<\/p>\n","protected":false},"author":233,"featured_media":0,"parent":0,"menu_order":0,"comment_status":"closed","ping_status":"closed","template":"","meta":{"footnotes":""},"class_list":["post-1363","page","type-page","status-publish","hentry"],"_links":{"self":[{"href":"https:\/\/eunis.org\/rectors2016\/wp-json\/wp\/v2\/pages\/1363","targetHints":{"allow":["GET"]}}],"collection":[{"href":"https:\/\/eunis.org\/rectors2016\/wp-json\/wp\/v2\/pages"}],"about":[{"href":"https:\/\/eunis.org\/rectors2016\/wp-json\/wp\/v2\/types\/page"}],"author":[{"embeddable":true,"href":"https:\/\/eunis.org\/rectors2016\/wp-json\/wp\/v2\/users\/233"}],"replies":[{"embeddable":true,"href":"https:\/\/eunis.org\/rectors2016\/wp-json\/wp\/v2\/comments?post=1363"}],"version-history":[{"count":2,"href":"https:\/\/eunis.org\/rectors2016\/wp-json\/wp\/v2\/pages\/1363\/revisions"}],"predecessor-version":[{"id":1366,"href":"https:\/\/eunis.org\/rectors2016\/wp-json\/wp\/v2\/pages\/1363\/revisions\/1366"}],"wp:attachment":[{"href":"https:\/\/eunis.org\/rectors2016\/wp-json\/wp\/v2\/media?parent=1363"}],"curies":[{"name":"wp","href":"https:\/\/api.w.org\/{rel}","templated":true}]}}