{"id":671,"date":"2016-01-21T10:08:24","date_gmt":"2016-01-21T10:08:24","guid":{"rendered":"http:\/\/eunis.org\/rectors2016\/?page_id=671"},"modified":"2016-04-11T11:01:11","modified_gmt":"2016-04-11T11:01:11","slug":"invited-speakers","status":"publish","type":"page","link":"https:\/\/eunis.org\/rectors2016\/invited-speakers\/","title":{"rendered":"Invited speakers"},"content":{"rendered":"<div style=\"text-align:left;margin: 0px 5%;font-size:14px\">\n<h1>Invited speakers<\/h1>\n<div style=\"height:20px\"><\/div>\n<h3 style=\"background:#eee;padding:10px 20px 10px 30px;margin-top: 0px;border-left:20px solid #2e74b5\">New students \u2013 old universities: <br \/><span style=\"color:#444;font-weight:normal;font-size:14px;width:50%\">Meeting the needs and satisfying the demands of \u201cdigital natives\u201d. Creating the digital campus to become leader in Education provision. Increasing cooperation between universities and high schools.<\/span><\/h3>\n<ul style=\"margin: 20px 10%\">\n<li style=\"line-height:20px;margin-top:25px;padding-left:2%\"><span style=\"font-size:18px\"><strong>Javier Uceda Antolin<\/strong><\/span><br \/>former Rector of the Universidad Polit\u00e9cnica de Madrid<br \/><strong><i>Digital Rethinking of University Education<\/i><\/strong><\/li>\n<li style=\"line-height:20px;margin-top:25px;padding-left:2%\"><span style=\"font-size:18px\"><strong>W\u0142odzis\u0142aw Duch<\/strong><\/span><br \/>Nicolaus Copernicus University, former Deputy Minister in Polish Ministry of Science and Higher Education<br \/><strong><i>What digital world is doing to our brains?<\/i><\/strong><\/li>\n<li style=\"line-height:20px;margin-top:25px;padding-left:2%\"><span style=\"font-size:18px\"><strong>James Glapa-Grossklag<\/strong><\/span><br \/>President of the Open Education Consortium<br \/><strong><i>Open Education: Expanding Access to Education and Supporting Instructional Innovation<\/i><\/strong><\/li>\n<li style=\"line-height:20px;margin-top:25px;padding-left:2%\"><span style=\"font-size:18px\"><strong>Krzysztof Zieli\u0144ski<\/strong><\/span><br \/>AGH University of Science and Technology<br \/><strong><i>Malopolska Cloud \u2013 a platform supporting cooperation between Universities and High Schools<\/i><\/strong><\/li>\n<\/ul>\n<h3 style=\"background:#eee;padding:10px 20px 10px 30px;margin-top: 50px;border-left:20px solid #2e74b5\">European university \u2013 world university: <br \/><span style=\"color:#444;font-weight:normal;font-size:14px\">Learning from \u201cbest practices\u201d in American, Asian, and Australian universities. Learning how to compete to win in the future. Identifying ways to cooperate more in the future. MOOCs in Europe \u2013 are MOOC\u2019s and open access the way to go?<\/span><\/h3>\n<ul style=\"margin: 20px 10%\">\n<li style=\"line-height:20px;margin-top:25px;padding-left:2%\"><span style=\"font-size:18px\"><strong>Denis Crowley<\/strong><\/span><br \/>Head of Unit, Analysis and studies, Directorate General for Education and Culture, European Commission<br \/><strong><i>Smart Universities \u2013 a perspective from the European Commission<\/i><\/strong><\/li>\n<li style=\"line-height:20px;margin-top:25px;padding-left:2%\"><span style=\"font-size:18px\"><strong>Dorothy Kelly<\/strong><\/span><br \/>Granada University, Coimbra Group universities<br \/><strong><i>Internationalization as a driver of innovation at universities<\/i><\/strong><\/li>\n<li style=\"line-height:20px;margin-top:25px;padding-left:2%\">\n\t\t\t<span style=\"font-size:18px\"><strong>Paul R\u00fchl<\/strong><\/span><br \/>\n\t\t\tManaging Director of the Bavarian Virtual University<br \/>\n\t\t\t<strong><i>Universities Cooperate Successfully in Online-Teaching. The Bavarian Virtual University Revisited<\/i><\/strong>\n\t\t<\/li>\n<li style=\"line-height:20px;margin-top:25px;padding-left:2%\"><span style=\"font-size:18px\"><strong>Simon \u00d8stergaard<\/strong><\/span><br \/>Danish Technological Institute<br \/><strong><i>Opening Up Education \u2013 turning visions into reality \u2013 findings from a European Survey<\/i><\/strong><\/li>\n<\/ul>\n<h3 style=\"background:#eee;padding:10px 20px 10px 30px;margin-top: 50px;border-left:20px solid #2e74b5\">Smart and data driven vs. traditional decision-making at the university: <br \/><span style=\"color:#444;font-weight:normal;font-size:14px\">Learning analytics and improving student retention. \u201cSpeeding up\u201d and improving quality of teaching. Sharpening the decision making process and improving the decision-making culture. Cooperation between universities and IT companies: external\/internal outsourcing, new business models (consortia, joint ventures, shared services), active risk management.<\/span><\/h3>\n<ul style=\"margin: 20px 10%\">\n<li style=\"line-height:20px;margin-top:25px;padding-left:2%\"><span style=\"font-size:18px\"><strong>Esa H\u00e4m\u00e4l\u00e4inen<\/strong><\/span><br \/>Director of Administration, University of Helsinki, Chairman of HUMANE<br \/><strong><i>Public University meeting the challenges of Institutional Autonomy and Financial Crises<\/i><\/strong><\/li>\n<li style=\"line-height:20px;margin-top:25px;padding-left:2%\"><span style=\"font-size:18px\"><strong>Jean-Charles Pomerol<\/strong><\/span><br \/>Universit\u00e9 Pierre et Marie Curie of Paris (UPMC)<br \/><strong><i>French Universities in the digital age: success and failures<\/i><\/strong><\/li>\n<\/ul>\n<h3 style=\"background:#eee;padding:10px 20px 10px 30px;margin-top: 50px;border-left:20px solid #2e74b5\">The \u201cresults driven\u201d university: <br \/><span style=\"color:#444;font-weight:normal;font-size:14px\">Shifting from the traditional knowledge seeking university towards a business oriented and result driven university. What does this mean for academics, staff and students? What is the likely impact of this shift on research and education quality? To what extent should the concept of \u201cresults driven\u201d be implemented?<\/span><\/h3>\n<ul style=\"margin: 20px 10%\">\n<li style=\"line-height:20px;margin-top:25px;padding-left:2%\"><span style=\"font-size:18px\"><strong>Sebasti\u00e3o Feyo de Azevedo<\/strong><\/span><br \/>Rector of the University of Porto<br \/><strong><i>Innovation in a Research-Driven University<\/i><\/strong><\/li>\n<li style=\"line-height:20px;margin-top:25px;padding-left:2%\"><span style=\"font-size:18px\"><strong>Diego Pav\u00eda<\/strong><\/span><br \/>CEO, KIC InnoEnergy<br \/><strong><i>KIC InnoEnergy \u2013 delivering a platform supporting university-business collaboration<\/i><\/strong><\/li>\n<li style=\"line-height:20px;margin-top:25px;padding-left:2%\"><span style=\"font-size:18px\"><strong>Jan Sadlak<\/strong><\/span><br \/>President of the IREG Observatory on Academic Ranking and Excellence<br \/><strong><i>University Rankings: Reflection or Inspiration of the University Driven University<\/i><\/strong><\/li>\n<\/ul>\n<\/div>\n","protected":false},"excerpt":{"rendered":"<p>Invited speakers New students \u2013 old universities: Meeting the needs and satisfying the demands of \u201cdigital natives\u201d. Creating the digital campus to become leader in Education provision. Increasing cooperation between universities and high schools. Javier Uceda Antolinformer Rector of the Universidad Polit\u00e9cnica de MadridDigital Rethinking of University Education W\u0142odzis\u0142aw DuchNicolaus Copernicus University, former Deputy Minister [&hellip;]<\/p>\n","protected":false},"author":98,"featured_media":0,"parent":0,"menu_order":0,"comment_status":"open","ping_status":"open","template":"","meta":{"footnotes":""},"class_list":["post-671","page","type-page","status-publish","hentry"],"_links":{"self":[{"href":"https:\/\/eunis.org\/rectors2016\/wp-json\/wp\/v2\/pages\/671","targetHints":{"allow":["GET"]}}],"collection":[{"href":"https:\/\/eunis.org\/rectors2016\/wp-json\/wp\/v2\/pages"}],"about":[{"href":"https:\/\/eunis.org\/rectors2016\/wp-json\/wp\/v2\/types\/page"}],"author":[{"embeddable":true,"href":"https:\/\/eunis.org\/rectors2016\/wp-json\/wp\/v2\/users\/98"}],"replies":[{"embeddable":true,"href":"https:\/\/eunis.org\/rectors2016\/wp-json\/wp\/v2\/comments?post=671"}],"version-history":[{"count":146,"href":"https:\/\/eunis.org\/rectors2016\/wp-json\/wp\/v2\/pages\/671\/revisions"}],"predecessor-version":[{"id":950,"href":"https:\/\/eunis.org\/rectors2016\/wp-json\/wp\/v2\/pages\/671\/revisions\/950"}],"wp:attachment":[{"href":"https:\/\/eunis.org\/rectors2016\/wp-json\/wp\/v2\/media?parent=671"}],"curies":[{"name":"wp","href":"https:\/\/api.w.org\/{rel}","templated":true}]}}